{"id":2916,"date":"2025-03-14T10:09:56","date_gmt":"2025-03-14T10:09:56","guid":{"rendered":"https:\/\/denborg.nl\/?page_id=2916"},"modified":"2025-05-21T14:14:56","modified_gmt":"2025-05-21T14:14:56","slug":"wandern","status":"publish","type":"page","link":"https:\/\/denborg.nl\/de\/wandern\/","title":{"rendered":"Wandern"},"content":{"rendered":"<style type=\"text\/css\">\n    .header-heights {\n        height: 65vh;\n    }\n    .header-heights.home {\n        height: 80vh;\n    }\n    @media (max-width: 767px) {\n        .header-heights {\n            height: 30vh;\n        }\n        .header-heights.home {\n            height: 50vh;\n        }\n    }\n<\/style><section class=\"header-img\">\n        <div class=\"img-inner header-heights\" style=\"background-image: url(https:\/\/denborg.nl\/wp-content\/uploads\/2023\/10\/eindfoto-1600x900.webp);\"><div class=\"header_txt\">\n                <h3>Wandern<\/h3>\n                <h2><\/h2><\/div><div class=\"container zb-container\"><\/div><\/div><\/section>\n\n\n<h1 class=\"wp-block-heading\">Wandern durch den Achterhoek<\/h1>\n\n\n<div style=\"margin-top: -30px\" class=\"tz-omenom-container image-left color-kleur3\"><div class=\"container\"><div class=\"col6 omenom-image\"><img loading=\"lazy\" decoding=\"async\" width=\"750\" height=\"422\" src=\"https:\/\/denborg.nl\/wp-content\/uploads\/2023\/10\/eindfoto-1-750x422.webp\" class=\"attachment-medium size-medium not-transparent\" alt=\"\" srcset=\"https:\/\/denborg.nl\/wp-content\/uploads\/2023\/10\/eindfoto-1-750x422.webp 750w, https:\/\/denborg.nl\/wp-content\/uploads\/2023\/10\/eindfoto-1-1600x900.webp 1600w, https:\/\/denborg.nl\/wp-content\/uploads\/2023\/10\/eindfoto-1-768x432.webp 768w, https:\/\/denborg.nl\/wp-content\/uploads\/2023\/10\/eindfoto-1-1536x864.webp 1536w, https:\/\/denborg.nl\/wp-content\/uploads\/2023\/10\/eindfoto-1-2048x1152.webp 2048w\" sizes=\"auto, (max-width: 750px) 100vw, 750px\" data-has-transparency=\"false\" data-dominant-color=\"8f9a9b\" style=\"--dominant-color: #8f9a9b;\" \/><\/div><div class=\"col4 omenom-content\"><h3>Haaksbergerveen<\/h3><div class=\"omenom-editor\"><p>Das Haaksbergerveen ist ein idealer Ort f\u00fcr Spazierg\u00e4nge.<br \/>\nFr\u00f6sche quaken in einem Teich. Singende V\u00f6gel in einem Schilfbett. \u00dcberall wachsen Sonnentau, Torfmoos und Wollgras. Libellen und M\u00fccken ziehen andere V\u00f6gel an. Das \u00fcber 600 Hektar gro\u00dfe Haaksbergerveen ist eines der sch\u00f6nsten Hochmoorgebiete der Niederlande. Hochmoor ist ein seltener Bodentyp, der in unserem Land nur an wenigen Stellen vorkommt. Dieses attraktive Gebiet liegt auf der S\u00fcdseite von Haaksbergen an der deutschen Grenze, nur wenige Kilometer vom Campingplatz entfernt. Staatsbosbeheer hat in diesem Gebiet drei markierte Routen angelegt. Die rote Route ist 2 km lang, die gelbe Route 4 km und die blaue Route 3,5 km. Die drei Routen lassen sich gut zu einem flotten Spaziergang von etwa 8 km kombinieren.Die Routen sind im Gel\u00e4nde sehr gut markiert. \u00dcber dem feuchten Torf wurde ein 500 Meter langer \u201eBohlenweg\u201c angelegt. Au\u00dferdem gibt es einen Vogelbeobachtungsschirm, der \u00fcber einen speziellen Weg auch f\u00fcr Behinderte leicht zug\u00e4nglich ist, und zwei Aussichtsposten mit Informationen \u00fcber das Gebiet.Ein herzlicher Rat: Bleiben Sie auf der Route. Torf ist t\u00fcckisch. Es besteht auch die M\u00f6glichkeit, eine gef\u00fchrte Wanderung anzufragen. Dies kann durch Kontaktaufnahme mit dem Administrator R. Dear unter der Telefonnummer erfolgen: <a href=\"tel:0535724203\">053-5724203<\/a>.<\/p>\n<\/div><\/div><\/div><\/div>\n\n<div style=\"margin-top: -30px\" class=\"tz-omenom-container image-right color-kleur2\"><div class=\"container\"><div class=\"col6 omenom-image\"><img loading=\"lazy\" decoding=\"async\" width=\"340\" height=\"227\" src=\"https:\/\/denborg.nl\/wp-content\/uploads\/2025\/03\/201009272242042.avif\" class=\"attachment-medium size-medium not-transparent\" alt=\"\" data-has-transparency=\"false\" data-dominant-color=\"d09486\" style=\"--dominant-color: #d09486;\" \/><\/div><div class=\"col4 omenom-content\"><h3>Schmuggelroute Rekken<\/h3><div class=\"omenom-editor\"><p>GPS-Wanderroute f\u00fcr Jugendliche, Streckenl\u00e4nge: 9 km.<br \/>\nDie Gehzeit f\u00fcr die Strecke betr\u00e4gt 3,5 bis 4 Stunden. Die Wanderung wird in Gruppen von ca. 5 bis 6 Personen durchgef\u00fchrt.An jede Gruppe wird ein GPS verteilt. Alle Teilnehmer erhalten einen Schmuggelpass, einen Schmuggelauftrag und Karten mit Schmuggelprodukten. Der Pass enth\u00e4lt Informationen zur zur\u00fcckzulegenden Route sowie echte Schmuggelgeschichten! Unterwegs musst du versuchen, durch Auftr\u00e4ge Karten mit deinem Schmuggelprodukt zu sammeln. Das GPS zeigt die Route an und sagt Ihnen, wo Sie nach versteckten Truhen mit neuen Karten suchen m\u00fcssen. Diese Tour kann in kleinen oder gro\u00dfen Gruppen durchgef\u00fchrt werden. Das GPS ist bei Rotering in Rekken erh\u00e4ltlich (Tel. <a href=\"tel:0545431250\">0545-431250<\/a>). Hierf\u00fcr ist eine Kaution zu hinterlegen.<\/p>\n<\/div><\/div><\/div><\/div>\n\n<div style=\"margin-top: -30px\" class=\"tz-omenom-container image-left color-kleur3\"><div class=\"container\"><div class=\"col6 omenom-image\"><img loading=\"lazy\" decoding=\"async\" width=\"418\" height=\"311\" src=\"https:\/\/denborg.nl\/wp-content\/uploads\/2025\/03\/201009301353233.avif\" class=\"attachment-medium size-medium not-transparent\" alt=\"\" data-has-transparency=\"false\" data-dominant-color=\"817d55\" style=\"--dominant-color: #817d55;\" \/><\/div><div class=\"col4 omenom-content\"><h3>Flamingo-Route<\/h3><div class=\"omenom-editor\"><p>Die n\u00f6rdlichste Flamingo-Brutkolonie Europas, beschauliche D\u00f6rfer und lebendige St\u00e4dte, Naturschutzgebiete von europ\u00e4ischem Reiz mit ausgedehnten Moor-, Heide- und Feuchtwiesen \u2013 entdecken Sie Natur und Kultur der niederl\u00e4ndisch-deutschen Grenzregion zwischen Enschede (NL) und Vreden (D). Ein \u00fcber 30 Kilometer langes Wanderwegenetz mit Aussichtst\u00fcrmen f\u00fchrt Sie durch eine faszinierende Landschaft. \u00dcber 100 Informationstafeln entlang der Route und in Informationspavillons weisen auf alle Besonderheiten aus den Bereichen Natur, Geologie, Kultur und Geschichte hin. Sieben markierte Rundwanderwege f\u00fchren Sie zu Fu\u00df auf kleinen Pfaden, fernab von Verkehrswegen, durch faszinierende Moor- und Heidelandschaften mit seltenen Pflanzen und Tieren und zu historisch interessanten Orten. Die Routen haben L\u00e4ngen zwischen 1,5 und 8 km und liegen alle direkt am Radwegenetz der Flamingo-Route. F\u00fcr alle Wanderungen wird festes Schuhwerk empfohlen. Weitere Informationen: <a href=\"http:\/\/www.bszwillbrock.de\/tourismus\/flamingoroute\/\" target=\"_blank\" rel=\"noopener\">www.bszwillbrock.de\/tourismus\/flamingoroute<\/a><\/p>\n<\/div><\/div><\/div><\/div>\n\n<div style=\"margin-top: -30px\" class=\"tz-omenom-container image-right color-kleur2\"><div class=\"container\"><div class=\"col6 omenom-image\"><img loading=\"lazy\" decoding=\"async\" width=\"667\" height=\"445\" src=\"https:\/\/denborg.nl\/wp-content\/uploads\/2025\/03\/201009181712451.avif\" class=\"attachment-medium size-medium not-transparent\" alt=\"\" data-has-transparency=\"false\" data-dominant-color=\"838d59\" style=\"--dominant-color: #838d59;\" \/><\/div><div class=\"col4 omenom-content\"><h3>Eibergen <\/h3><div class=\"omenom-editor\"><p><strong><em>Rund um Eibergen mit Wim Bennink <\/em><\/strong><\/p>\n<p>Von Eibergen aus hat Wim Bennink vier Wanderrouten von 5 bis 6 km angelegt, die teilweise durch das Dorf f\u00fchren, die l\u00e4ngeren Varianten auch durch die Landschaft.Weil die Gegend um Eibergen so faszinierend sch\u00f6n ist, beschloss er, die Routen auf 10 bis 12 km zu erweitern. Auch die Verkn\u00fcpfung mehrerer kleiner und\/oder gr\u00f6\u00dferer Routen ist m\u00f6glich. Mehr Infos: <a href=\"http:\/\/www.bennink.nl\/wandelroutes.asp\" target=\"_blank\" rel=\"noopener\">www.bennink.nl\/wandelroutes<\/a>.<\/p>\n<p><em><strong>Zehn Wanderrouten rund um Eibergen<\/strong><\/em><br \/>\nDie 10 Wanderrouten sind in einem praktischen Booklet mit vielen Fotos und interessanten Fakten geb\u00fcndelt. Die Routen f\u00fchren Sie zu den sch\u00f6nsten Orten rund um Eibergen. Erh\u00e4ltlich bei der <a href=\"http:\/\/www.vvveibergen.nl\/\" target=\"_blank\" rel=\"noopener\">VVV Eibergen<\/a>.<\/p>\n<p><em><strong>Skulpturenroute Eibergen<\/strong><\/em><br \/>\nBeschriebener Rundweg von 7 km. Eine besondere Wanderroute entlang der Statuen in Eibergen. Alle verf\u00fcgbaren Bilder sind in einem Fotoheft mit klaren Beschreibungen zusammengefasst. Erh\u00e4ltlich bei der <a href=\"http:\/\/www.vvveibergen.nl\/\" target=\"_blank\" rel=\"noopener\">VVV Eibergen<\/a>.<\/p>\n<p>Wenn Sie keine Lust haben zu laufen, gibt es immer ein passendes Transportmittel f\u00fcr eine Tour mit dem &#8222;Den Borg Express&#8220;.<\/p>\n<\/div><\/div><\/div><\/div>","protected":false},"excerpt":{"rendered":"<p>Wandern durch den Achterhoek<\/p>\n","protected":false},"author":1,"featured_media":2846,"parent":0,"menu_order":0,"comment_status":"closed","ping_status":"closed","template":"","meta":{"_acf_changed":false,"footnotes":""},"class_list":["post-2916","page","type-page","status-publish","has-post-thumbnail","hentry"],"acf":[],"yoast_head":"<!-- This site is optimized with the Yoast SEO plugin v25.7 - https:\/\/yoast.com\/wordpress\/plugins\/seo\/ -->\n<title>Wandern | Den Borg Recreatie<\/title>\n<meta name=\"description\" content=\"Genie\u00dfen Sie Ihren Urlaub und erkunden Sie die Achterhoek von unserem Campingplatz aus. Entdecken Sie abwechslungsreiche Wanderwege durch Natur und D\u00f6rfer!\" \/>\n<meta name=\"robots\" content=\"index, follow, max-snippet:-1, max-image-preview:large, max-video-preview:-1\" \/>\n<link rel=\"canonical\" href=\"https:\/\/denborg.nl\/de\/wandern\/\" \/>\n<meta property=\"og:locale\" content=\"de_DE\" \/>\n<meta property=\"og:type\" content=\"article\" \/>\n<meta property=\"og:title\" content=\"Wandern | Den Borg Recreatie\" \/>\n<meta property=\"og:description\" content=\"Genie\u00dfen Sie Ihren Urlaub und erkunden Sie die Achterhoek von unserem Campingplatz aus. Entdecken Sie abwechslungsreiche Wanderwege durch Natur und D\u00f6rfer!\" \/>\n<meta property=\"og:url\" content=\"https:\/\/denborg.nl\/de\/wandern\/\" \/>\n<meta property=\"og:site_name\" content=\"Den Borg Recreatie\" \/>\n<meta property=\"article:modified_time\" content=\"2025-05-21T14:14:56+00:00\" \/>\n<meta property=\"og:image\" content=\"https:\/\/denborg.nl\/wp-content\/uploads\/2025\/03\/201010051520261.avif\" \/>\n\t<meta property=\"og:image:width\" content=\"667\" \/>\n\t<meta property=\"og:image:height\" content=\"500\" \/>\n\t<meta property=\"og:image:type\" content=\"image\/jpeg\" \/>\n<meta name=\"twitter:card\" content=\"summary_large_image\" \/>\n<meta name=\"twitter:label1\" content=\"Gesch\u00e4tzte Lesezeit\" \/>\n\t<meta name=\"twitter:data1\" content=\"1\u00a0Minute\" \/>\n<script type=\"application\/ld+json\" class=\"yoast-schema-graph\">{\"@context\":\"https:\/\/schema.org\",\"@graph\":[{\"@type\":\"WebPage\",\"@id\":\"https:\/\/denborg.nl\/de\/wandern\/\",\"url\":\"https:\/\/denborg.nl\/de\/wandern\/\",\"name\":\"Wandern | Den Borg Recreatie\",\"isPartOf\":{\"@id\":\"https:\/\/denborg.nl\/#website\"},\"primaryImageOfPage\":{\"@id\":\"https:\/\/denborg.nl\/de\/wandern\/#primaryimage\"},\"image\":{\"@id\":\"https:\/\/denborg.nl\/de\/wandern\/#primaryimage\"},\"thumbnailUrl\":\"https:\/\/denborg.nl\/wp-content\/uploads\/2025\/03\/201010051520261.avif\",\"datePublished\":\"2025-03-14T10:09:56+00:00\",\"dateModified\":\"2025-05-21T14:14:56+00:00\",\"description\":\"Genie\u00dfen Sie Ihren Urlaub und erkunden Sie die Achterhoek von unserem Campingplatz aus. Entdecken Sie abwechslungsreiche Wanderwege durch Natur und D\u00f6rfer!\",\"breadcrumb\":{\"@id\":\"https:\/\/denborg.nl\/de\/wandern\/#breadcrumb\"},\"inLanguage\":\"de\",\"potentialAction\":[{\"@type\":\"ReadAction\",\"target\":[\"https:\/\/denborg.nl\/de\/wandern\/\"]}]},{\"@type\":\"ImageObject\",\"inLanguage\":\"de\",\"@id\":\"https:\/\/denborg.nl\/de\/wandern\/#primaryimage\",\"url\":\"https:\/\/denborg.nl\/wp-content\/uploads\/2025\/03\/201010051520261.avif\",\"contentUrl\":\"https:\/\/denborg.nl\/wp-content\/uploads\/2025\/03\/201010051520261.avif\",\"width\":667,\"height\":500},{\"@type\":\"BreadcrumbList\",\"@id\":\"https:\/\/denborg.nl\/de\/wandern\/#breadcrumb\",\"itemListElement\":[{\"@type\":\"ListItem\",\"position\":1,\"name\":\"Home\",\"item\":\"https:\/\/denborg.nl\/de\/\"},{\"@type\":\"ListItem\",\"position\":2,\"name\":\"Wandern\"}]},{\"@type\":\"WebSite\",\"@id\":\"https:\/\/denborg.nl\/#website\",\"url\":\"https:\/\/denborg.nl\/\",\"name\":\"Den Borg Recreatie\",\"description\":\"\",\"publisher\":{\"@id\":\"https:\/\/denborg.nl\/#organization\"},\"alternateName\":\"Den Borg Recreatie\",\"potentialAction\":[{\"@type\":\"SearchAction\",\"target\":{\"@type\":\"EntryPoint\",\"urlTemplate\":\"https:\/\/denborg.nl\/?s={search_term_string}\"},\"query-input\":{\"@type\":\"PropertyValueSpecification\",\"valueRequired\":true,\"valueName\":\"search_term_string\"}}],\"inLanguage\":\"de\"},{\"@type\":\"Organization\",\"@id\":\"https:\/\/denborg.nl\/#organization\",\"name\":\"Den Borg Recreatie\",\"alternateName\":\"Den Borg Recreatie\",\"url\":\"https:\/\/denborg.nl\/\",\"logo\":{\"@type\":\"ImageObject\",\"inLanguage\":\"de\",\"@id\":\"https:\/\/denborg.nl\/#\/schema\/logo\/image\/\",\"url\":\"https:\/\/denborg.nl\/wp-content\/uploads\/2024\/11\/logo-png.webp\",\"contentUrl\":\"https:\/\/denborg.nl\/wp-content\/uploads\/2024\/11\/logo-png.webp\",\"width\":143,\"height\":181,\"caption\":\"Den Borg Recreatie\"},\"image\":{\"@id\":\"https:\/\/denborg.nl\/#\/schema\/logo\/image\/\"}}]}<\/script>\n<!-- \/ Yoast SEO plugin. -->","yoast_head_json":{"title":"Wandern | Den Borg Recreatie","description":"Genie\u00dfen Sie Ihren Urlaub und erkunden Sie die Achterhoek von unserem Campingplatz aus. Entdecken Sie abwechslungsreiche Wanderwege durch Natur und D\u00f6rfer!","robots":{"index":"index","follow":"follow","max-snippet":"max-snippet:-1","max-image-preview":"max-image-preview:large","max-video-preview":"max-video-preview:-1"},"canonical":"https:\/\/denborg.nl\/de\/wandern\/","og_locale":"de_DE","og_type":"article","og_title":"Wandern | Den Borg Recreatie","og_description":"Genie\u00dfen Sie Ihren Urlaub und erkunden Sie die Achterhoek von unserem Campingplatz aus. Entdecken Sie abwechslungsreiche Wanderwege durch Natur und D\u00f6rfer!","og_url":"https:\/\/denborg.nl\/de\/wandern\/","og_site_name":"Den Borg Recreatie","article_modified_time":"2025-05-21T14:14:56+00:00","og_image":[{"width":667,"height":500,"url":"https:\/\/denborg.nl\/wp-content\/uploads\/2025\/03\/201010051520261.avif","type":"image\/jpeg"}],"twitter_card":"summary_large_image","twitter_misc":{"Gesch\u00e4tzte Lesezeit":"1\u00a0Minute"},"schema":{"@context":"https:\/\/schema.org","@graph":[{"@type":"WebPage","@id":"https:\/\/denborg.nl\/de\/wandern\/","url":"https:\/\/denborg.nl\/de\/wandern\/","name":"Wandern | Den Borg Recreatie","isPartOf":{"@id":"https:\/\/denborg.nl\/#website"},"primaryImageOfPage":{"@id":"https:\/\/denborg.nl\/de\/wandern\/#primaryimage"},"image":{"@id":"https:\/\/denborg.nl\/de\/wandern\/#primaryimage"},"thumbnailUrl":"https:\/\/denborg.nl\/wp-content\/uploads\/2025\/03\/201010051520261.avif","datePublished":"2025-03-14T10:09:56+00:00","dateModified":"2025-05-21T14:14:56+00:00","description":"Genie\u00dfen Sie Ihren Urlaub und erkunden Sie die Achterhoek von unserem Campingplatz aus. Entdecken Sie abwechslungsreiche Wanderwege durch Natur und D\u00f6rfer!","breadcrumb":{"@id":"https:\/\/denborg.nl\/de\/wandern\/#breadcrumb"},"inLanguage":"de","potentialAction":[{"@type":"ReadAction","target":["https:\/\/denborg.nl\/de\/wandern\/"]}]},{"@type":"ImageObject","inLanguage":"de","@id":"https:\/\/denborg.nl\/de\/wandern\/#primaryimage","url":"https:\/\/denborg.nl\/wp-content\/uploads\/2025\/03\/201010051520261.avif","contentUrl":"https:\/\/denborg.nl\/wp-content\/uploads\/2025\/03\/201010051520261.avif","width":667,"height":500},{"@type":"BreadcrumbList","@id":"https:\/\/denborg.nl\/de\/wandern\/#breadcrumb","itemListElement":[{"@type":"ListItem","position":1,"name":"Home","item":"https:\/\/denborg.nl\/de\/"},{"@type":"ListItem","position":2,"name":"Wandern"}]},{"@type":"WebSite","@id":"https:\/\/denborg.nl\/#website","url":"https:\/\/denborg.nl\/","name":"Den Borg Recreatie","description":"","publisher":{"@id":"https:\/\/denborg.nl\/#organization"},"alternateName":"Den Borg Recreatie","potentialAction":[{"@type":"SearchAction","target":{"@type":"EntryPoint","urlTemplate":"https:\/\/denborg.nl\/?s={search_term_string}"},"query-input":{"@type":"PropertyValueSpecification","valueRequired":true,"valueName":"search_term_string"}}],"inLanguage":"de"},{"@type":"Organization","@id":"https:\/\/denborg.nl\/#organization","name":"Den Borg Recreatie","alternateName":"Den Borg Recreatie","url":"https:\/\/denborg.nl\/","logo":{"@type":"ImageObject","inLanguage":"de","@id":"https:\/\/denborg.nl\/#\/schema\/logo\/image\/","url":"https:\/\/denborg.nl\/wp-content\/uploads\/2024\/11\/logo-png.webp","contentUrl":"https:\/\/denborg.nl\/wp-content\/uploads\/2024\/11\/logo-png.webp","width":143,"height":181,"caption":"Den Borg Recreatie"},"image":{"@id":"https:\/\/denborg.nl\/#\/schema\/logo\/image\/"}}]}},"_links":{"self":[{"href":"https:\/\/denborg.nl\/de\/wp-json\/wp\/v2\/pages\/2916","targetHints":{"allow":["GET"]}}],"collection":[{"href":"https:\/\/denborg.nl\/de\/wp-json\/wp\/v2\/pages"}],"about":[{"href":"https:\/\/denborg.nl\/de\/wp-json\/wp\/v2\/types\/page"}],"author":[{"embeddable":true,"href":"https:\/\/denborg.nl\/de\/wp-json\/wp\/v2\/users\/1"}],"replies":[{"embeddable":true,"href":"https:\/\/denborg.nl\/de\/wp-json\/wp\/v2\/comments?post=2916"}],"version-history":[{"count":1,"href":"https:\/\/denborg.nl\/de\/wp-json\/wp\/v2\/pages\/2916\/revisions"}],"predecessor-version":[{"id":2917,"href":"https:\/\/denborg.nl\/de\/wp-json\/wp\/v2\/pages\/2916\/revisions\/2917"}],"wp:featuredmedia":[{"embeddable":true,"href":"https:\/\/denborg.nl\/de\/wp-json\/wp\/v2\/media\/2846"}],"wp:attachment":[{"href":"https:\/\/denborg.nl\/de\/wp-json\/wp\/v2\/media?parent=2916"}],"curies":[{"name":"wp","href":"https:\/\/api.w.org\/{rel}","templated":true}]}}