{"id":2914,"date":"2025-03-14T11:46:59","date_gmt":"2025-03-14T11:46:59","guid":{"rendered":"https:\/\/denborg.nl\/?page_id=2914"},"modified":"2025-05-21T14:07:59","modified_gmt":"2025-05-21T14:07:59","slug":"geschaeftsbedingungen","status":"publish","type":"page","link":"https:\/\/denborg.nl\/de\/geschaeftsbedingungen\/","title":{"rendered":"Gesch\u00e4ftsbedingungen"},"content":{"rendered":"<style type=\"text\/css\">\n    .header-heights {\n        height: 65vh;\n    }\n    .header-heights.home {\n        height: 80vh;\n    }\n    @media (max-width: 767px) {\n        .header-heights {\n            height: 30vh;\n        }\n        .header-heights.home {\n            height: 50vh;\n        }\n    }\n<\/style><section class=\"header-img\">\n        <div class=\"img-inner header-heights\" style=\"background-image: url(https:\/\/denborg.nl\/wp-content\/uploads\/2025\/07\/DenBorg_20-1600x1065.webp);\"><div class=\"container zb-container\"><\/div><\/div><\/section>\n\n\n<h1 class=\"wp-block-heading\">Recron: Mehr Schutz als das Gesetz<\/h1>\n\n\n\n<p>Recron ist eine Organisation, der niederl\u00e4ndische Campingpl\u00e4tze beitreten k\u00f6nnen. F\u00fcr alle mit Recron verbundenen Campingpl\u00e4tze gelten die Bedingungen von Recron. Diese Bedingungen gelten auch f\u00fcr vom ANWB anerkannte Campingpl\u00e4tze. Campingpl\u00e4tze, die an Recron angeschlossen und\/oder vom ANWB anerkannt sind, m\u00fcssen die Recron-Bedingungen f\u00fcr Camper verf\u00fcgbar haben.<\/p>\n\n\n\n<p>Der ANWB und der Verbraucherverband vertreten die Interessen der Camper in diesen Verhandlungen bestm\u00f6glich.<\/p>\n\n\n\n<p>Recron ist der Vertreter der Campingpl\u00e4tze. Die Recron-Bedingungen, die je nach Stellplatztyp (Jahres-, Saison- oder Touristenstellplatz) unterschiedlich sind, bieten dem Verbraucher mehr Schutz als das Gesetz. Sie enthalten Schutzbestimmungen f\u00fcr K\u00fcndigungen und Preiserh\u00f6hungen.<\/p>\n\n\n\n<h2 class=\"wp-block-heading\">Die RECRON-Bedingungen k\u00f6nnen Sie hier herunterladen:<\/h2>\n\n\n\n<ul class=\"wp-block-list\">\n<li><a href=\"https:\/\/denborg.nl\/wp-content\/uploads\/2025\/03\/938-RECRON-Voorwaarden-Toeristisch-Verblijf-blauw-Nederlands.pdf\" target=\"_blank\" rel=\"noreferrer noopener\">Touristenorte<\/a><\/li>\n\n\n\n<li><a href=\"https:\/\/denborg.nl\/wp-content\/uploads\/2025\/03\/928-RECRON-Voorwaarden-Seizoensplaatsen-geel-Nederlands.pdf\" target=\"_blank\" rel=\"noreferrer noopener\">Saisonpl\u00e4tze<\/a><\/li>\n\n\n\n<li><a href=\"https:\/\/denborg.nl\/wp-content\/uploads\/2025\/03\/918-VW-Rood-Ned-2016_A4-1-3a.pdf\" target=\"_blank\" rel=\"noreferrer noopener\">Jahrespl\u00e4tze<\/a><\/li>\n<\/ul>\n\n\n\n<h3 class=\"wp-block-heading\">Zahlungsbedingungen<\/h3>\n\n\n\n<p>Der gesamte Betrag muss bis sp\u00e4testens 1. Juni bezahlt sein.<br>Bei Zahlungsverzug fallen 2 % Zinsen pro Woche auf den ausstehenden Betrag an.<\/p>\n\n\n\n<figure class=\"wp-block-table\"><table class=\"has-fixed-layout\"><tbody><tr><td>&nbsp;Rabobank Eibergen<\/td><td>NL06 RABO 0316 4180 21<\/td><\/tr><tr><td>&nbsp;ING bank<\/td><td>NL78 INGB 0006 7881 31&nbsp;<\/td><\/tr><tr><td>&nbsp;Volksbank Vreden<\/td><td>DE83 4016 4024 0035 8002 00&nbsp;<\/td><\/tr><\/tbody><\/table><\/figure>\n\n\n<style type='text\/css'>\n        #tz-spacer-69e07e3ec0303 {\n            \n        }\n    <\/style><div id='tz-spacer-69e07e3ec0303' class='tz-spacer'><\/div>","protected":false},"excerpt":{"rendered":"<p>Recron: Mehr Schutz als das Gesetz Recron ist eine Organisation, der niederl\u00e4ndische Campingpl\u00e4tze beitreten k\u00f6nnen. F\u00fcr alle mit Recron verbundenen Campingpl\u00e4tze gelten die Bedingungen von Recron. Diese Bedingungen gelten auch f\u00fcr vom ANWB anerkannte Campingpl\u00e4tze. Campingpl\u00e4tze, die an Recron angeschlossen und\/oder vom ANWB anerkannt sind, m\u00fcssen die Recron-Bedingungen f\u00fcr Camper verf\u00fcgbar haben. Der ANWB und [&hellip;]<\/p>\n","protected":false},"author":1,"featured_media":2856,"parent":0,"menu_order":0,"comment_status":"closed","ping_status":"closed","template":"","meta":{"_acf_changed":false,"footnotes":""},"class_list":["post-2914","page","type-page","status-publish","has-post-thumbnail","hentry"],"acf":[],"yoast_head":"<!-- This site is optimized with the Yoast SEO plugin v25.7 - https:\/\/yoast.com\/wordpress\/plugins\/seo\/ -->\n<title>Gesch\u00e4ftsbedingungen | Den Borg Recreatie<\/title>\n<meta name=\"description\" content=\"Genie\u00dfen Sie einen erholsamen Campingurlaub auf unserem gro\u00dfz\u00fcgigen, gr\u00fcnen Campingplatz. W\u00e4hlen Sie zwischen Touristenfeldern, Saisonpl\u00e4tzen oder Waldpl\u00e4tzen.\" \/>\n<meta name=\"robots\" content=\"index, follow, max-snippet:-1, max-image-preview:large, max-video-preview:-1\" \/>\n<link rel=\"canonical\" href=\"https:\/\/denborg.nl\/de\/geschaeftsbedingungen\/\" \/>\n<meta property=\"og:locale\" content=\"de_DE\" \/>\n<meta property=\"og:type\" content=\"article\" \/>\n<meta property=\"og:title\" content=\"Gesch\u00e4ftsbedingungen | Den Borg Recreatie\" \/>\n<meta property=\"og:description\" content=\"Genie\u00dfen Sie einen erholsamen Campingurlaub auf unserem gro\u00dfz\u00fcgigen, gr\u00fcnen Campingplatz. W\u00e4hlen Sie zwischen Touristenfeldern, Saisonpl\u00e4tzen oder Waldpl\u00e4tzen.\" \/>\n<meta property=\"og:url\" content=\"https:\/\/denborg.nl\/de\/geschaeftsbedingungen\/\" \/>\n<meta property=\"og:site_name\" content=\"Den Borg Recreatie\" \/>\n<meta property=\"article:modified_time\" content=\"2025-05-21T14:07:59+00:00\" \/>\n<meta property=\"og:image\" content=\"https:\/\/denborg.nl\/wp-content\/uploads\/2025\/03\/IMG_62921-scaled.avif\" \/>\n\t<meta property=\"og:image:width\" content=\"2560\" \/>\n\t<meta property=\"og:image:height\" content=\"1707\" \/>\n\t<meta property=\"og:image:type\" content=\"image\/jpeg\" \/>\n<meta name=\"twitter:card\" content=\"summary_large_image\" \/>\n<meta name=\"twitter:label1\" content=\"Gesch\u00e4tzte Lesezeit\" \/>\n\t<meta name=\"twitter:data1\" content=\"1\u00a0Minute\" \/>\n<script type=\"application\/ld+json\" class=\"yoast-schema-graph\">{\"@context\":\"https:\/\/schema.org\",\"@graph\":[{\"@type\":\"WebPage\",\"@id\":\"https:\/\/denborg.nl\/de\/geschaeftsbedingungen\/\",\"url\":\"https:\/\/denborg.nl\/de\/geschaeftsbedingungen\/\",\"name\":\"Gesch\u00e4ftsbedingungen | Den Borg Recreatie\",\"isPartOf\":{\"@id\":\"https:\/\/denborg.nl\/#website\"},\"primaryImageOfPage\":{\"@id\":\"https:\/\/denborg.nl\/de\/geschaeftsbedingungen\/#primaryimage\"},\"image\":{\"@id\":\"https:\/\/denborg.nl\/de\/geschaeftsbedingungen\/#primaryimage\"},\"thumbnailUrl\":\"https:\/\/denborg.nl\/wp-content\/uploads\/2025\/03\/IMG_62921-scaled.avif\",\"datePublished\":\"2025-03-14T11:46:59+00:00\",\"dateModified\":\"2025-05-21T14:07:59+00:00\",\"description\":\"Genie\u00dfen Sie einen erholsamen Campingurlaub auf unserem gro\u00dfz\u00fcgigen, gr\u00fcnen Campingplatz. W\u00e4hlen Sie zwischen Touristenfeldern, Saisonpl\u00e4tzen oder Waldpl\u00e4tzen.\",\"breadcrumb\":{\"@id\":\"https:\/\/denborg.nl\/de\/geschaeftsbedingungen\/#breadcrumb\"},\"inLanguage\":\"de\",\"potentialAction\":[{\"@type\":\"ReadAction\",\"target\":[\"https:\/\/denborg.nl\/de\/geschaeftsbedingungen\/\"]}]},{\"@type\":\"ImageObject\",\"inLanguage\":\"de\",\"@id\":\"https:\/\/denborg.nl\/de\/geschaeftsbedingungen\/#primaryimage\",\"url\":\"https:\/\/denborg.nl\/wp-content\/uploads\/2025\/03\/IMG_62921-scaled.avif\",\"contentUrl\":\"https:\/\/denborg.nl\/wp-content\/uploads\/2025\/03\/IMG_62921-scaled.avif\",\"width\":2560,\"height\":1707},{\"@type\":\"BreadcrumbList\",\"@id\":\"https:\/\/denborg.nl\/de\/geschaeftsbedingungen\/#breadcrumb\",\"itemListElement\":[{\"@type\":\"ListItem\",\"position\":1,\"name\":\"Home\",\"item\":\"https:\/\/denborg.nl\/de\/\"},{\"@type\":\"ListItem\",\"position\":2,\"name\":\"Gesch\u00e4ftsbedingungen\"}]},{\"@type\":\"WebSite\",\"@id\":\"https:\/\/denborg.nl\/#website\",\"url\":\"https:\/\/denborg.nl\/\",\"name\":\"Den Borg Recreatie\",\"description\":\"\",\"publisher\":{\"@id\":\"https:\/\/denborg.nl\/#organization\"},\"alternateName\":\"Den Borg Recreatie\",\"potentialAction\":[{\"@type\":\"SearchAction\",\"target\":{\"@type\":\"EntryPoint\",\"urlTemplate\":\"https:\/\/denborg.nl\/?s={search_term_string}\"},\"query-input\":{\"@type\":\"PropertyValueSpecification\",\"valueRequired\":true,\"valueName\":\"search_term_string\"}}],\"inLanguage\":\"de\"},{\"@type\":\"Organization\",\"@id\":\"https:\/\/denborg.nl\/#organization\",\"name\":\"Den Borg Recreatie\",\"alternateName\":\"Den Borg Recreatie\",\"url\":\"https:\/\/denborg.nl\/\",\"logo\":{\"@type\":\"ImageObject\",\"inLanguage\":\"de\",\"@id\":\"https:\/\/denborg.nl\/#\/schema\/logo\/image\/\",\"url\":\"https:\/\/denborg.nl\/wp-content\/uploads\/2024\/11\/logo-png.webp\",\"contentUrl\":\"https:\/\/denborg.nl\/wp-content\/uploads\/2024\/11\/logo-png.webp\",\"width\":143,\"height\":181,\"caption\":\"Den Borg Recreatie\"},\"image\":{\"@id\":\"https:\/\/denborg.nl\/#\/schema\/logo\/image\/\"}}]}<\/script>\n<!-- \/ Yoast SEO plugin. -->","yoast_head_json":{"title":"Gesch\u00e4ftsbedingungen | Den Borg Recreatie","description":"Genie\u00dfen Sie einen erholsamen Campingurlaub auf unserem gro\u00dfz\u00fcgigen, gr\u00fcnen Campingplatz. W\u00e4hlen Sie zwischen Touristenfeldern, Saisonpl\u00e4tzen oder Waldpl\u00e4tzen.","robots":{"index":"index","follow":"follow","max-snippet":"max-snippet:-1","max-image-preview":"max-image-preview:large","max-video-preview":"max-video-preview:-1"},"canonical":"https:\/\/denborg.nl\/de\/geschaeftsbedingungen\/","og_locale":"de_DE","og_type":"article","og_title":"Gesch\u00e4ftsbedingungen | Den Borg Recreatie","og_description":"Genie\u00dfen Sie einen erholsamen Campingurlaub auf unserem gro\u00dfz\u00fcgigen, gr\u00fcnen Campingplatz. W\u00e4hlen Sie zwischen Touristenfeldern, Saisonpl\u00e4tzen oder Waldpl\u00e4tzen.","og_url":"https:\/\/denborg.nl\/de\/geschaeftsbedingungen\/","og_site_name":"Den Borg Recreatie","article_modified_time":"2025-05-21T14:07:59+00:00","og_image":[{"width":2560,"height":1707,"url":"https:\/\/denborg.nl\/wp-content\/uploads\/2025\/03\/IMG_62921-scaled.avif","type":"image\/jpeg"}],"twitter_card":"summary_large_image","twitter_misc":{"Gesch\u00e4tzte Lesezeit":"1\u00a0Minute"},"schema":{"@context":"https:\/\/schema.org","@graph":[{"@type":"WebPage","@id":"https:\/\/denborg.nl\/de\/geschaeftsbedingungen\/","url":"https:\/\/denborg.nl\/de\/geschaeftsbedingungen\/","name":"Gesch\u00e4ftsbedingungen | Den Borg Recreatie","isPartOf":{"@id":"https:\/\/denborg.nl\/#website"},"primaryImageOfPage":{"@id":"https:\/\/denborg.nl\/de\/geschaeftsbedingungen\/#primaryimage"},"image":{"@id":"https:\/\/denborg.nl\/de\/geschaeftsbedingungen\/#primaryimage"},"thumbnailUrl":"https:\/\/denborg.nl\/wp-content\/uploads\/2025\/03\/IMG_62921-scaled.avif","datePublished":"2025-03-14T11:46:59+00:00","dateModified":"2025-05-21T14:07:59+00:00","description":"Genie\u00dfen Sie einen erholsamen Campingurlaub auf unserem gro\u00dfz\u00fcgigen, gr\u00fcnen Campingplatz. W\u00e4hlen Sie zwischen Touristenfeldern, Saisonpl\u00e4tzen oder Waldpl\u00e4tzen.","breadcrumb":{"@id":"https:\/\/denborg.nl\/de\/geschaeftsbedingungen\/#breadcrumb"},"inLanguage":"de","potentialAction":[{"@type":"ReadAction","target":["https:\/\/denborg.nl\/de\/geschaeftsbedingungen\/"]}]},{"@type":"ImageObject","inLanguage":"de","@id":"https:\/\/denborg.nl\/de\/geschaeftsbedingungen\/#primaryimage","url":"https:\/\/denborg.nl\/wp-content\/uploads\/2025\/03\/IMG_62921-scaled.avif","contentUrl":"https:\/\/denborg.nl\/wp-content\/uploads\/2025\/03\/IMG_62921-scaled.avif","width":2560,"height":1707},{"@type":"BreadcrumbList","@id":"https:\/\/denborg.nl\/de\/geschaeftsbedingungen\/#breadcrumb","itemListElement":[{"@type":"ListItem","position":1,"name":"Home","item":"https:\/\/denborg.nl\/de\/"},{"@type":"ListItem","position":2,"name":"Gesch\u00e4ftsbedingungen"}]},{"@type":"WebSite","@id":"https:\/\/denborg.nl\/#website","url":"https:\/\/denborg.nl\/","name":"Den Borg Recreatie","description":"","publisher":{"@id":"https:\/\/denborg.nl\/#organization"},"alternateName":"Den Borg Recreatie","potentialAction":[{"@type":"SearchAction","target":{"@type":"EntryPoint","urlTemplate":"https:\/\/denborg.nl\/?s={search_term_string}"},"query-input":{"@type":"PropertyValueSpecification","valueRequired":true,"valueName":"search_term_string"}}],"inLanguage":"de"},{"@type":"Organization","@id":"https:\/\/denborg.nl\/#organization","name":"Den Borg Recreatie","alternateName":"Den Borg Recreatie","url":"https:\/\/denborg.nl\/","logo":{"@type":"ImageObject","inLanguage":"de","@id":"https:\/\/denborg.nl\/#\/schema\/logo\/image\/","url":"https:\/\/denborg.nl\/wp-content\/uploads\/2024\/11\/logo-png.webp","contentUrl":"https:\/\/denborg.nl\/wp-content\/uploads\/2024\/11\/logo-png.webp","width":143,"height":181,"caption":"Den Borg Recreatie"},"image":{"@id":"https:\/\/denborg.nl\/#\/schema\/logo\/image\/"}}]}},"_links":{"self":[{"href":"https:\/\/denborg.nl\/de\/wp-json\/wp\/v2\/pages\/2914","targetHints":{"allow":["GET"]}}],"collection":[{"href":"https:\/\/denborg.nl\/de\/wp-json\/wp\/v2\/pages"}],"about":[{"href":"https:\/\/denborg.nl\/de\/wp-json\/wp\/v2\/types\/page"}],"author":[{"embeddable":true,"href":"https:\/\/denborg.nl\/de\/wp-json\/wp\/v2\/users\/1"}],"replies":[{"embeddable":true,"href":"https:\/\/denborg.nl\/de\/wp-json\/wp\/v2\/comments?post=2914"}],"version-history":[{"count":1,"href":"https:\/\/denborg.nl\/de\/wp-json\/wp\/v2\/pages\/2914\/revisions"}],"predecessor-version":[{"id":2915,"href":"https:\/\/denborg.nl\/de\/wp-json\/wp\/v2\/pages\/2914\/revisions\/2915"}],"wp:featuredmedia":[{"embeddable":true,"href":"https:\/\/denborg.nl\/de\/wp-json\/wp\/v2\/media\/2856"}],"wp:attachment":[{"href":"https:\/\/denborg.nl\/de\/wp-json\/wp\/v2\/media?parent=2914"}],"curies":[{"name":"wp","href":"https:\/\/api.w.org\/{rel}","templated":true}]}}