{"id":2912,"date":"2024-10-19T08:07:47","date_gmt":"2024-10-19T08:07:47","guid":{"rendered":"https:\/\/denborg.nl\/?page_id=2912"},"modified":"2026-02-12T13:35:20","modified_gmt":"2026-02-12T13:35:20","slug":"preise","status":"publish","type":"page","link":"https:\/\/denborg.nl\/de\/preise\/","title":{"rendered":"Preise"},"content":{"rendered":"<style type=\"text\/css\">\n    .header-heights {\n        height: 65vh;\n    }\n    .header-heights.home {\n        height: 80vh;\n    }\n    @media (max-width: 767px) {\n        .header-heights {\n            height: 30vh;\n        }\n        .header-heights.home {\n            height: 50vh;\n        }\n    }\n<\/style><section class=\"header-img\">\n        <div class=\"img-inner header-heights\" style=\"background-image: url(https:\/\/denborg.nl\/wp-content\/uploads\/2025\/07\/DenBorg_20-1600x1065.webp);\"><div class=\"container zb-container\"><\/div><\/div><\/section>\n\n\n<h1 class=\"wp-block-heading\">Preise f\u00fcr Camper<\/h1>\n\n\n\n<h2 class=\"wp-block-heading\">Preisliste Touristenorte 2026<\/h2>\n\n\n\n<ul class=\"wp-block-list\">\n<li>Nachttarif (Inklusive Kurtaxe und Strom 2kWh pro Tag)<\/li>\n<\/ul>\n\n\n\n<div class=\"wp-block-tz-tabs accordion\">\n<div class=\"wp-block-tz-tab tab-item\"><h3 class=\"tab-header\"><strong>Regul\u00e4re Stellpl\u00e4tze inkl. Strom<\/strong><\/h3><div class=\"tab-content-item\">\n<ul class=\"wp-block-list\">\n<li>1 Person + Zelt \/ Wohnwagen \u20ac 18,50<\/li>\n\n\n\n<li>2 Personen + Zelt \/ Wohnwagen \u20ac 28,00<\/li>\n\n\n\n<li>3 Personen + Zelt \/ Wohnwagen \u20ac 37,50<\/li>\n\n\n\n<li>4 Personen + Zelt \/ Wohnwagen \u20ac47,00<\/li>\n\n\n\n<li>5 Personen + Zelt \/ Wohnwagen \u20ac56,50 <\/li>\n\n\n\n<li>6 Personen + Zelt \/ Wohnwagen \u20ac66,00 <br><\/li>\n<\/ul>\n<\/div><\/div>\n\n\n\n<div class=\"wp-block-tz-tab tab-item\"><h3 class=\"tab-header\"><strong>Komfortpl\u00e4tze<br>inklusive Strom (inkl. 2 kWh pro Tag), Wasser- und Abwasseranschluss<\/strong><\/h3><div class=\"tab-content-item\">\n<ul class=\"wp-block-list\">\n<li>1 Person + Zelt \/ Wohnwagen \u20ac 21,00<\/li>\n\n\n\n<li>2 Personen + Zelt\/Wohnwagen \u20ac 30,50<\/li>\n\n\n\n<li>3 Personen + Zelt \/ Wohnwagen \u20ac 40,00<\/li>\n\n\n\n<li>4 Personen + Zelt \/ Wohnwagen \u20ac 49,50<\/li>\n\n\n\n<li>5 Personen + Zelt \/ Wohnwagen \u20ac 59,00<\/li>\n\n\n\n<li>6 Personen + Zelt \/ Wohnwagen \u20ac68,50 <br>\u00a0\u00a0<\/li>\n<\/ul>\n<\/div><\/div>\n\n\n\n<div class=\"wp-block-tz-tab tab-item\"><h3 class=\"tab-header\"><strong>Luxusstellpl\u00e4tze mit privaten Sanit\u00e4ranlagen<br>inkl. Strom (inkl. 5 kWh pro Tag) 10 Ampere und Wasser<\/strong><\/h3><div class=\"tab-content-item\">\n<ul class=\"wp-block-list\">\n<li>1 Person + Zelt \/ Wohnwagen \u20ac 35,00<\/li>\n\n\n\n<li>2 Personen + Zelt\/Wohnwagen \u20ac 44,50<\/li>\n\n\n\n<li>3 Personen + Zelt \/ Wohnwagen \u20ac 54,00<\/li>\n\n\n\n<li>4 Personen + Zelt \/ Wohnwagen \u20ac 63,50<\/li>\n\n\n\n<li>5 Personen + Zelt \/ Wohnwagen \u20ac 73,00<\/li>\n\n\n\n<li>6 Personen + Zelt \/ Wohnwagen \u20ac82,50 <\/li>\n<\/ul>\n<\/div><\/div>\n<\/div>\n\n\n\n<p>Alle Pl\u00e4tze beinhalten 1 zus\u00e4tzliches Zelt<\/p>\n\n\n\n<ul class=\"wp-block-list\">\n<li>Jede weitere Person  \u20ac 8,50 <\/li>\n\n\n\n<li>Motor \u20ac 1,50 <\/li>\n\n\n\n<li>Hund, angeleint  \u20ac 2,50 <\/li>\n\n\n\n<li>Traktorzelt inkl. 2 Pers. \u20ac 15,00<\/li>\n\n\n\n<li>Kinder bis 2 Jahre frei<\/li>\n<\/ul>\n\n\n\n<p>Christi Himmelfahrt mindestens 4 N\u00e4chte &#8211; Pfingsten mindestens 3 N\u00e4chte.<br><br>Mit der Camping Card Achterhoek erhalten Sie in der Vor- und Nachsaison Rabatt.<br>Campingkarte Pfandsatz: 20,00 \u20ac<\/p>\n\n\n\n<p>Preise f\u00fcr Jahrespl\u00e4tze: siehe <a href=\"https:\/\/denborg.nl\/de\/unterkunte\/jahresplaetze\/\">Jahrespl\u00e4tze<\/a><br>Preise f\u00fcr Saisonpl\u00e4tze: siehe <a href=\"https:\/\/denborg.nl\/de\/unterkunte\/saisonplatz\/\">Saisonpl\u00e4tze<\/a><\/p>\n\n\n<style type=\"text\/css\">\n    .omgeving-height {\n        height: 80vh;\n    }\n    @media (max-width: 767px) {\n        .omgeving-height {\n            height: 50vh;\n        }\n    }\n<\/style><section class=\"omgeving omgeving-full-width\">\n        <div class=\"omgeving-inner omgeving-height\" style=\"background-image: url(https:\/\/denborg.nl\/wp-content\/uploads\/2023\/10\/eindfoto-1600x900.webp);\"><div class=\"omgeving-text\">\n                <div class=\"text\"><h3>Entdecken Sie die Achterhoek in Gelderland<\/h3>\n<p>Unser Campingplatz liegt in einer wundersch\u00f6nen Region mit abwechslungsreicher Natur und charmanten D\u00f6rfern. Erkunden Sie kurvenreiche Radwege, wandern Sie durch ausgedehnte W\u00e4lder oder genie\u00dfen Sie die Ruhe am Wasser. Es gibt immer etwas Sch\u00f6nes zu entdecken.<\/p>\n<\/div><a href=\"https:\/\/denborg.nl\/de\/umgebung\/\" class=\"btn\">Umgebung<\/a><\/div><\/div><\/section>","protected":false},"excerpt":{"rendered":"<p>Preise f\u00fcr Camper Preisliste Touristenorte 2026 Alle Pl\u00e4tze beinhalten 1 zus\u00e4tzliches Zelt Christi Himmelfahrt mindestens 4 N\u00e4chte &#8211; Pfingsten mindestens 3 N\u00e4chte. Mit der Camping Card Achterhoek erhalten Sie in der Vor- und Nachsaison Rabatt.Campingkarte Pfandsatz: 20,00 \u20ac Preise f\u00fcr Jahrespl\u00e4tze: siehe Jahrespl\u00e4tzePreise f\u00fcr Saisonpl\u00e4tze: siehe Saisonpl\u00e4tze<\/p>\n","protected":false},"author":1,"featured_media":2830,"parent":0,"menu_order":0,"comment_status":"closed","ping_status":"closed","template":"","meta":{"_acf_changed":false,"footnotes":""},"class_list":["post-2912","page","type-page","status-publish","has-post-thumbnail","hentry"],"acf":[],"yoast_head":"<!-- This site is optimized with the Yoast SEO plugin v25.7 - https:\/\/yoast.com\/wordpress\/plugins\/seo\/ -->\n<title>Preise | Den Borg Recreatie<\/title>\n<meta name=\"description\" content=\"Preisliste Touristenorte 2025\" \/>\n<meta name=\"robots\" content=\"index, follow, max-snippet:-1, max-image-preview:large, max-video-preview:-1\" \/>\n<link rel=\"canonical\" href=\"https:\/\/denborg.nl\/de\/preise\/\" \/>\n<meta property=\"og:locale\" content=\"de_DE\" \/>\n<meta property=\"og:type\" content=\"article\" \/>\n<meta property=\"og:title\" content=\"Preise | Den Borg Recreatie\" \/>\n<meta property=\"og:description\" content=\"Preisliste Touristenorte 2025\" \/>\n<meta property=\"og:url\" content=\"https:\/\/denborg.nl\/de\/preise\/\" \/>\n<meta property=\"og:site_name\" content=\"Den Borg Recreatie\" \/>\n<meta property=\"article:modified_time\" content=\"2026-02-12T13:35:20+00:00\" \/>\n<meta property=\"og:image\" content=\"https:\/\/denborg.nl\/wp-content\/uploads\/2025\/03\/borgcaravan2.avif\" \/>\n\t<meta property=\"og:image:width\" content=\"458\" \/>\n\t<meta property=\"og:image:height\" content=\"344\" \/>\n\t<meta property=\"og:image:type\" content=\"image\/jpeg\" \/>\n<meta name=\"twitter:card\" content=\"summary_large_image\" \/>\n<meta name=\"twitter:label1\" content=\"Gesch\u00e4tzte Lesezeit\" \/>\n\t<meta name=\"twitter:data1\" content=\"2\u00a0Minuten\" \/>\n<script type=\"application\/ld+json\" class=\"yoast-schema-graph\">{\"@context\":\"https:\/\/schema.org\",\"@graph\":[{\"@type\":\"WebPage\",\"@id\":\"https:\/\/denborg.nl\/de\/preise\/\",\"url\":\"https:\/\/denborg.nl\/de\/preise\/\",\"name\":\"Preise | Den Borg Recreatie\",\"isPartOf\":{\"@id\":\"https:\/\/denborg.nl\/#website\"},\"primaryImageOfPage\":{\"@id\":\"https:\/\/denborg.nl\/de\/preise\/#primaryimage\"},\"image\":{\"@id\":\"https:\/\/denborg.nl\/de\/preise\/#primaryimage\"},\"thumbnailUrl\":\"https:\/\/denborg.nl\/wp-content\/uploads\/2025\/03\/borgcaravan2.avif\",\"datePublished\":\"2024-10-19T08:07:47+00:00\",\"dateModified\":\"2026-02-12T13:35:20+00:00\",\"description\":\"Preisliste Touristenorte 2025\",\"breadcrumb\":{\"@id\":\"https:\/\/denborg.nl\/de\/preise\/#breadcrumb\"},\"inLanguage\":\"de\",\"potentialAction\":[{\"@type\":\"ReadAction\",\"target\":[\"https:\/\/denborg.nl\/de\/preise\/\"]}]},{\"@type\":\"ImageObject\",\"inLanguage\":\"de\",\"@id\":\"https:\/\/denborg.nl\/de\/preise\/#primaryimage\",\"url\":\"https:\/\/denborg.nl\/wp-content\/uploads\/2025\/03\/borgcaravan2.avif\",\"contentUrl\":\"https:\/\/denborg.nl\/wp-content\/uploads\/2025\/03\/borgcaravan2.avif\",\"width\":458,\"height\":344},{\"@type\":\"BreadcrumbList\",\"@id\":\"https:\/\/denborg.nl\/de\/preise\/#breadcrumb\",\"itemListElement\":[{\"@type\":\"ListItem\",\"position\":1,\"name\":\"Home\",\"item\":\"https:\/\/denborg.nl\/de\/\"},{\"@type\":\"ListItem\",\"position\":2,\"name\":\"Preise\"}]},{\"@type\":\"WebSite\",\"@id\":\"https:\/\/denborg.nl\/#website\",\"url\":\"https:\/\/denborg.nl\/\",\"name\":\"Den Borg Recreatie\",\"description\":\"\",\"publisher\":{\"@id\":\"https:\/\/denborg.nl\/#organization\"},\"alternateName\":\"Den Borg Recreatie\",\"potentialAction\":[{\"@type\":\"SearchAction\",\"target\":{\"@type\":\"EntryPoint\",\"urlTemplate\":\"https:\/\/denborg.nl\/?s={search_term_string}\"},\"query-input\":{\"@type\":\"PropertyValueSpecification\",\"valueRequired\":true,\"valueName\":\"search_term_string\"}}],\"inLanguage\":\"de\"},{\"@type\":\"Organization\",\"@id\":\"https:\/\/denborg.nl\/#organization\",\"name\":\"Den Borg Recreatie\",\"alternateName\":\"Den Borg Recreatie\",\"url\":\"https:\/\/denborg.nl\/\",\"logo\":{\"@type\":\"ImageObject\",\"inLanguage\":\"de\",\"@id\":\"https:\/\/denborg.nl\/#\/schema\/logo\/image\/\",\"url\":\"https:\/\/denborg.nl\/wp-content\/uploads\/2024\/11\/logo-png.webp\",\"contentUrl\":\"https:\/\/denborg.nl\/wp-content\/uploads\/2024\/11\/logo-png.webp\",\"width\":143,\"height\":181,\"caption\":\"Den Borg Recreatie\"},\"image\":{\"@id\":\"https:\/\/denborg.nl\/#\/schema\/logo\/image\/\"}}]}<\/script>\n<!-- \/ Yoast SEO plugin. -->","yoast_head_json":{"title":"Preise | Den Borg Recreatie","description":"Preisliste Touristenorte 2025","robots":{"index":"index","follow":"follow","max-snippet":"max-snippet:-1","max-image-preview":"max-image-preview:large","max-video-preview":"max-video-preview:-1"},"canonical":"https:\/\/denborg.nl\/de\/preise\/","og_locale":"de_DE","og_type":"article","og_title":"Preise | Den Borg Recreatie","og_description":"Preisliste Touristenorte 2025","og_url":"https:\/\/denborg.nl\/de\/preise\/","og_site_name":"Den Borg Recreatie","article_modified_time":"2026-02-12T13:35:20+00:00","og_image":[{"width":458,"height":344,"url":"https:\/\/denborg.nl\/wp-content\/uploads\/2025\/03\/borgcaravan2.avif","type":"image\/jpeg"}],"twitter_card":"summary_large_image","twitter_misc":{"Gesch\u00e4tzte Lesezeit":"2\u00a0Minuten"},"schema":{"@context":"https:\/\/schema.org","@graph":[{"@type":"WebPage","@id":"https:\/\/denborg.nl\/de\/preise\/","url":"https:\/\/denborg.nl\/de\/preise\/","name":"Preise | Den Borg Recreatie","isPartOf":{"@id":"https:\/\/denborg.nl\/#website"},"primaryImageOfPage":{"@id":"https:\/\/denborg.nl\/de\/preise\/#primaryimage"},"image":{"@id":"https:\/\/denborg.nl\/de\/preise\/#primaryimage"},"thumbnailUrl":"https:\/\/denborg.nl\/wp-content\/uploads\/2025\/03\/borgcaravan2.avif","datePublished":"2024-10-19T08:07:47+00:00","dateModified":"2026-02-12T13:35:20+00:00","description":"Preisliste Touristenorte 2025","breadcrumb":{"@id":"https:\/\/denborg.nl\/de\/preise\/#breadcrumb"},"inLanguage":"de","potentialAction":[{"@type":"ReadAction","target":["https:\/\/denborg.nl\/de\/preise\/"]}]},{"@type":"ImageObject","inLanguage":"de","@id":"https:\/\/denborg.nl\/de\/preise\/#primaryimage","url":"https:\/\/denborg.nl\/wp-content\/uploads\/2025\/03\/borgcaravan2.avif","contentUrl":"https:\/\/denborg.nl\/wp-content\/uploads\/2025\/03\/borgcaravan2.avif","width":458,"height":344},{"@type":"BreadcrumbList","@id":"https:\/\/denborg.nl\/de\/preise\/#breadcrumb","itemListElement":[{"@type":"ListItem","position":1,"name":"Home","item":"https:\/\/denborg.nl\/de\/"},{"@type":"ListItem","position":2,"name":"Preise"}]},{"@type":"WebSite","@id":"https:\/\/denborg.nl\/#website","url":"https:\/\/denborg.nl\/","name":"Den Borg Recreatie","description":"","publisher":{"@id":"https:\/\/denborg.nl\/#organization"},"alternateName":"Den Borg Recreatie","potentialAction":[{"@type":"SearchAction","target":{"@type":"EntryPoint","urlTemplate":"https:\/\/denborg.nl\/?s={search_term_string}"},"query-input":{"@type":"PropertyValueSpecification","valueRequired":true,"valueName":"search_term_string"}}],"inLanguage":"de"},{"@type":"Organization","@id":"https:\/\/denborg.nl\/#organization","name":"Den Borg Recreatie","alternateName":"Den Borg Recreatie","url":"https:\/\/denborg.nl\/","logo":{"@type":"ImageObject","inLanguage":"de","@id":"https:\/\/denborg.nl\/#\/schema\/logo\/image\/","url":"https:\/\/denborg.nl\/wp-content\/uploads\/2024\/11\/logo-png.webp","contentUrl":"https:\/\/denborg.nl\/wp-content\/uploads\/2024\/11\/logo-png.webp","width":143,"height":181,"caption":"Den Borg Recreatie"},"image":{"@id":"https:\/\/denborg.nl\/#\/schema\/logo\/image\/"}}]}},"_links":{"self":[{"href":"https:\/\/denborg.nl\/de\/wp-json\/wp\/v2\/pages\/2912","targetHints":{"allow":["GET"]}}],"collection":[{"href":"https:\/\/denborg.nl\/de\/wp-json\/wp\/v2\/pages"}],"about":[{"href":"https:\/\/denborg.nl\/de\/wp-json\/wp\/v2\/types\/page"}],"author":[{"embeddable":true,"href":"https:\/\/denborg.nl\/de\/wp-json\/wp\/v2\/users\/1"}],"replies":[{"embeddable":true,"href":"https:\/\/denborg.nl\/de\/wp-json\/wp\/v2\/comments?post=2912"}],"version-history":[{"count":2,"href":"https:\/\/denborg.nl\/de\/wp-json\/wp\/v2\/pages\/2912\/revisions"}],"predecessor-version":[{"id":3056,"href":"https:\/\/denborg.nl\/de\/wp-json\/wp\/v2\/pages\/2912\/revisions\/3056"}],"wp:featuredmedia":[{"embeddable":true,"href":"https:\/\/denborg.nl\/de\/wp-json\/wp\/v2\/media\/2830"}],"wp:attachment":[{"href":"https:\/\/denborg.nl\/de\/wp-json\/wp\/v2\/media?parent=2912"}],"curies":[{"name":"wp","href":"https:\/\/api.w.org\/{rel}","templated":true}]}}