{"id":2902,"date":"2025-03-14T07:09:46","date_gmt":"2025-03-14T07:09:46","guid":{"rendered":"https:\/\/denborg.nl\/?page_id=2902"},"modified":"2025-07-08T07:01:40","modified_gmt":"2025-07-08T07:01:40","slug":"platzplan","status":"publish","type":"page","link":"https:\/\/denborg.nl\/de\/platzplan\/","title":{"rendered":"Platzplan"},"content":{"rendered":"<style type=\"text\/css\">\n    .header-heights {\n        height: 65vh;\n    }\n    .header-heights.home {\n        height: 80vh;\n    }\n    @media (max-width: 767px) {\n        .header-heights {\n            height: 30vh;\n        }\n        .header-heights.home {\n            height: 50vh;\n        }\n    }\n<\/style><section class=\"header-img\">\n        <div class=\"img-inner header-heights\" style=\"background-image: url(https:\/\/denborg.nl\/wp-content\/uploads\/2025\/07\/DenBorg_20-1600x1065.webp);\"><div class=\"container zb-container\"><\/div><\/div><\/section>\n\n\n<h1 class=\"wp-block-heading\">Platzplan von Camping den Borg<\/h1>\n\n\n<style type='text\/css'>\n        #tz-spacer-69e09d9d27529 {\n            \n        }\n    <\/style><div id='tz-spacer-69e09d9d27529' class='tz-spacer'><\/div>\n\n\n<figure class=\"wp-block-image size-large\"><img loading=\"lazy\" decoding=\"async\" width=\"1600\" height=\"1141\" src=\"https:\/\/denborg.nl\/wp-content\/uploads\/2025\/07\/plattegrond-1600x1141.webp\" alt=\"\" class=\"wp-image-2990\" srcset=\"https:\/\/denborg.nl\/wp-content\/uploads\/2025\/07\/plattegrond-1600x1141.webp 1600w, https:\/\/denborg.nl\/wp-content\/uploads\/2025\/07\/plattegrond-750x535.webp 750w, https:\/\/denborg.nl\/wp-content\/uploads\/2025\/07\/plattegrond-768x548.webp 768w, https:\/\/denborg.nl\/wp-content\/uploads\/2025\/07\/plattegrond-1536x1095.webp 1536w, https:\/\/denborg.nl\/wp-content\/uploads\/2025\/07\/plattegrond.webp 2000w\" sizes=\"auto, (max-width: 1600px) 100vw, 1600px\" \/><\/figure>\n\n\n<style type=\"text\/css\">\n    .omgeving-height {\n        height: 80vh;\n    }\n    @media (max-width: 767px) {\n        .omgeving-height {\n            height: 50vh;\n        }\n    }\n<\/style><section class=\"omgeving omgeving-full-width\">\n        <div class=\"omgeving-inner omgeving-height\" style=\"background-image: url(https:\/\/denborg.nl\/wp-content\/uploads\/2023\/10\/eindfoto-1600x900.webp);\"><div class=\"omgeving-text\">\n                <div class=\"text\"><h3>Entdecken Sie die Achterhoek in Gelderland<\/h3>\n<p>Unser Campingplatz liegt in einer wundersch\u00f6nen Region mit abwechslungsreicher Natur und charmanten D\u00f6rfern. Erkunden Sie kurvenreiche Radwege, wandern Sie durch ausgedehnte W\u00e4lder oder genie\u00dfen Sie die Ruhe am Wasser. Es gibt immer etwas Sch\u00f6nes zu entdecken.<\/p>\n<\/div><a href=\"https:\/\/denborg.nl\/de\/umgebung\/\" class=\"btn\">Umgebung<\/a><\/div><\/div><\/section>","protected":false},"excerpt":{"rendered":"<p>Platzplan von Camping den Borg<\/p>\n","protected":false},"author":1,"featured_media":2829,"parent":0,"menu_order":0,"comment_status":"closed","ping_status":"closed","template":"","meta":{"_acf_changed":false,"footnotes":""},"class_list":["post-2902","page","type-page","status-publish","has-post-thumbnail","hentry"],"acf":[],"yoast_head":"<!-- This site is optimized with the Yoast SEO plugin v25.7 - https:\/\/yoast.com\/wordpress\/plugins\/seo\/ -->\n<title>Platzplan | Den Borg Recreatie<\/title>\n<meta name=\"description\" content=\"Genie\u00dfen Sie einen erholsamen Campingurlaub auf unserem gro\u00dfz\u00fcgigen, gr\u00fcnen Campingplatz. W\u00e4hlen Sie zwischen Touristenfeldern, Saisonpl\u00e4tzen oder Waldpl\u00e4tzen.\" \/>\n<meta name=\"robots\" content=\"index, follow, max-snippet:-1, max-image-preview:large, max-video-preview:-1\" \/>\n<link rel=\"canonical\" href=\"https:\/\/denborg.nl\/de\/platzplan\/\" \/>\n<meta property=\"og:locale\" content=\"de_DE\" \/>\n<meta property=\"og:type\" content=\"article\" \/>\n<meta property=\"og:title\" content=\"Platzplan | Den Borg Recreatie\" \/>\n<meta property=\"og:description\" content=\"Genie\u00dfen Sie einen erholsamen Campingurlaub auf unserem gro\u00dfz\u00fcgigen, gr\u00fcnen Campingplatz. W\u00e4hlen Sie zwischen Touristenfeldern, Saisonpl\u00e4tzen oder Waldpl\u00e4tzen.\" \/>\n<meta property=\"og:url\" content=\"https:\/\/denborg.nl\/de\/platzplan\/\" \/>\n<meta property=\"og:site_name\" content=\"Den Borg Recreatie\" \/>\n<meta property=\"article:modified_time\" content=\"2025-07-08T07:01:40+00:00\" \/>\n<meta property=\"og:image\" content=\"https:\/\/denborg.nl\/wp-content\/uploads\/2025\/03\/borgcaravan4.avif\" \/>\n\t<meta property=\"og:image:width\" content=\"458\" \/>\n\t<meta property=\"og:image:height\" content=\"344\" \/>\n\t<meta property=\"og:image:type\" content=\"image\/jpeg\" \/>\n<meta name=\"twitter:card\" content=\"summary_large_image\" \/>\n<meta name=\"twitter:label1\" content=\"Gesch\u00e4tzte Lesezeit\" \/>\n\t<meta name=\"twitter:data1\" content=\"1\u00a0Minute\" \/>\n<script type=\"application\/ld+json\" class=\"yoast-schema-graph\">{\"@context\":\"https:\/\/schema.org\",\"@graph\":[{\"@type\":\"WebPage\",\"@id\":\"https:\/\/denborg.nl\/de\/platzplan\/\",\"url\":\"https:\/\/denborg.nl\/de\/platzplan\/\",\"name\":\"Platzplan | Den Borg Recreatie\",\"isPartOf\":{\"@id\":\"https:\/\/denborg.nl\/#website\"},\"primaryImageOfPage\":{\"@id\":\"https:\/\/denborg.nl\/de\/platzplan\/#primaryimage\"},\"image\":{\"@id\":\"https:\/\/denborg.nl\/de\/platzplan\/#primaryimage\"},\"thumbnailUrl\":\"https:\/\/denborg.nl\/wp-content\/uploads\/2025\/03\/borgcaravan4.avif\",\"datePublished\":\"2025-03-14T07:09:46+00:00\",\"dateModified\":\"2025-07-08T07:01:40+00:00\",\"description\":\"Genie\u00dfen Sie einen erholsamen Campingurlaub auf unserem gro\u00dfz\u00fcgigen, gr\u00fcnen Campingplatz. W\u00e4hlen Sie zwischen Touristenfeldern, Saisonpl\u00e4tzen oder Waldpl\u00e4tzen.\",\"breadcrumb\":{\"@id\":\"https:\/\/denborg.nl\/de\/platzplan\/#breadcrumb\"},\"inLanguage\":\"de\",\"potentialAction\":[{\"@type\":\"ReadAction\",\"target\":[\"https:\/\/denborg.nl\/de\/platzplan\/\"]}]},{\"@type\":\"ImageObject\",\"inLanguage\":\"de\",\"@id\":\"https:\/\/denborg.nl\/de\/platzplan\/#primaryimage\",\"url\":\"https:\/\/denborg.nl\/wp-content\/uploads\/2025\/03\/borgcaravan4.avif\",\"contentUrl\":\"https:\/\/denborg.nl\/wp-content\/uploads\/2025\/03\/borgcaravan4.avif\",\"width\":458,\"height\":344},{\"@type\":\"BreadcrumbList\",\"@id\":\"https:\/\/denborg.nl\/de\/platzplan\/#breadcrumb\",\"itemListElement\":[{\"@type\":\"ListItem\",\"position\":1,\"name\":\"Home\",\"item\":\"https:\/\/denborg.nl\/de\/\"},{\"@type\":\"ListItem\",\"position\":2,\"name\":\"Platzplan\"}]},{\"@type\":\"WebSite\",\"@id\":\"https:\/\/denborg.nl\/#website\",\"url\":\"https:\/\/denborg.nl\/\",\"name\":\"Den Borg Recreatie\",\"description\":\"\",\"publisher\":{\"@id\":\"https:\/\/denborg.nl\/#organization\"},\"alternateName\":\"Den Borg Recreatie\",\"potentialAction\":[{\"@type\":\"SearchAction\",\"target\":{\"@type\":\"EntryPoint\",\"urlTemplate\":\"https:\/\/denborg.nl\/?s={search_term_string}\"},\"query-input\":{\"@type\":\"PropertyValueSpecification\",\"valueRequired\":true,\"valueName\":\"search_term_string\"}}],\"inLanguage\":\"de\"},{\"@type\":\"Organization\",\"@id\":\"https:\/\/denborg.nl\/#organization\",\"name\":\"Den Borg Recreatie\",\"alternateName\":\"Den Borg Recreatie\",\"url\":\"https:\/\/denborg.nl\/\",\"logo\":{\"@type\":\"ImageObject\",\"inLanguage\":\"de\",\"@id\":\"https:\/\/denborg.nl\/#\/schema\/logo\/image\/\",\"url\":\"https:\/\/denborg.nl\/wp-content\/uploads\/2024\/11\/logo-png.webp\",\"contentUrl\":\"https:\/\/denborg.nl\/wp-content\/uploads\/2024\/11\/logo-png.webp\",\"width\":143,\"height\":181,\"caption\":\"Den Borg Recreatie\"},\"image\":{\"@id\":\"https:\/\/denborg.nl\/#\/schema\/logo\/image\/\"}}]}<\/script>\n<!-- \/ Yoast SEO plugin. -->","yoast_head_json":{"title":"Platzplan | Den Borg Recreatie","description":"Genie\u00dfen Sie einen erholsamen Campingurlaub auf unserem gro\u00dfz\u00fcgigen, gr\u00fcnen Campingplatz. W\u00e4hlen Sie zwischen Touristenfeldern, Saisonpl\u00e4tzen oder Waldpl\u00e4tzen.","robots":{"index":"index","follow":"follow","max-snippet":"max-snippet:-1","max-image-preview":"max-image-preview:large","max-video-preview":"max-video-preview:-1"},"canonical":"https:\/\/denborg.nl\/de\/platzplan\/","og_locale":"de_DE","og_type":"article","og_title":"Platzplan | Den Borg Recreatie","og_description":"Genie\u00dfen Sie einen erholsamen Campingurlaub auf unserem gro\u00dfz\u00fcgigen, gr\u00fcnen Campingplatz. W\u00e4hlen Sie zwischen Touristenfeldern, Saisonpl\u00e4tzen oder Waldpl\u00e4tzen.","og_url":"https:\/\/denborg.nl\/de\/platzplan\/","og_site_name":"Den Borg Recreatie","article_modified_time":"2025-07-08T07:01:40+00:00","og_image":[{"width":458,"height":344,"url":"https:\/\/denborg.nl\/wp-content\/uploads\/2025\/03\/borgcaravan4.avif","type":"image\/jpeg"}],"twitter_card":"summary_large_image","twitter_misc":{"Gesch\u00e4tzte Lesezeit":"1\u00a0Minute"},"schema":{"@context":"https:\/\/schema.org","@graph":[{"@type":"WebPage","@id":"https:\/\/denborg.nl\/de\/platzplan\/","url":"https:\/\/denborg.nl\/de\/platzplan\/","name":"Platzplan | Den Borg Recreatie","isPartOf":{"@id":"https:\/\/denborg.nl\/#website"},"primaryImageOfPage":{"@id":"https:\/\/denborg.nl\/de\/platzplan\/#primaryimage"},"image":{"@id":"https:\/\/denborg.nl\/de\/platzplan\/#primaryimage"},"thumbnailUrl":"https:\/\/denborg.nl\/wp-content\/uploads\/2025\/03\/borgcaravan4.avif","datePublished":"2025-03-14T07:09:46+00:00","dateModified":"2025-07-08T07:01:40+00:00","description":"Genie\u00dfen Sie einen erholsamen Campingurlaub auf unserem gro\u00dfz\u00fcgigen, gr\u00fcnen Campingplatz. W\u00e4hlen Sie zwischen Touristenfeldern, Saisonpl\u00e4tzen oder Waldpl\u00e4tzen.","breadcrumb":{"@id":"https:\/\/denborg.nl\/de\/platzplan\/#breadcrumb"},"inLanguage":"de","potentialAction":[{"@type":"ReadAction","target":["https:\/\/denborg.nl\/de\/platzplan\/"]}]},{"@type":"ImageObject","inLanguage":"de","@id":"https:\/\/denborg.nl\/de\/platzplan\/#primaryimage","url":"https:\/\/denborg.nl\/wp-content\/uploads\/2025\/03\/borgcaravan4.avif","contentUrl":"https:\/\/denborg.nl\/wp-content\/uploads\/2025\/03\/borgcaravan4.avif","width":458,"height":344},{"@type":"BreadcrumbList","@id":"https:\/\/denborg.nl\/de\/platzplan\/#breadcrumb","itemListElement":[{"@type":"ListItem","position":1,"name":"Home","item":"https:\/\/denborg.nl\/de\/"},{"@type":"ListItem","position":2,"name":"Platzplan"}]},{"@type":"WebSite","@id":"https:\/\/denborg.nl\/#website","url":"https:\/\/denborg.nl\/","name":"Den Borg Recreatie","description":"","publisher":{"@id":"https:\/\/denborg.nl\/#organization"},"alternateName":"Den Borg Recreatie","potentialAction":[{"@type":"SearchAction","target":{"@type":"EntryPoint","urlTemplate":"https:\/\/denborg.nl\/?s={search_term_string}"},"query-input":{"@type":"PropertyValueSpecification","valueRequired":true,"valueName":"search_term_string"}}],"inLanguage":"de"},{"@type":"Organization","@id":"https:\/\/denborg.nl\/#organization","name":"Den Borg Recreatie","alternateName":"Den Borg Recreatie","url":"https:\/\/denborg.nl\/","logo":{"@type":"ImageObject","inLanguage":"de","@id":"https:\/\/denborg.nl\/#\/schema\/logo\/image\/","url":"https:\/\/denborg.nl\/wp-content\/uploads\/2024\/11\/logo-png.webp","contentUrl":"https:\/\/denborg.nl\/wp-content\/uploads\/2024\/11\/logo-png.webp","width":143,"height":181,"caption":"Den Borg Recreatie"},"image":{"@id":"https:\/\/denborg.nl\/#\/schema\/logo\/image\/"}}]}},"_links":{"self":[{"href":"https:\/\/denborg.nl\/de\/wp-json\/wp\/v2\/pages\/2902","targetHints":{"allow":["GET"]}}],"collection":[{"href":"https:\/\/denborg.nl\/de\/wp-json\/wp\/v2\/pages"}],"about":[{"href":"https:\/\/denborg.nl\/de\/wp-json\/wp\/v2\/types\/page"}],"author":[{"embeddable":true,"href":"https:\/\/denborg.nl\/de\/wp-json\/wp\/v2\/users\/1"}],"replies":[{"embeddable":true,"href":"https:\/\/denborg.nl\/de\/wp-json\/wp\/v2\/comments?post=2902"}],"version-history":[{"count":2,"href":"https:\/\/denborg.nl\/de\/wp-json\/wp\/v2\/pages\/2902\/revisions"}],"predecessor-version":[{"id":3031,"href":"https:\/\/denborg.nl\/de\/wp-json\/wp\/v2\/pages\/2902\/revisions\/3031"}],"wp:featuredmedia":[{"embeddable":true,"href":"https:\/\/denborg.nl\/de\/wp-json\/wp\/v2\/media\/2829"}],"wp:attachment":[{"href":"https:\/\/denborg.nl\/de\/wp-json\/wp\/v2\/media?parent=2902"}],"curies":[{"name":"wp","href":"https:\/\/api.w.org\/{rel}","templated":true}]}}