{"id":2898,"date":"2025-03-14T10:21:46","date_gmt":"2025-03-14T10:21:46","guid":{"rendered":"https:\/\/denborg.nl\/?page_id=2898"},"modified":"2025-05-21T13:38:52","modified_gmt":"2025-05-21T13:38:52","slug":"links","status":"publish","type":"page","link":"https:\/\/denborg.nl\/de\/links\/","title":{"rendered":"Links"},"content":{"rendered":"<section class=\"gallery-section top-gallery\"><h3>Bekijk alle foto&#039;s<\/h3><div class=\"gallery gallery-columns-4 gallery-size-medium\"><figure class=\"gallery-item acco1\"><div class=\"gallery-icon\"><a href=\"https:\/\/denborg.nl\/wp-content\/uploads\/2025\/03\/201009132046183.avif\" data-fancybox=\"gallery\"><img src=\"https:\/\/denborg.nl\/wp-content\/uploads\/2025\/03\/201009132046183.avif\" class=\"attachment-large size-large\" alt=\"\" decoding=\"async\" fetchpriority=\"high\"><\/a><\/div><\/figure><figure class=\"gallery-item acco2\"><div class=\"gallery-icon\"><a href=\"https:\/\/denborg.nl\/wp-content\/uploads\/2025\/03\/201010051520261.avif\" data-fancybox=\"gallery\"><img src=\"https:\/\/denborg.nl\/wp-content\/uploads\/2025\/03\/201010051520261.avif\" class=\"attachment-medium size-medium\" alt=\"\" decoding=\"async\" fetchpriority=\"high\"><\/a><\/div><\/figure><figure class=\"gallery-item acco3\"><div class=\"gallery-icon\"><a href=\"https:\/\/denborg.nl\/wp-content\/uploads\/2025\/03\/201009301329172.avif\" data-fancybox=\"gallery\"><img src=\"https:\/\/denborg.nl\/wp-content\/uploads\/2025\/03\/201009301329172.avif\" class=\"attachment-medium size-medium\" alt=\"\" decoding=\"async\" fetchpriority=\"high\"><\/a><\/div><\/figure><figure class=\"gallery-item acco4\"><div class=\"gallery-icon\"><a href=\"https:\/\/denborg.nl\/wp-content\/uploads\/2025\/03\/201010051327062.avif\" data-fancybox=\"gallery\"><img src=\"https:\/\/denborg.nl\/wp-content\/uploads\/2025\/03\/201010051327062.avif\" class=\"attachment-medium size-medium\" alt=\"\" decoding=\"async\" fetchpriority=\"high\"><\/a><\/div><\/figure><figure class=\"gallery-item\"><div class=\"gallery-icon\"><a href=\"https:\/\/denborg.nl\/wp-content\/uploads\/2025\/03\/201009301353233.avif\" data-fancybox=\"gallery\"><img src=\"https:\/\/denborg.nl\/wp-content\/uploads\/2025\/03\/201009301353233.avif\" class=\"attachment-medium size-medium\" alt=\"\" decoding=\"async\" fetchpriority=\"high\"><\/a><\/div><\/figure><figure class=\"gallery-item\"><div class=\"gallery-icon\"><a href=\"https:\/\/denborg.nl\/wp-content\/uploads\/2025\/03\/borgbeek2.avif\" data-fancybox=\"gallery\"><img src=\"https:\/\/denborg.nl\/wp-content\/uploads\/2025\/03\/borgbeek2.avif\" class=\"attachment-medium size-medium\" alt=\"\" decoding=\"async\" fetchpriority=\"high\"><\/a><\/div><\/figure><figure class=\"gallery-item\"><div class=\"gallery-icon\"><a href=\"https:\/\/denborg.nl\/wp-content\/uploads\/2025\/03\/201010051324581.avif\" data-fancybox=\"gallery\"><img src=\"https:\/\/denborg.nl\/wp-content\/uploads\/2025\/03\/201010051324581.avif\" class=\"attachment-medium size-medium\" alt=\"\" decoding=\"async\" fetchpriority=\"high\"><\/a><\/div><\/figure><\/div><\/section>\n\n\n\n<h1 class=\"wp-block-heading\">Links<\/h1>\n\n\n\n<h3 class=\"wp-block-heading\">Das Dorf Rekken<\/h3>\n\n\n\n<p>Alles \u00fcber das Dorf Rekken in der Gemeinde Berkelland im Achterhoek.<\/p>\n\n\n\n<div class=\"wp-block-buttons is-layout-flex wp-block-buttons-is-layout-flex\">\n<div class=\"wp-block-button\"><a class=\"wp-block-button__link wp-element-button\" href=\"http:\/\/nl.wikipedia.org\/wiki\/Rekken\" target=\"_blank\" rel=\"noreferrer noopener\">Mehr lesen<\/a><\/div>\n<\/div>\n\n\n\n<h3 class=\"wp-block-heading\">Gemeinde Berkelland<\/h3>\n\n\n\n<p>Alle Informationen zur Gemeinde Berkelland.<br>Die Gemeinde Berkelland entstand 2005 durch den Zusammenschluss der Gemeinden Borculo, Eibergen, Neede und Ruurlo.<\/p>\n\n\n\n<div class=\"wp-block-buttons is-layout-flex wp-block-buttons-is-layout-flex\">\n<div class=\"wp-block-button\"><a class=\"wp-block-button__link wp-element-button\" href=\"http:\/\/www.gemeenteberkelland.nl\/\" target=\"_blank\" rel=\"noreferrer noopener\">Mehr lesen<\/a><\/div>\n<\/div>\n\n\n\n<h3 class=\"wp-block-heading\">VVV Berkelland<\/h3>\n\n\n\n<p>VVV Berkelland ist bestrebt, Ihren Aufenthalt so angenehm wie m\u00f6glich zu gestalten.<\/p>\n\n\n\n<div class=\"wp-block-buttons is-layout-flex wp-block-buttons-is-layout-flex\">\n<div class=\"wp-block-button\"><a class=\"wp-block-button__link wp-element-button\" href=\"https:\/\/beleefberkelland.nl\/VVV-gemeente-Berkelland\" target=\"_blank\" rel=\"noreferrer noopener\">Mehr lesen<\/a><\/div>\n<\/div>\n\n\n\n<h3 class=\"wp-block-heading\">Tourismus Achterhoek<\/h3>\n\n\n\n<p>Sie kommen zur Erholung in die Achterhoek\u2026\u2026.<\/p>\n\n\n\n<div class=\"wp-block-buttons is-layout-flex wp-block-buttons-is-layout-flex\">\n<div class=\"wp-block-button\"><a class=\"wp-block-button__link wp-element-button\" href=\"http:\/\/www.achterhoek.nl\/\" target=\"_blank\" rel=\"noreferrer noopener\">Mehr lesen<\/a><\/div>\n<\/div>\n\n\n\n<h3 class=\"wp-block-heading\">Haaksbergseveen<\/h3>\n\n\n\n<p>Das Haaksbergseveen ist ein Naturschutzgebiet mit einer Fl\u00e4che von 500 ha.<br>Es handelt sich um ein Feuchtgebiet mit degradiertem Hochmoor, das sich mit h\u00f6her gelegenen, trockenen Gebieten abwechselt.<br>In diesem Gebiet k\u00f6nnen viele besondere Pflanzen- und Tierarten beobachtet werden.<\/p>\n\n\n\n<div class=\"wp-block-buttons is-layout-flex wp-block-buttons-is-layout-flex\">\n<div class=\"wp-block-button\"><a class=\"wp-block-button__link wp-element-button\" href=\"https:\/\/www.haaksbergennatuurlijk.nl\/wat-te-doen\/natuur\/6865-het-haaksbergerveen\/\" target=\"_blank\" rel=\"noreferrer noopener\">Mehr lesen<\/a><\/div>\n<\/div>\n\n\n<style type=\"text\/css\">\n    .omgeving-height {\n        height: 80vh;\n    }\n    @media (max-width: 767px) {\n        .omgeving-height {\n            height: 50vh;\n        }\n    }\n<\/style><section class=\"omgeving omgeving-full-width\">\n        <div class=\"omgeving-inner omgeving-height\" style=\"background-image: url(https:\/\/denborg.nl\/wp-content\/uploads\/2023\/10\/eindfoto-1600x900.webp);\"><div class=\"omgeving-text\">\n                <div class=\"text\"><h3>Entdecken Sie die Achterhoek in Gelderland<\/h3>\n<p>Unser Campingplatz liegt in einer wundersch\u00f6nen Region mit abwechslungsreicher Natur und charmanten D\u00f6rfern. Erkunden Sie kurvenreiche Radwege, wandern Sie durch ausgedehnte W\u00e4lder oder genie\u00dfen Sie die Ruhe am Wasser. Es gibt immer etwas Sch\u00f6nes zu entdecken.<\/p>\n<\/div><a href=\"https:\/\/denborg.nl\/de\/umgebung\/\" class=\"btn\">Umgebung<\/a><\/div><\/div><\/section>","protected":false},"excerpt":{"rendered":"<p>Links Das Dorf Rekken Alles \u00fcber das Dorf Rekken in der Gemeinde Berkelland im Achterhoek. Gemeinde Berkelland Alle Informationen zur Gemeinde Berkelland.Die Gemeinde Berkelland entstand 2005 durch den Zusammenschluss der Gemeinden Borculo, Eibergen, Neede und Ruurlo. VVV Berkelland VVV Berkelland ist bestrebt, Ihren Aufenthalt so angenehm wie m\u00f6glich zu gestalten. Tourismus Achterhoek Sie kommen zur [&hellip;]<\/p>\n","protected":false},"author":1,"featured_media":2847,"parent":0,"menu_order":0,"comment_status":"closed","ping_status":"closed","template":"","meta":{"_acf_changed":false,"footnotes":""},"class_list":["post-2898","page","type-page","status-publish","has-post-thumbnail","hentry"],"acf":[],"yoast_head":"<!-- This site is optimized with the Yoast SEO plugin v25.7 - https:\/\/yoast.com\/wordpress\/plugins\/seo\/ -->\n<title>Links | Den Borg Recreatie<\/title>\n<meta name=\"description\" content=\"Genie\u00dfen Sie Ihren Urlaub und erkunden Sie die Achterhoek von unserem Campingplatz aus. Entdecken Sie abwechslungsreiche Natur, D\u00f6rfer und lustige Aktivit\u00e4ten.\" \/>\n<meta name=\"robots\" content=\"index, follow, max-snippet:-1, max-image-preview:large, max-video-preview:-1\" \/>\n<link rel=\"canonical\" href=\"https:\/\/denborg.nl\/de\/links\/\" \/>\n<meta property=\"og:locale\" content=\"de_DE\" \/>\n<meta property=\"og:type\" content=\"article\" \/>\n<meta property=\"og:title\" content=\"Links | Den Borg Recreatie\" \/>\n<meta property=\"og:description\" content=\"Genie\u00dfen Sie Ihren Urlaub und erkunden Sie die Achterhoek von unserem Campingplatz aus. Entdecken Sie abwechslungsreiche Natur, D\u00f6rfer und lustige Aktivit\u00e4ten.\" \/>\n<meta property=\"og:url\" content=\"https:\/\/denborg.nl\/de\/links\/\" \/>\n<meta property=\"og:site_name\" content=\"Den Borg Recreatie\" \/>\n<meta property=\"article:modified_time\" content=\"2025-05-21T13:38:52+00:00\" \/>\n<meta property=\"og:image\" content=\"https:\/\/denborg.nl\/wp-content\/uploads\/2025\/03\/201009132046183.avif\" \/>\n\t<meta property=\"og:image:width\" content=\"667\" \/>\n\t<meta property=\"og:image:height\" content=\"445\" \/>\n\t<meta property=\"og:image:type\" content=\"image\/jpeg\" \/>\n<meta name=\"twitter:card\" content=\"summary_large_image\" \/>\n<meta name=\"twitter:label1\" content=\"Gesch\u00e4tzte Lesezeit\" \/>\n\t<meta name=\"twitter:data1\" content=\"1\u00a0Minute\" \/>\n<script type=\"application\/ld+json\" class=\"yoast-schema-graph\">{\"@context\":\"https:\/\/schema.org\",\"@graph\":[{\"@type\":\"WebPage\",\"@id\":\"https:\/\/denborg.nl\/de\/links\/\",\"url\":\"https:\/\/denborg.nl\/de\/links\/\",\"name\":\"Links | Den Borg Recreatie\",\"isPartOf\":{\"@id\":\"https:\/\/denborg.nl\/#website\"},\"primaryImageOfPage\":{\"@id\":\"https:\/\/denborg.nl\/de\/links\/#primaryimage\"},\"image\":{\"@id\":\"https:\/\/denborg.nl\/de\/links\/#primaryimage\"},\"thumbnailUrl\":\"https:\/\/denborg.nl\/wp-content\/uploads\/2025\/03\/201009132046183.avif\",\"datePublished\":\"2025-03-14T10:21:46+00:00\",\"dateModified\":\"2025-05-21T13:38:52+00:00\",\"description\":\"Genie\u00dfen Sie Ihren Urlaub und erkunden Sie die Achterhoek von unserem Campingplatz aus. Entdecken Sie abwechslungsreiche Natur, D\u00f6rfer und lustige Aktivit\u00e4ten.\",\"breadcrumb\":{\"@id\":\"https:\/\/denborg.nl\/de\/links\/#breadcrumb\"},\"inLanguage\":\"de\",\"potentialAction\":[{\"@type\":\"ReadAction\",\"target\":[\"https:\/\/denborg.nl\/de\/links\/\"]}]},{\"@type\":\"ImageObject\",\"inLanguage\":\"de\",\"@id\":\"https:\/\/denborg.nl\/de\/links\/#primaryimage\",\"url\":\"https:\/\/denborg.nl\/wp-content\/uploads\/2025\/03\/201009132046183.avif\",\"contentUrl\":\"https:\/\/denborg.nl\/wp-content\/uploads\/2025\/03\/201009132046183.avif\",\"width\":667,\"height\":445},{\"@type\":\"BreadcrumbList\",\"@id\":\"https:\/\/denborg.nl\/de\/links\/#breadcrumb\",\"itemListElement\":[{\"@type\":\"ListItem\",\"position\":1,\"name\":\"Home\",\"item\":\"https:\/\/denborg.nl\/de\/\"},{\"@type\":\"ListItem\",\"position\":2,\"name\":\"Links\"}]},{\"@type\":\"WebSite\",\"@id\":\"https:\/\/denborg.nl\/#website\",\"url\":\"https:\/\/denborg.nl\/\",\"name\":\"Den Borg Recreatie\",\"description\":\"\",\"publisher\":{\"@id\":\"https:\/\/denborg.nl\/#organization\"},\"alternateName\":\"Den Borg Recreatie\",\"potentialAction\":[{\"@type\":\"SearchAction\",\"target\":{\"@type\":\"EntryPoint\",\"urlTemplate\":\"https:\/\/denborg.nl\/?s={search_term_string}\"},\"query-input\":{\"@type\":\"PropertyValueSpecification\",\"valueRequired\":true,\"valueName\":\"search_term_string\"}}],\"inLanguage\":\"de\"},{\"@type\":\"Organization\",\"@id\":\"https:\/\/denborg.nl\/#organization\",\"name\":\"Den Borg Recreatie\",\"alternateName\":\"Den Borg Recreatie\",\"url\":\"https:\/\/denborg.nl\/\",\"logo\":{\"@type\":\"ImageObject\",\"inLanguage\":\"de\",\"@id\":\"https:\/\/denborg.nl\/#\/schema\/logo\/image\/\",\"url\":\"https:\/\/denborg.nl\/wp-content\/uploads\/2024\/11\/logo-png.webp\",\"contentUrl\":\"https:\/\/denborg.nl\/wp-content\/uploads\/2024\/11\/logo-png.webp\",\"width\":143,\"height\":181,\"caption\":\"Den Borg Recreatie\"},\"image\":{\"@id\":\"https:\/\/denborg.nl\/#\/schema\/logo\/image\/\"}}]}<\/script>\n<!-- \/ Yoast SEO plugin. -->","yoast_head_json":{"title":"Links | Den Borg Recreatie","description":"Genie\u00dfen Sie Ihren Urlaub und erkunden Sie die Achterhoek von unserem Campingplatz aus. Entdecken Sie abwechslungsreiche Natur, D\u00f6rfer und lustige Aktivit\u00e4ten.","robots":{"index":"index","follow":"follow","max-snippet":"max-snippet:-1","max-image-preview":"max-image-preview:large","max-video-preview":"max-video-preview:-1"},"canonical":"https:\/\/denborg.nl\/de\/links\/","og_locale":"de_DE","og_type":"article","og_title":"Links | Den Borg Recreatie","og_description":"Genie\u00dfen Sie Ihren Urlaub und erkunden Sie die Achterhoek von unserem Campingplatz aus. Entdecken Sie abwechslungsreiche Natur, D\u00f6rfer und lustige Aktivit\u00e4ten.","og_url":"https:\/\/denborg.nl\/de\/links\/","og_site_name":"Den Borg Recreatie","article_modified_time":"2025-05-21T13:38:52+00:00","og_image":[{"width":667,"height":445,"url":"https:\/\/denborg.nl\/wp-content\/uploads\/2025\/03\/201009132046183.avif","type":"image\/jpeg"}],"twitter_card":"summary_large_image","twitter_misc":{"Gesch\u00e4tzte Lesezeit":"1\u00a0Minute"},"schema":{"@context":"https:\/\/schema.org","@graph":[{"@type":"WebPage","@id":"https:\/\/denborg.nl\/de\/links\/","url":"https:\/\/denborg.nl\/de\/links\/","name":"Links | Den Borg Recreatie","isPartOf":{"@id":"https:\/\/denborg.nl\/#website"},"primaryImageOfPage":{"@id":"https:\/\/denborg.nl\/de\/links\/#primaryimage"},"image":{"@id":"https:\/\/denborg.nl\/de\/links\/#primaryimage"},"thumbnailUrl":"https:\/\/denborg.nl\/wp-content\/uploads\/2025\/03\/201009132046183.avif","datePublished":"2025-03-14T10:21:46+00:00","dateModified":"2025-05-21T13:38:52+00:00","description":"Genie\u00dfen Sie Ihren Urlaub und erkunden Sie die Achterhoek von unserem Campingplatz aus. Entdecken Sie abwechslungsreiche Natur, D\u00f6rfer und lustige Aktivit\u00e4ten.","breadcrumb":{"@id":"https:\/\/denborg.nl\/de\/links\/#breadcrumb"},"inLanguage":"de","potentialAction":[{"@type":"ReadAction","target":["https:\/\/denborg.nl\/de\/links\/"]}]},{"@type":"ImageObject","inLanguage":"de","@id":"https:\/\/denborg.nl\/de\/links\/#primaryimage","url":"https:\/\/denborg.nl\/wp-content\/uploads\/2025\/03\/201009132046183.avif","contentUrl":"https:\/\/denborg.nl\/wp-content\/uploads\/2025\/03\/201009132046183.avif","width":667,"height":445},{"@type":"BreadcrumbList","@id":"https:\/\/denborg.nl\/de\/links\/#breadcrumb","itemListElement":[{"@type":"ListItem","position":1,"name":"Home","item":"https:\/\/denborg.nl\/de\/"},{"@type":"ListItem","position":2,"name":"Links"}]},{"@type":"WebSite","@id":"https:\/\/denborg.nl\/#website","url":"https:\/\/denborg.nl\/","name":"Den Borg Recreatie","description":"","publisher":{"@id":"https:\/\/denborg.nl\/#organization"},"alternateName":"Den Borg Recreatie","potentialAction":[{"@type":"SearchAction","target":{"@type":"EntryPoint","urlTemplate":"https:\/\/denborg.nl\/?s={search_term_string}"},"query-input":{"@type":"PropertyValueSpecification","valueRequired":true,"valueName":"search_term_string"}}],"inLanguage":"de"},{"@type":"Organization","@id":"https:\/\/denborg.nl\/#organization","name":"Den Borg Recreatie","alternateName":"Den Borg Recreatie","url":"https:\/\/denborg.nl\/","logo":{"@type":"ImageObject","inLanguage":"de","@id":"https:\/\/denborg.nl\/#\/schema\/logo\/image\/","url":"https:\/\/denborg.nl\/wp-content\/uploads\/2024\/11\/logo-png.webp","contentUrl":"https:\/\/denborg.nl\/wp-content\/uploads\/2024\/11\/logo-png.webp","width":143,"height":181,"caption":"Den Borg Recreatie"},"image":{"@id":"https:\/\/denborg.nl\/#\/schema\/logo\/image\/"}}]}},"_links":{"self":[{"href":"https:\/\/denborg.nl\/de\/wp-json\/wp\/v2\/pages\/2898","targetHints":{"allow":["GET"]}}],"collection":[{"href":"https:\/\/denborg.nl\/de\/wp-json\/wp\/v2\/pages"}],"about":[{"href":"https:\/\/denborg.nl\/de\/wp-json\/wp\/v2\/types\/page"}],"author":[{"embeddable":true,"href":"https:\/\/denborg.nl\/de\/wp-json\/wp\/v2\/users\/1"}],"replies":[{"embeddable":true,"href":"https:\/\/denborg.nl\/de\/wp-json\/wp\/v2\/comments?post=2898"}],"version-history":[{"count":1,"href":"https:\/\/denborg.nl\/de\/wp-json\/wp\/v2\/pages\/2898\/revisions"}],"predecessor-version":[{"id":2899,"href":"https:\/\/denborg.nl\/de\/wp-json\/wp\/v2\/pages\/2898\/revisions\/2899"}],"wp:featuredmedia":[{"embeddable":true,"href":"https:\/\/denborg.nl\/de\/wp-json\/wp\/v2\/media\/2847"}],"wp:attachment":[{"href":"https:\/\/denborg.nl\/de\/wp-json\/wp\/v2\/media?parent=2898"}],"curies":[{"name":"wp","href":"https:\/\/api.w.org\/{rel}","templated":true}]}}