{"id":2896,"date":"2025-03-14T09:53:27","date_gmt":"2025-03-14T09:53:27","guid":{"rendered":"https:\/\/denborg.nl\/?page_id=2896"},"modified":"2025-05-21T13:09:00","modified_gmt":"2025-05-21T13:09:00","slug":"radfahren","status":"publish","type":"page","link":"https:\/\/denborg.nl\/de\/radfahren\/","title":{"rendered":"Radfahren"},"content":{"rendered":"<style type=\"text\/css\">\n    .header-heights {\n        height: 65vh;\n    }\n    .header-heights.home {\n        height: 80vh;\n    }\n    @media (max-width: 767px) {\n        .header-heights {\n            height: 30vh;\n        }\n        .header-heights.home {\n            height: 50vh;\n        }\n    }\n<\/style><section class=\"header-img\">\n        <div class=\"img-inner header-heights\" style=\"background-image: url(https:\/\/denborg.nl\/wp-content\/uploads\/2023\/10\/top_header-1600x900.webp);\"><div class=\"header_txt\">\n                <h3>Radfahren<\/h3>\n                <h2><\/h2><\/div><div class=\"container zb-container\"><\/div><\/div><\/section>\n\n\n<h1 class=\"wp-block-heading\">Radfahren im Achterhoek<\/h1>\n\n\n\n<p>Die wundersch\u00f6ne Umgebung eignet sich ideal f\u00fcr Radtouren durch die Achterhoek, Twente und Deutschland. 900 Hektar stehen Ruhesuchenden hier zur Verf\u00fcgung. Wald und Naturschutzgebiet mit Heidefl\u00e4chen, Wiesen, Kornfeldern, Hecken und kleinen B\u00e4chen.<\/p>\n\n\n<div style=\"margin-top: -30px\" class=\"tz-omenom-container image-left color-kleur3\"><div class=\"container\"><div class=\"col6 omenom-image\"><img loading=\"lazy\" decoding=\"async\" width=\"667\" height=\"500\" src=\"https:\/\/denborg.nl\/wp-content\/uploads\/2025\/03\/201010051520261.avif\" class=\"attachment-medium size-medium not-transparent\" alt=\"\" data-has-transparency=\"false\" data-dominant-color=\"556045\" style=\"--dominant-color: #556045;\" \/><\/div><div class=\"col4 omenom-content\"><h3>Kreuzungsroute<\/h3><div class=\"omenom-editor\"><p>Der Achterhoek wurde vom Radfahrerverband bereits zum besten Fahrradgebiet der Niederlande erkl\u00e4rt! Die Gegend bietet ideale Voraussetzungen f\u00fcr ausgedehnte Radtouren. Seit April 2009 ist die Achterhoek an das internationale Netz der Radknotenpunkte angeschlossen. Dieses Netzwerk erm\u00f6glicht Ihnen die Erstellung endloser Fahrradrouten durch die Achterhoek. Das Radwegenetz Achterhoek ist fast 1.500 Kilometer lang, verf\u00fcgt \u00fcber 330 sogenannte Knotenpunkte und ist an die Knotenpunktsysteme der Veluwe, Salland und Twente angeschlossen. Mit dem Radroutennetz k\u00f6nnen Sie Ihre eigenen Routen ganz nach Ihren W\u00fcnschen erstellen. Mit der Achterhoek-Radkarte k\u00f6nnen Sie noch einfacher Routen entlang der Radknotenpunkte zusammenstellen. Weitere Informationen: <a href=\"http:\/\/www.achterhoek.nl\/zien_en_doen\/fietsen\/fietsknooppunten.html\" target=\"_blank\" rel=\"noopener\">www.achterhoek.nl<\/a><\/p>\n<\/div><\/div><\/div><\/div>\n\n<div style=\"margin-top: -30px\" class=\"tz-omenom-container image-right color-kleur2\"><div class=\"container\"><div class=\"col6 omenom-image\"><img loading=\"lazy\" decoding=\"async\" width=\"750\" height=\"422\" src=\"https:\/\/denborg.nl\/wp-content\/uploads\/2023\/10\/eindfoto-1-750x422.webp\" class=\"attachment-medium size-medium not-transparent\" alt=\"\" srcset=\"https:\/\/denborg.nl\/wp-content\/uploads\/2023\/10\/eindfoto-1-750x422.webp 750w, https:\/\/denborg.nl\/wp-content\/uploads\/2023\/10\/eindfoto-1-1600x900.webp 1600w, https:\/\/denborg.nl\/wp-content\/uploads\/2023\/10\/eindfoto-1-768x432.webp 768w, https:\/\/denborg.nl\/wp-content\/uploads\/2023\/10\/eindfoto-1-1536x864.webp 1536w, https:\/\/denborg.nl\/wp-content\/uploads\/2023\/10\/eindfoto-1-2048x1152.webp 2048w\" sizes=\"auto, (max-width: 750px) 100vw, 750px\" data-has-transparency=\"false\" data-dominant-color=\"8f9a9b\" style=\"--dominant-color: #8f9a9b;\" \/><\/div><div class=\"col4 omenom-content\"><h3>Geniales Berkelland<\/h3><div class=\"omenom-editor\"><p>Die Route f\u00fchrt Sie am Naturschutzgebiet \u201eHet Needse Achterveld\u201c vorbei, einem wundersch\u00f6nen Gebiet, das zu einem Spaziergang einl\u00e4dt. In Borculo sind das Feuerwehrmuseum und das Kristallmuseum einen Besuch wert. Ruurlo hat das gr\u00f6\u00dfte Heckenlabyrinth der Welt und die Kaktus-Oase, wo Sie sich wie in einem anderen Teil der Welt f\u00fchlen werden. Jeder sollte mindestens einmal eine Bootsfahrt auf der Berkel machen. Eibergen und Borculo bieten diese M\u00f6glichkeit. Die Route ist mithilfe sogenannter \u201eRadknotenpunkte\u201c angelegt, was bedeutet, dass die Route vollst\u00e4ndig ausgeschildert ist und die Aufmerksamkeit des Radfahrers auf die Umgebung statt auf eine Karte gerichtet sein kann. Die H\u00e4lfte des Erl\u00f6ses aus dem Jubilee Cycle Route geht an den Ronald McDonald Children&#8217;s Fund. Die Route ist jederzeit verf\u00fcgbar <a href=\"http:\/\/www.vvveibergen.nl\/\" target=\"_blank\" rel=\"noopener\">VVV&#8217;s van Berkelland<\/a>.<\/p>\n<\/div><\/div><\/div><\/div>\n\n<div style=\"margin-top: -30px\" class=\"tz-omenom-container image-left color-kleur3\"><div class=\"container\"><div class=\"col6 omenom-image\"><img loading=\"lazy\" decoding=\"async\" width=\"667\" height=\"445\" src=\"https:\/\/denborg.nl\/wp-content\/uploads\/2025\/03\/201009132046183.avif\" class=\"attachment-medium size-medium not-transparent\" alt=\"\" data-has-transparency=\"false\" data-dominant-color=\"707d88\" style=\"--dominant-color: #707d88;\" \/><\/div><div class=\"col4 omenom-content\"><h3>De Arfgoodroute<\/h3><div class=\"omenom-editor\"><p>Die Arfgoodroute Achterhoek ist eine etwa 41 Kilometer lange Fahrradroute, die mit gr\u00fcnen ANWB-Routenschildern ausgeschildert ist und durch die Kulissenlandschaft in der Gegend um Groenlo, Lichtenvoorde und das deutsche Zwillbrock f\u00fchrt. Diese attraktive Route verbindet neun Touristenattraktionen und Sehensw\u00fcrdigkeiten, die alle etwas \u00fcber das kulturhistorische Erbe der Achterhoek erz\u00e4hlen und durchquert die Naturschutzgebiete Zwillbrocker Venn und Vragenderveen. Die Route f\u00fchrt in kurzer Entfernung am Campingplatz Den Borg vorbei. Mehr Infos: <a href=\"http:\/\/www.arfgoodroute.nl\/\" target=\"_blank\" rel=\"noopener\">www.arfgoodroute.nl<\/a><\/p>\n<\/div><\/div><\/div><\/div>\n\n<div style=\"margin-top: -30px\" class=\"tz-omenom-container image-right color-kleur2\"><div class=\"container\"><div class=\"col6 omenom-image\"><img loading=\"lazy\" decoding=\"async\" width=\"418\" height=\"311\" src=\"https:\/\/denborg.nl\/wp-content\/uploads\/2025\/03\/201009301353233.avif\" class=\"attachment-medium size-medium not-transparent\" alt=\"\" data-has-transparency=\"false\" data-dominant-color=\"817d55\" style=\"--dominant-color: #817d55;\" \/><\/div><div class=\"col4 omenom-content\"><h3>Flamingo-Route<\/h3><div class=\"omenom-editor\"><p>Diese international ausgeschilderte Route rund um Eibergen und Vreden f\u00fchrt 48 km durch die Niederlande und 39 km durch Deutschland. Es f\u00fchrt Sie zu den wundersch\u00f6nen, eleganten rosa Flamingos im Zwillbrocker Venn. Sie k\u00f6nnen an zwei Stellen beginnen. Im Caf\u00e9-Restaurant Terrace \u201eDe Keet\u201c an der Stra\u00dfe N18 Doetinchem\u2013Enschede (zwischen Groenlo und Eibergen). Und im Caf\u00e9 Restaurant Grenszicht in Holterhoek am Grenz\u00fcbergang Zwillbrock. Sie haben die Erlaubnis der Eigent\u00fcmer, auf dem sehr gro\u00dfen Parkplatz zu parken. Mehr Infos: <a href=\"http:\/\/www.fietsen.123.nl\/entry\/2610\/flamingoroute\" target=\"_blank\" rel=\"noopener\">www.fietsen.123.nl\/flamingoroute<\/a><\/p>\n<\/div><\/div><\/div><\/div>\n\n<div style=\"margin-top: -30px\" class=\"tz-omenom-container image-left color-kleur3\"><div class=\"container\"><div class=\"col6 omenom-image\"><img loading=\"lazy\" decoding=\"async\" width=\"610\" height=\"453\" src=\"https:\/\/denborg.nl\/wp-content\/uploads\/2025\/03\/201009301329172.avif\" class=\"attachment-medium size-medium not-transparent\" alt=\"\" data-has-transparency=\"false\" data-dominant-color=\"6b7961\" style=\"--dominant-color: #6b7961;\" \/><\/div><div class=\"col4 omenom-content\"><h3>Radfahren ohne Grenzen<\/h3><div class=\"omenom-editor\"><p>Der Start ist am Bootshaus &#8218;t Vonder in Eibergen. Sie radeln \u00fcber die Mallumse-Wasserm\u00fchle nach Zwillbrock in Deutschland, wo sich die \u00e4lteste Barockkirche Nordeuropas befindet. Im Zwillbrockervenn k\u00f6nnen Sie die seltenen V\u00f6gel und die wundersch\u00f6ne Natur genie\u00dfen. Anschlie\u00dfend radeln Sie \u00fcber eine zus\u00e4tzliche Radschleife (28 km) nach Vreden mit seinem gem\u00fctlichen Zentrum. Hier k\u00f6nnen Sie das Bauernhof- und Hamaland-Museum besuchen. Von hier aus radeln Sie in die alte Festungsstadt Groenlo und dann zur\u00fcck nach? \u00fcber die ehemalige Bahnstrecke. t Vonder. Diese Route ist verf\u00fcgbar bei der <a href=\"http:\/\/www.vvveibergen.nl\/\" target=\"_blank\" rel=\"noopener\">VVV Eibergen<\/a>.<\/p>\n<p>Weitere Informationen zu Radwegen in der Umgebung: <a href=\"http:\/\/www.vvveibergen.nl\/\" target=\"_blank\" rel=\"noreferrer noopener\">VVV Eibergen <\/a>Fahrr\u00e4der k\u00f6nnen auf dem Campingplatz gemietet werden, Sie m\u00fcssen also kein eigenes mitbringen.<\/p>\n<\/div><\/div><\/div><\/div>\n\n<style type='text\/css'>\n        #tz-spacer-69e07b9430e28 {\n            \n        }\n    <\/style><div id='tz-spacer-69e07b9430e28' class='tz-spacer'><\/div>","protected":false},"excerpt":{"rendered":"<p>Radfahren im Achterhoek Die wundersch\u00f6ne Umgebung eignet sich ideal f\u00fcr Radtouren durch die Achterhoek, Twente und Deutschland. 900 Hektar stehen Ruhesuchenden hier zur Verf\u00fcgung. Wald und Naturschutzgebiet mit Heidefl\u00e4chen, Wiesen, Kornfeldern, Hecken und kleinen B\u00e4chen.<\/p>\n","protected":false},"author":1,"featured_media":2844,"parent":0,"menu_order":0,"comment_status":"closed","ping_status":"closed","template":"","meta":{"_acf_changed":false,"footnotes":""},"class_list":["post-2896","page","type-page","status-publish","has-post-thumbnail","hentry"],"acf":[],"yoast_head":"<!-- This site is optimized with the Yoast SEO plugin v25.7 - https:\/\/yoast.com\/wordpress\/plugins\/seo\/ -->\n<title>Radfahren | Den Borg Recreatie<\/title>\n<meta name=\"description\" content=\"Steigen Sie auf Ihr Fahrrad und erkunden Sie die Achterhoek von unserem Campingplatz aus. Entdecken Sie abwechslungsreiche Radrouten durch Natur und D\u00f6rfer!\" \/>\n<meta name=\"robots\" content=\"index, follow, max-snippet:-1, max-image-preview:large, max-video-preview:-1\" \/>\n<link rel=\"canonical\" href=\"https:\/\/denborg.nl\/de\/radfahren\/\" \/>\n<meta property=\"og:locale\" content=\"de_DE\" \/>\n<meta property=\"og:type\" content=\"article\" \/>\n<meta property=\"og:title\" content=\"Radfahren | Den Borg Recreatie\" \/>\n<meta property=\"og:description\" content=\"Steigen Sie auf Ihr Fahrrad und erkunden Sie die Achterhoek von unserem Campingplatz aus. Entdecken Sie abwechslungsreiche Radrouten durch Natur und D\u00f6rfer!\" \/>\n<meta property=\"og:url\" content=\"https:\/\/denborg.nl\/de\/radfahren\/\" \/>\n<meta property=\"og:site_name\" content=\"Den Borg Recreatie\" \/>\n<meta property=\"article:modified_time\" content=\"2025-05-21T13:09:00+00:00\" \/>\n<meta property=\"og:image\" content=\"https:\/\/denborg.nl\/wp-content\/uploads\/2025\/03\/201009301329172.avif\" \/>\n\t<meta property=\"og:image:width\" content=\"610\" \/>\n\t<meta property=\"og:image:height\" content=\"453\" \/>\n\t<meta property=\"og:image:type\" content=\"image\/jpeg\" \/>\n<meta name=\"twitter:card\" content=\"summary_large_image\" \/>\n<meta name=\"twitter:label1\" content=\"Gesch\u00e4tzte Lesezeit\" \/>\n\t<meta name=\"twitter:data1\" content=\"1\u00a0Minute\" \/>\n<script type=\"application\/ld+json\" class=\"yoast-schema-graph\">{\"@context\":\"https:\/\/schema.org\",\"@graph\":[{\"@type\":\"WebPage\",\"@id\":\"https:\/\/denborg.nl\/de\/radfahren\/\",\"url\":\"https:\/\/denborg.nl\/de\/radfahren\/\",\"name\":\"Radfahren | Den Borg Recreatie\",\"isPartOf\":{\"@id\":\"https:\/\/denborg.nl\/#website\"},\"primaryImageOfPage\":{\"@id\":\"https:\/\/denborg.nl\/de\/radfahren\/#primaryimage\"},\"image\":{\"@id\":\"https:\/\/denborg.nl\/de\/radfahren\/#primaryimage\"},\"thumbnailUrl\":\"https:\/\/denborg.nl\/wp-content\/uploads\/2025\/03\/201009301329172.avif\",\"datePublished\":\"2025-03-14T09:53:27+00:00\",\"dateModified\":\"2025-05-21T13:09:00+00:00\",\"description\":\"Steigen Sie auf Ihr Fahrrad und erkunden Sie die Achterhoek von unserem Campingplatz aus. Entdecken Sie abwechslungsreiche Radrouten durch Natur und D\u00f6rfer!\",\"breadcrumb\":{\"@id\":\"https:\/\/denborg.nl\/de\/radfahren\/#breadcrumb\"},\"inLanguage\":\"de\",\"potentialAction\":[{\"@type\":\"ReadAction\",\"target\":[\"https:\/\/denborg.nl\/de\/radfahren\/\"]}]},{\"@type\":\"ImageObject\",\"inLanguage\":\"de\",\"@id\":\"https:\/\/denborg.nl\/de\/radfahren\/#primaryimage\",\"url\":\"https:\/\/denborg.nl\/wp-content\/uploads\/2025\/03\/201009301329172.avif\",\"contentUrl\":\"https:\/\/denborg.nl\/wp-content\/uploads\/2025\/03\/201009301329172.avif\",\"width\":610,\"height\":453},{\"@type\":\"BreadcrumbList\",\"@id\":\"https:\/\/denborg.nl\/de\/radfahren\/#breadcrumb\",\"itemListElement\":[{\"@type\":\"ListItem\",\"position\":1,\"name\":\"Home\",\"item\":\"https:\/\/denborg.nl\/de\/\"},{\"@type\":\"ListItem\",\"position\":2,\"name\":\"Radfahren\"}]},{\"@type\":\"WebSite\",\"@id\":\"https:\/\/denborg.nl\/#website\",\"url\":\"https:\/\/denborg.nl\/\",\"name\":\"Den Borg Recreatie\",\"description\":\"\",\"publisher\":{\"@id\":\"https:\/\/denborg.nl\/#organization\"},\"alternateName\":\"Den Borg Recreatie\",\"potentialAction\":[{\"@type\":\"SearchAction\",\"target\":{\"@type\":\"EntryPoint\",\"urlTemplate\":\"https:\/\/denborg.nl\/?s={search_term_string}\"},\"query-input\":{\"@type\":\"PropertyValueSpecification\",\"valueRequired\":true,\"valueName\":\"search_term_string\"}}],\"inLanguage\":\"de\"},{\"@type\":\"Organization\",\"@id\":\"https:\/\/denborg.nl\/#organization\",\"name\":\"Den Borg Recreatie\",\"alternateName\":\"Den Borg Recreatie\",\"url\":\"https:\/\/denborg.nl\/\",\"logo\":{\"@type\":\"ImageObject\",\"inLanguage\":\"de\",\"@id\":\"https:\/\/denborg.nl\/#\/schema\/logo\/image\/\",\"url\":\"https:\/\/denborg.nl\/wp-content\/uploads\/2024\/11\/logo-png.webp\",\"contentUrl\":\"https:\/\/denborg.nl\/wp-content\/uploads\/2024\/11\/logo-png.webp\",\"width\":143,\"height\":181,\"caption\":\"Den Borg Recreatie\"},\"image\":{\"@id\":\"https:\/\/denborg.nl\/#\/schema\/logo\/image\/\"}}]}<\/script>\n<!-- \/ Yoast SEO plugin. -->","yoast_head_json":{"title":"Radfahren | Den Borg Recreatie","description":"Steigen Sie auf Ihr Fahrrad und erkunden Sie die Achterhoek von unserem Campingplatz aus. Entdecken Sie abwechslungsreiche Radrouten durch Natur und D\u00f6rfer!","robots":{"index":"index","follow":"follow","max-snippet":"max-snippet:-1","max-image-preview":"max-image-preview:large","max-video-preview":"max-video-preview:-1"},"canonical":"https:\/\/denborg.nl\/de\/radfahren\/","og_locale":"de_DE","og_type":"article","og_title":"Radfahren | Den Borg Recreatie","og_description":"Steigen Sie auf Ihr Fahrrad und erkunden Sie die Achterhoek von unserem Campingplatz aus. Entdecken Sie abwechslungsreiche Radrouten durch Natur und D\u00f6rfer!","og_url":"https:\/\/denborg.nl\/de\/radfahren\/","og_site_name":"Den Borg Recreatie","article_modified_time":"2025-05-21T13:09:00+00:00","og_image":[{"width":610,"height":453,"url":"https:\/\/denborg.nl\/wp-content\/uploads\/2025\/03\/201009301329172.avif","type":"image\/jpeg"}],"twitter_card":"summary_large_image","twitter_misc":{"Gesch\u00e4tzte Lesezeit":"1\u00a0Minute"},"schema":{"@context":"https:\/\/schema.org","@graph":[{"@type":"WebPage","@id":"https:\/\/denborg.nl\/de\/radfahren\/","url":"https:\/\/denborg.nl\/de\/radfahren\/","name":"Radfahren | Den Borg Recreatie","isPartOf":{"@id":"https:\/\/denborg.nl\/#website"},"primaryImageOfPage":{"@id":"https:\/\/denborg.nl\/de\/radfahren\/#primaryimage"},"image":{"@id":"https:\/\/denborg.nl\/de\/radfahren\/#primaryimage"},"thumbnailUrl":"https:\/\/denborg.nl\/wp-content\/uploads\/2025\/03\/201009301329172.avif","datePublished":"2025-03-14T09:53:27+00:00","dateModified":"2025-05-21T13:09:00+00:00","description":"Steigen Sie auf Ihr Fahrrad und erkunden Sie die Achterhoek von unserem Campingplatz aus. Entdecken Sie abwechslungsreiche Radrouten durch Natur und D\u00f6rfer!","breadcrumb":{"@id":"https:\/\/denborg.nl\/de\/radfahren\/#breadcrumb"},"inLanguage":"de","potentialAction":[{"@type":"ReadAction","target":["https:\/\/denborg.nl\/de\/radfahren\/"]}]},{"@type":"ImageObject","inLanguage":"de","@id":"https:\/\/denborg.nl\/de\/radfahren\/#primaryimage","url":"https:\/\/denborg.nl\/wp-content\/uploads\/2025\/03\/201009301329172.avif","contentUrl":"https:\/\/denborg.nl\/wp-content\/uploads\/2025\/03\/201009301329172.avif","width":610,"height":453},{"@type":"BreadcrumbList","@id":"https:\/\/denborg.nl\/de\/radfahren\/#breadcrumb","itemListElement":[{"@type":"ListItem","position":1,"name":"Home","item":"https:\/\/denborg.nl\/de\/"},{"@type":"ListItem","position":2,"name":"Radfahren"}]},{"@type":"WebSite","@id":"https:\/\/denborg.nl\/#website","url":"https:\/\/denborg.nl\/","name":"Den Borg Recreatie","description":"","publisher":{"@id":"https:\/\/denborg.nl\/#organization"},"alternateName":"Den Borg Recreatie","potentialAction":[{"@type":"SearchAction","target":{"@type":"EntryPoint","urlTemplate":"https:\/\/denborg.nl\/?s={search_term_string}"},"query-input":{"@type":"PropertyValueSpecification","valueRequired":true,"valueName":"search_term_string"}}],"inLanguage":"de"},{"@type":"Organization","@id":"https:\/\/denborg.nl\/#organization","name":"Den Borg Recreatie","alternateName":"Den Borg Recreatie","url":"https:\/\/denborg.nl\/","logo":{"@type":"ImageObject","inLanguage":"de","@id":"https:\/\/denborg.nl\/#\/schema\/logo\/image\/","url":"https:\/\/denborg.nl\/wp-content\/uploads\/2024\/11\/logo-png.webp","contentUrl":"https:\/\/denborg.nl\/wp-content\/uploads\/2024\/11\/logo-png.webp","width":143,"height":181,"caption":"Den Borg Recreatie"},"image":{"@id":"https:\/\/denborg.nl\/#\/schema\/logo\/image\/"}}]}},"_links":{"self":[{"href":"https:\/\/denborg.nl\/de\/wp-json\/wp\/v2\/pages\/2896","targetHints":{"allow":["GET"]}}],"collection":[{"href":"https:\/\/denborg.nl\/de\/wp-json\/wp\/v2\/pages"}],"about":[{"href":"https:\/\/denborg.nl\/de\/wp-json\/wp\/v2\/types\/page"}],"author":[{"embeddable":true,"href":"https:\/\/denborg.nl\/de\/wp-json\/wp\/v2\/users\/1"}],"replies":[{"embeddable":true,"href":"https:\/\/denborg.nl\/de\/wp-json\/wp\/v2\/comments?post=2896"}],"version-history":[{"count":1,"href":"https:\/\/denborg.nl\/de\/wp-json\/wp\/v2\/pages\/2896\/revisions"}],"predecessor-version":[{"id":2897,"href":"https:\/\/denborg.nl\/de\/wp-json\/wp\/v2\/pages\/2896\/revisions\/2897"}],"wp:featuredmedia":[{"embeddable":true,"href":"https:\/\/denborg.nl\/de\/wp-json\/wp\/v2\/media\/2844"}],"wp:attachment":[{"href":"https:\/\/denborg.nl\/de\/wp-json\/wp\/v2\/media?parent=2896"}],"curies":[{"name":"wp","href":"https:\/\/api.w.org\/{rel}","templated":true}]}}