{"id":2894,"date":"2024-10-18T13:01:31","date_gmt":"2024-10-18T13:01:31","guid":{"rendered":"https:\/\/denborg.nl\/?page_id=2894"},"modified":"2025-07-08T07:12:52","modified_gmt":"2025-07-08T07:12:52","slug":"einrichtungen","status":"publish","type":"page","link":"https:\/\/denborg.nl\/de\/einrichtungen\/","title":{"rendered":"Einrichtungen"},"content":{"rendered":"<style type=\"text\/css\">\n    .header-heights {\n        height: 65vh;\n    }\n    .header-heights.home {\n        height: 80vh;\n    }\n    @media (max-width: 767px) {\n        .header-heights {\n            height: 30vh;\n        }\n        .header-heights.home {\n            height: 50vh;\n        }\n    }\n<\/style><section class=\"header-img\">\n        <div class=\"img-inner header-heights\" style=\"background-image: url(https:\/\/denborg.nl\/wp-content\/uploads\/2025\/07\/faciliteiten-1600x640.webp);\"><div class=\"container zb-container\"><\/div><\/div><\/section>\n\n\n<h1 class=\"wp-block-heading\">Unsere Einrichtungen<\/h1>\n\n\n<style type='text\/css'>\n        #tz-spacer-69e07ce55be7a {\n            \n        }\n    <\/style><div id='tz-spacer-69e07ce55be7a' class='tz-spacer'><\/div>\n\n<div style=\"margin-top: -30px\" class=\"tz-omenom-container image-left color-kleur2\"><div class=\"container\"><div class=\"col6 omenom-image\"><img loading=\"lazy\" decoding=\"async\" width=\"750\" height=\"500\" src=\"https:\/\/denborg.nl\/wp-content\/uploads\/2025\/07\/IMG_9534-750x500.webp\" class=\"attachment-medium size-medium\" alt=\"\" srcset=\"https:\/\/denborg.nl\/wp-content\/uploads\/2025\/07\/IMG_9534-750x500.webp 750w, https:\/\/denborg.nl\/wp-content\/uploads\/2025\/07\/IMG_9534-1600x1066.webp 1600w, https:\/\/denborg.nl\/wp-content\/uploads\/2025\/07\/IMG_9534-768x512.webp 768w, https:\/\/denborg.nl\/wp-content\/uploads\/2025\/07\/IMG_9534-1536x1024.webp 1536w, https:\/\/denborg.nl\/wp-content\/uploads\/2025\/07\/IMG_9534.webp 2000w\" sizes=\"auto, (max-width: 750px) 100vw, 750px\" \/><\/div><div class=\"col4 omenom-content\"><h3>Supermarkt<\/h3><div class=\"omenom-editor\"><p>Auf dem Campingplatz gibt es einen Supermarkt mit einem \u00fcberschaubaren Sortiment, in dem es t\u00e4glich frisch gebackene Br\u00f6tchen gibt. Neben den normalen \u201etrockenen\u201c Lebensmitteln kann man auch frische Lebensmittel und eine Reihe von Artikeln kaufen, die direkt mit dem Camping zu tun haben.<\/p>\n<p>Selbstverst\u00e4ndlich verkaufen wir bei Bedarf auch alle Arten von Softdrinks, Bier und Wein aus dem K\u00fchlschrank. Hier finden Sie auch Literatur und nat\u00fcrlich Ihre Zeitung.<\/p>\n<\/div><\/div><\/div><\/div>\n\n<div style=\"margin-top: -30px\" class=\"tz-omenom-container image-right color-kleur3\"><div class=\"container\"><div class=\"col6 omenom-image\"><img loading=\"lazy\" decoding=\"async\" width=\"750\" height=\"500\" src=\"https:\/\/denborg.nl\/wp-content\/uploads\/2025\/07\/Focus.-By-Femke-191-750x500.webp\" class=\"attachment-medium size-medium\" alt=\"\" srcset=\"https:\/\/denborg.nl\/wp-content\/uploads\/2025\/07\/Focus.-By-Femke-191-750x500.webp 750w, https:\/\/denborg.nl\/wp-content\/uploads\/2025\/07\/Focus.-By-Femke-191-1600x1066.webp 1600w, https:\/\/denborg.nl\/wp-content\/uploads\/2025\/07\/Focus.-By-Femke-191-768x512.webp 768w, https:\/\/denborg.nl\/wp-content\/uploads\/2025\/07\/Focus.-By-Femke-191-1536x1024.webp 1536w, https:\/\/denborg.nl\/wp-content\/uploads\/2025\/07\/Focus.-By-Femke-191.webp 2000w\" sizes=\"auto, (max-width: 750px) 100vw, 750px\" \/><\/div><div class=\"col4 omenom-content\"><h3>Snackbar<\/h3><div class=\"omenom-editor\"><p>F\u00fcr einen leckeren Snack oder eine einfache Mahlzeit besuchen Sie unsere Snackbar. Hier k\u00f6nnen Sie Pommes, Snacks, Sandwiches und Eis bestellen.<br \/>\nUnsere Produkte sind hochwertig und stammen von namhaften Herstellern, wir versuchen Ihnen die bestm\u00f6gliche Qualit\u00e4t anzubieten.<\/p>\n<\/div><\/div><\/div><\/div>\n\n<div style=\"margin-top: -30px\" class=\"tz-omenom-container image-left color-kleur2\"><div class=\"container\"><div class=\"col6 omenom-image\"><img loading=\"lazy\" decoding=\"async\" width=\"667\" height=\"445\" src=\"https:\/\/denborg.nl\/wp-content\/uploads\/2025\/03\/201010052045343.avif\" class=\"attachment-medium size-medium not-transparent\" alt=\"\" data-has-transparency=\"false\" data-dominant-color=\"5c371b\" style=\"--dominant-color: #5c371b;\" \/><\/div><div class=\"col4 omenom-content\"><h3>Kantine<\/h3><div class=\"omenom-editor\"><p>F\u00fcr Aktivit\u00e4ten aller Art, ein Getr\u00e4nk, einen Snack oder eine einfache Mahlzeit sind Sie in der Kantine (mit \u00fcberdachter Terrasse) herzlich willkommen. Es gibt regelm\u00e4\u00dfige Aktivit\u00e4ten wie Bingo, Disco, Darts, Tanzabende, Kartenabende und eine Playback-Show, aber es gibt noch viele weitere Aktivit\u00e4ten. Au\u00dferdem gibt es zwei Billardtische.<\/p>\n<\/div><\/div><\/div><\/div>\n\n<div style=\"margin-top: -30px\" class=\"tz-omenom-container image-right color-kleur3\"><div class=\"container\"><div class=\"col6 omenom-image\"><img loading=\"lazy\" decoding=\"async\" width=\"750\" height=\"500\" src=\"https:\/\/denborg.nl\/wp-content\/uploads\/2025\/03\/Den-Borg-Recreatie_Camping_Groepsaccommodatie_3-1-750x500.avif\" class=\"attachment-medium size-medium not-transparent\" alt=\"\" srcset=\"https:\/\/denborg.nl\/wp-content\/uploads\/2025\/03\/Den-Borg-Recreatie_Camping_Groepsaccommodatie_3-1-750x500.avif 750w, https:\/\/denborg.nl\/wp-content\/uploads\/2025\/03\/Den-Borg-Recreatie_Camping_Groepsaccommodatie_3-1-1600x1067.avif 1600w, https:\/\/denborg.nl\/wp-content\/uploads\/2025\/03\/Den-Borg-Recreatie_Camping_Groepsaccommodatie_3-1-768x512.avif 768w, https:\/\/denborg.nl\/wp-content\/uploads\/2025\/03\/Den-Borg-Recreatie_Camping_Groepsaccommodatie_3-1-1536x1024.avif 1536w, https:\/\/denborg.nl\/wp-content\/uploads\/2025\/03\/Den-Borg-Recreatie_Camping_Groepsaccommodatie_3-1-2048x1366.avif 2048w\" sizes=\"auto, (max-width: 750px) 100vw, 750px\" data-has-transparency=\"false\" data-dominant-color=\"7c7965\" style=\"--dominant-color: #7c7965;\" \/><\/div><div class=\"col4 omenom-content\"><h3>Sanit\u00e4ranlagen<\/h3><div class=\"omenom-editor\"><p>Das Toilettengeb\u00e4ude auf unserem Campingplatz ist ger\u00e4umig und komfortabel und den heutigen Bed\u00fcrfnissen angepasst. Es gibt jeweils einen separaten Bereich f\u00fcr Damen und Herren mit mehreren Duschen, Waschbecken und Toiletten. Im Au\u00dfenbereich befinden sich Waschbecken, ein Wasserhahn f\u00fcr Warm- und Kaltwasser sowie ein Ausguss f\u00fcr die Chemietoilette. Diese Einrichtungen garantieren einen komfortablen Aufenthalt auf dem Campingplatz. Es gibt einen separaten Raum, der als Babyzimmer eingerichtet ist. Es gibt eine behindertengerechte Duschm\u00f6glichkeit.<\/p>\n<p>Waschsalon<\/p>\n<p>In der N\u00e4he des Campingplatzeingangs befindet sich ein Waschsalon.<\/p>\n<\/div><\/div><\/div><\/div>\n\n<div style=\"margin-top: -30px\" class=\"tz-omenom-container image-left color-kleur2\"><div class=\"container\"><div class=\"col6 omenom-image\"><img loading=\"lazy\" decoding=\"async\" width=\"750\" height=\"499\" src=\"https:\/\/denborg.nl\/wp-content\/uploads\/2025\/07\/DenBorg_9-750x499.webp\" class=\"attachment-medium size-medium\" alt=\"\" srcset=\"https:\/\/denborg.nl\/wp-content\/uploads\/2025\/07\/DenBorg_9-750x499.webp 750w, https:\/\/denborg.nl\/wp-content\/uploads\/2025\/07\/DenBorg_9-1600x1065.webp 1600w, https:\/\/denborg.nl\/wp-content\/uploads\/2025\/07\/DenBorg_9-768x511.webp 768w, https:\/\/denborg.nl\/wp-content\/uploads\/2025\/07\/DenBorg_9-1536x1022.webp 1536w, https:\/\/denborg.nl\/wp-content\/uploads\/2025\/07\/DenBorg_9.webp 2000w\" sizes=\"auto, (max-width: 750px) 100vw, 750px\" \/><\/div><div class=\"col4 omenom-content\"><h3>Schwimmbad<\/h3><div class=\"omenom-editor\"><p>F\u00fcr Wasserspa\u00df und Entspannung besuchen Sie unser gro\u00dfz\u00fcgiges, beheiztes Schwimmbad. F\u00fcr zus\u00e4tzlichen Spa\u00df sorgt die gro\u00dfe 37-Meter-Rutsche und im separaten Kinderbecken k\u00f6nnen die Kleinen sicher planschen. Der Swimmingpool ist der ideale Ort f\u00fcr eine Abk\u00fchlung w\u00e4hrend Ihres Urlaubs. Wasserspa\u00df garantiert<\/p>\n<\/div><\/div><\/div><\/div>\n\n\n<h3 class=\"wp-block-heading\">Andere Einrichtungen<\/h3>\n\n\n\n<ul class=\"wp-block-list\">\n<li>gute sanit\u00e4re Einrichtungen<\/li>\n\n\n\n<li>gem\u00fctliche Kantine mit \u00fcberdachter Terrasse<\/li>\n\n\n\n<li>Lagerladen mit t\u00e4glich frisch gebackenen Br\u00f6tchen<\/li>\n\n\n\n<li>Snackbar<\/li>\n\n\n\n<li>Waschsalon<\/li>\n\n\n\n<li>Gel\u00e4ndebeleuchtung<\/li>\n\n\n\n<li>Sportplatz<\/li>\n\n\n\n<li>Spielplatz<\/li>\n\n\n\n<li>Jugendclub<\/li>\n\n\n\n<li>Streichelzoo<\/li>\n\n\n\n<li>Verleih von Fahrr\u00e4dern und Kanus<\/li>\n\n\n\n<li>Indoor-Spielanlage<\/li>\n\n\n\n<li>Freizeitteam w\u00e4hrend der Schulferien<\/li>\n\n\n\n<li>kostenloses WLAN auf dem gesamten Campingplatz<\/li>\n\n\n\n<li>H\u00fcpfburg<\/li>\n<\/ul>\n\n\n<section class=\"gallery-section top-gallery\"><h3>Bekijk alle foto&#039;s<\/h3><div class=\"gallery gallery-columns-4 gallery-size-medium\"><figure class=\"gallery-item acco1\"><div class=\"gallery-icon\"><a href=\"https:\/\/denborg.nl\/wp-content\/uploads\/2025\/07\/DenBorg_9.webp\" data-fancybox=\"gallery\"><img src=\"https:\/\/denborg.nl\/wp-content\/uploads\/2025\/07\/DenBorg_9-1600x1065.webp\" class=\"attachment-large size-large\" alt=\"\" decoding=\"async\" fetchpriority=\"high\"><\/a><\/div><\/figure><figure class=\"gallery-item acco2\"><div class=\"gallery-icon\"><a href=\"https:\/\/denborg.nl\/wp-content\/uploads\/2025\/07\/IMG_9242-1.webp\" data-fancybox=\"gallery\"><img src=\"https:\/\/denborg.nl\/wp-content\/uploads\/2025\/07\/IMG_9242-1-506x750.webp\" class=\"attachment-medium size-medium\" alt=\"\" decoding=\"async\" fetchpriority=\"high\"><\/a><\/div><\/figure><figure class=\"gallery-item acco3\"><div class=\"gallery-icon\"><a href=\"https:\/\/denborg.nl\/wp-content\/uploads\/2025\/03\/Den-Borg-Recreatie_Camping_Groepsaccommodatie.avif\" data-fancybox=\"gallery\"><img src=\"https:\/\/denborg.nl\/wp-content\/uploads\/2025\/03\/Den-Borg-Recreatie_Camping_Groepsaccommodatie-750x499.avif\" class=\"attachment-medium size-medium\" alt=\"\" decoding=\"async\" fetchpriority=\"high\"><\/a><\/div><\/figure><figure class=\"gallery-item acco4\"><div class=\"gallery-icon\"><a href=\"https:\/\/denborg.nl\/wp-content\/uploads\/2025\/07\/kind-met-ijsje.webp\" data-fancybox=\"gallery\"><img src=\"https:\/\/denborg.nl\/wp-content\/uploads\/2025\/07\/kind-met-ijsje-750x500.webp\" class=\"attachment-medium size-medium\" alt=\"\" decoding=\"async\" fetchpriority=\"high\"><\/a><\/div><\/figure><figure class=\"gallery-item\"><div class=\"gallery-icon\"><a href=\"https:\/\/denborg.nl\/wp-content\/uploads\/2025\/07\/IMG_9534.webp\" data-fancybox=\"gallery\"><img src=\"https:\/\/denborg.nl\/wp-content\/uploads\/2025\/07\/IMG_9534-750x500.webp\" class=\"attachment-medium size-medium\" alt=\"\" decoding=\"async\" fetchpriority=\"high\"><\/a><\/div><\/figure><figure class=\"gallery-item\"><div class=\"gallery-icon\"><a href=\"https:\/\/denborg.nl\/wp-content\/uploads\/2025\/03\/Den-Borg-Recreatie_Camping_Groepsaccommodatie_7-1.avif\" data-fancybox=\"gallery\"><img src=\"https:\/\/denborg.nl\/wp-content\/uploads\/2025\/03\/Den-Borg-Recreatie_Camping_Groepsaccommodatie_7-1-750x500.avif\" class=\"attachment-medium size-medium\" alt=\"\" decoding=\"async\" fetchpriority=\"high\"><\/a><\/div><\/figure><figure class=\"gallery-item\"><div class=\"gallery-icon\"><a href=\"https:\/\/denborg.nl\/wp-content\/uploads\/2025\/03\/Den-Borg-Recreatie_Camping_Groepsaccommodatie_8.avif\" data-fancybox=\"gallery\"><img src=\"https:\/\/denborg.nl\/wp-content\/uploads\/2025\/03\/Den-Borg-Recreatie_Camping_Groepsaccommodatie_8-500x750.avif\" class=\"attachment-medium size-medium\" alt=\"\" decoding=\"async\" fetchpriority=\"high\"><\/a><\/div><\/figure><figure class=\"gallery-item\"><div class=\"gallery-icon\"><a href=\"https:\/\/denborg.nl\/wp-content\/uploads\/2025\/07\/Focus.-By-Femke-191.webp\" data-fancybox=\"gallery\"><img src=\"https:\/\/denborg.nl\/wp-content\/uploads\/2025\/07\/Focus.-By-Femke-191-750x500.webp\" class=\"attachment-medium size-medium\" alt=\"\" decoding=\"async\" fetchpriority=\"high\"><\/a><\/div><\/figure><figure class=\"gallery-item\"><div class=\"gallery-icon\"><a href=\"https:\/\/denborg.nl\/wp-content\/uploads\/2025\/07\/boekenkast.webp\" data-fancybox=\"gallery\"><img src=\"https:\/\/denborg.nl\/wp-content\/uploads\/2025\/07\/boekenkast-750x500.webp\" class=\"attachment-medium size-medium\" alt=\"\" decoding=\"async\" fetchpriority=\"high\"><\/a><\/div><\/figure><figure class=\"gallery-item\"><div class=\"gallery-icon\"><a href=\"https:\/\/denborg.nl\/wp-content\/uploads\/2025\/07\/IMG_9542.webp\" data-fancybox=\"gallery\"><img src=\"https:\/\/denborg.nl\/wp-content\/uploads\/2025\/07\/IMG_9542-750x500.webp\" class=\"attachment-medium size-medium\" alt=\"\" decoding=\"async\" fetchpriority=\"high\"><\/a><\/div><\/figure><figure class=\"gallery-item\"><div class=\"gallery-icon\"><a href=\"https:\/\/denborg.nl\/wp-content\/uploads\/2025\/03\/Den-Borg-Recreatie_Camping_Groepsaccommodatie_3-2.avif\" data-fancybox=\"gallery\"><img src=\"https:\/\/denborg.nl\/wp-content\/uploads\/2025\/03\/Den-Borg-Recreatie_Camping_Groepsaccommodatie_3-2-500x750.avif\" class=\"attachment-medium size-medium\" alt=\"\" decoding=\"async\" fetchpriority=\"high\"><\/a><\/div><\/figure><figure class=\"gallery-item\"><div class=\"gallery-icon\"><a href=\"https:\/\/denborg.nl\/wp-content\/uploads\/2025\/07\/IMG_9292.webp\" data-fancybox=\"gallery\"><img src=\"https:\/\/denborg.nl\/wp-content\/uploads\/2025\/07\/IMG_9292-750x500.webp\" class=\"attachment-medium size-medium\" alt=\"\" decoding=\"async\" fetchpriority=\"high\"><\/a><\/div><\/figure><figure class=\"gallery-item\"><div class=\"gallery-icon\"><a href=\"https:\/\/denborg.nl\/wp-content\/uploads\/2025\/07\/IMG_9408.webp\" data-fancybox=\"gallery\"><img src=\"https:\/\/denborg.nl\/wp-content\/uploads\/2025\/07\/IMG_9408-750x500.webp\" class=\"attachment-medium size-medium\" alt=\"\" decoding=\"async\" fetchpriority=\"high\"><\/a><\/div><\/figure><figure class=\"gallery-item\"><div class=\"gallery-icon\"><a href=\"https:\/\/denborg.nl\/wp-content\/uploads\/2025\/03\/Den-Borg-Recreatie_Camping_Groepsaccommodatie_8-2.avif\" data-fancybox=\"gallery\"><img src=\"https:\/\/denborg.nl\/wp-content\/uploads\/2025\/03\/Den-Borg-Recreatie_Camping_Groepsaccommodatie_8-2-750x677.avif\" class=\"attachment-medium size-medium\" alt=\"\" decoding=\"async\" fetchpriority=\"high\"><\/a><\/div><\/figure><figure class=\"gallery-item\"><div class=\"gallery-icon\"><a href=\"https:\/\/denborg.nl\/wp-content\/uploads\/2025\/03\/Den-Borg-Recreatie_Camping_Groepsaccommodatie_2-1.avif\" data-fancybox=\"gallery\"><img src=\"https:\/\/denborg.nl\/wp-content\/uploads\/2025\/03\/Den-Borg-Recreatie_Camping_Groepsaccommodatie_2-1-750x500.avif\" class=\"attachment-medium size-medium\" alt=\"\" decoding=\"async\" fetchpriority=\"high\"><\/a><\/div><\/figure><\/div><\/section>\n\n\n<style type=\"text\/css\">\n    .omgeving-height {\n        height: 80vh;\n    }\n    @media (max-width: 767px) {\n        .omgeving-height {\n            height: 50vh;\n        }\n    }\n<\/style><section class=\"omgeving omgeving-full-width\">\n        <div class=\"omgeving-inner omgeving-height\" style=\"background-image: url(https:\/\/denborg.nl\/wp-content\/uploads\/2023\/10\/eindfoto-1600x900.webp);\"><div class=\"omgeving-text\">\n                <div class=\"text\"><h3>Entdecken Sie die Achterhoek in Gelderland<\/h3>\n<p>Unser Campingplatz liegt in einer wundersch\u00f6nen Region mit abwechslungsreicher Natur und charmanten D\u00f6rfern. Erkunden Sie kurvenreiche Radwege, wandern Sie durch ausgedehnte W\u00e4lder oder genie\u00dfen Sie die Ruhe am Wasser. Es gibt immer etwas Sch\u00f6nes zu entdecken.<\/p>\n<\/div><a href=\"https:\/\/denborg.nl\/de\/umgebung\/\" class=\"btn\">Umgebung<\/a><\/div><\/div><\/section>","protected":false},"excerpt":{"rendered":"<p>Unsere Einrichtungen Andere Einrichtungen<\/p>\n","protected":false},"author":1,"featured_media":2804,"parent":0,"menu_order":0,"comment_status":"closed","ping_status":"closed","template":"","meta":{"_acf_changed":false,"footnotes":""},"class_list":["post-2894","page","type-page","status-publish","has-post-thumbnail","hentry"],"acf":[],"yoast_head":"<!-- This site is optimized with the Yoast SEO plugin v25.7 - https:\/\/yoast.com\/wordpress\/plugins\/seo\/ -->\n<title>Einrichtungen | Den Borg Recreatie<\/title>\n<meta name=\"description\" content=\"Alles in Reichweite f\u00fcr einen wundersch\u00f6nen Urlaub! \u2705 Snackbar \u2705 Schwimmbad \u2705 Campingladen \u2705 Kantine \u2705 Spielplatz\" \/>\n<meta name=\"robots\" content=\"index, follow, max-snippet:-1, max-image-preview:large, max-video-preview:-1\" \/>\n<link rel=\"canonical\" href=\"https:\/\/denborg.nl\/de\/einrichtungen\/\" \/>\n<meta property=\"og:locale\" content=\"de_DE\" \/>\n<meta property=\"og:type\" content=\"article\" \/>\n<meta property=\"og:title\" content=\"Einrichtungen | Den Borg Recreatie\" \/>\n<meta property=\"og:description\" content=\"Alles in Reichweite f\u00fcr einen wundersch\u00f6nen Urlaub! \u2705 Snackbar \u2705 Schwimmbad \u2705 Campingladen \u2705 Kantine \u2705 Spielplatz\" \/>\n<meta property=\"og:url\" content=\"https:\/\/denborg.nl\/de\/einrichtungen\/\" \/>\n<meta property=\"og:site_name\" content=\"Den Borg Recreatie\" \/>\n<meta property=\"article:modified_time\" content=\"2025-07-08T07:12:52+00:00\" \/>\n<meta property=\"og:image\" content=\"https:\/\/denborg.nl\/wp-content\/uploads\/2025\/03\/Den-Borg-Recreatie_Camping_Groepsaccommodatie_8.avif\" \/>\n\t<meta property=\"og:image:width\" content=\"1667\" \/>\n\t<meta property=\"og:image:height\" content=\"2500\" \/>\n\t<meta property=\"og:image:type\" content=\"image\/jpeg\" \/>\n<meta name=\"twitter:card\" content=\"summary_large_image\" \/>\n<meta name=\"twitter:label1\" content=\"Gesch\u00e4tzte Lesezeit\" \/>\n\t<meta name=\"twitter:data1\" content=\"1\u00a0Minute\" \/>\n<script type=\"application\/ld+json\" class=\"yoast-schema-graph\">{\"@context\":\"https:\/\/schema.org\",\"@graph\":[{\"@type\":\"WebPage\",\"@id\":\"https:\/\/denborg.nl\/de\/einrichtungen\/\",\"url\":\"https:\/\/denborg.nl\/de\/einrichtungen\/\",\"name\":\"Einrichtungen | Den Borg Recreatie\",\"isPartOf\":{\"@id\":\"https:\/\/denborg.nl\/#website\"},\"primaryImageOfPage\":{\"@id\":\"https:\/\/denborg.nl\/de\/einrichtungen\/#primaryimage\"},\"image\":{\"@id\":\"https:\/\/denborg.nl\/de\/einrichtungen\/#primaryimage\"},\"thumbnailUrl\":\"https:\/\/denborg.nl\/wp-content\/uploads\/2025\/03\/Den-Borg-Recreatie_Camping_Groepsaccommodatie_8.avif\",\"datePublished\":\"2024-10-18T13:01:31+00:00\",\"dateModified\":\"2025-07-08T07:12:52+00:00\",\"description\":\"Alles in Reichweite f\u00fcr einen wundersch\u00f6nen Urlaub! \u2705 Snackbar \u2705 Schwimmbad \u2705 Campingladen \u2705 Kantine \u2705 Spielplatz\",\"breadcrumb\":{\"@id\":\"https:\/\/denborg.nl\/de\/einrichtungen\/#breadcrumb\"},\"inLanguage\":\"de\",\"potentialAction\":[{\"@type\":\"ReadAction\",\"target\":[\"https:\/\/denborg.nl\/de\/einrichtungen\/\"]}]},{\"@type\":\"ImageObject\",\"inLanguage\":\"de\",\"@id\":\"https:\/\/denborg.nl\/de\/einrichtungen\/#primaryimage\",\"url\":\"https:\/\/denborg.nl\/wp-content\/uploads\/2025\/03\/Den-Borg-Recreatie_Camping_Groepsaccommodatie_8.avif\",\"contentUrl\":\"https:\/\/denborg.nl\/wp-content\/uploads\/2025\/03\/Den-Borg-Recreatie_Camping_Groepsaccommodatie_8.avif\",\"width\":1667,\"height\":2500},{\"@type\":\"BreadcrumbList\",\"@id\":\"https:\/\/denborg.nl\/de\/einrichtungen\/#breadcrumb\",\"itemListElement\":[{\"@type\":\"ListItem\",\"position\":1,\"name\":\"Home\",\"item\":\"https:\/\/denborg.nl\/de\/\"},{\"@type\":\"ListItem\",\"position\":2,\"name\":\"Einrichtungen\"}]},{\"@type\":\"WebSite\",\"@id\":\"https:\/\/denborg.nl\/#website\",\"url\":\"https:\/\/denborg.nl\/\",\"name\":\"Den Borg Recreatie\",\"description\":\"\",\"publisher\":{\"@id\":\"https:\/\/denborg.nl\/#organization\"},\"alternateName\":\"Den Borg Recreatie\",\"potentialAction\":[{\"@type\":\"SearchAction\",\"target\":{\"@type\":\"EntryPoint\",\"urlTemplate\":\"https:\/\/denborg.nl\/?s={search_term_string}\"},\"query-input\":{\"@type\":\"PropertyValueSpecification\",\"valueRequired\":true,\"valueName\":\"search_term_string\"}}],\"inLanguage\":\"de\"},{\"@type\":\"Organization\",\"@id\":\"https:\/\/denborg.nl\/#organization\",\"name\":\"Den Borg Recreatie\",\"alternateName\":\"Den Borg Recreatie\",\"url\":\"https:\/\/denborg.nl\/\",\"logo\":{\"@type\":\"ImageObject\",\"inLanguage\":\"de\",\"@id\":\"https:\/\/denborg.nl\/#\/schema\/logo\/image\/\",\"url\":\"https:\/\/denborg.nl\/wp-content\/uploads\/2024\/11\/logo-png.webp\",\"contentUrl\":\"https:\/\/denborg.nl\/wp-content\/uploads\/2024\/11\/logo-png.webp\",\"width\":143,\"height\":181,\"caption\":\"Den Borg Recreatie\"},\"image\":{\"@id\":\"https:\/\/denborg.nl\/#\/schema\/logo\/image\/\"}}]}<\/script>\n<!-- \/ Yoast SEO plugin. -->","yoast_head_json":{"title":"Einrichtungen | Den Borg Recreatie","description":"Alles in Reichweite f\u00fcr einen wundersch\u00f6nen Urlaub! \u2705 Snackbar \u2705 Schwimmbad \u2705 Campingladen \u2705 Kantine \u2705 Spielplatz","robots":{"index":"index","follow":"follow","max-snippet":"max-snippet:-1","max-image-preview":"max-image-preview:large","max-video-preview":"max-video-preview:-1"},"canonical":"https:\/\/denborg.nl\/de\/einrichtungen\/","og_locale":"de_DE","og_type":"article","og_title":"Einrichtungen | Den Borg Recreatie","og_description":"Alles in Reichweite f\u00fcr einen wundersch\u00f6nen Urlaub! \u2705 Snackbar \u2705 Schwimmbad \u2705 Campingladen \u2705 Kantine \u2705 Spielplatz","og_url":"https:\/\/denborg.nl\/de\/einrichtungen\/","og_site_name":"Den Borg Recreatie","article_modified_time":"2025-07-08T07:12:52+00:00","og_image":[{"width":1667,"height":2500,"url":"https:\/\/denborg.nl\/wp-content\/uploads\/2025\/03\/Den-Borg-Recreatie_Camping_Groepsaccommodatie_8.avif","type":"image\/jpeg"}],"twitter_card":"summary_large_image","twitter_misc":{"Gesch\u00e4tzte Lesezeit":"1\u00a0Minute"},"schema":{"@context":"https:\/\/schema.org","@graph":[{"@type":"WebPage","@id":"https:\/\/denborg.nl\/de\/einrichtungen\/","url":"https:\/\/denborg.nl\/de\/einrichtungen\/","name":"Einrichtungen | Den Borg Recreatie","isPartOf":{"@id":"https:\/\/denborg.nl\/#website"},"primaryImageOfPage":{"@id":"https:\/\/denborg.nl\/de\/einrichtungen\/#primaryimage"},"image":{"@id":"https:\/\/denborg.nl\/de\/einrichtungen\/#primaryimage"},"thumbnailUrl":"https:\/\/denborg.nl\/wp-content\/uploads\/2025\/03\/Den-Borg-Recreatie_Camping_Groepsaccommodatie_8.avif","datePublished":"2024-10-18T13:01:31+00:00","dateModified":"2025-07-08T07:12:52+00:00","description":"Alles in Reichweite f\u00fcr einen wundersch\u00f6nen Urlaub! \u2705 Snackbar \u2705 Schwimmbad \u2705 Campingladen \u2705 Kantine \u2705 Spielplatz","breadcrumb":{"@id":"https:\/\/denborg.nl\/de\/einrichtungen\/#breadcrumb"},"inLanguage":"de","potentialAction":[{"@type":"ReadAction","target":["https:\/\/denborg.nl\/de\/einrichtungen\/"]}]},{"@type":"ImageObject","inLanguage":"de","@id":"https:\/\/denborg.nl\/de\/einrichtungen\/#primaryimage","url":"https:\/\/denborg.nl\/wp-content\/uploads\/2025\/03\/Den-Borg-Recreatie_Camping_Groepsaccommodatie_8.avif","contentUrl":"https:\/\/denborg.nl\/wp-content\/uploads\/2025\/03\/Den-Borg-Recreatie_Camping_Groepsaccommodatie_8.avif","width":1667,"height":2500},{"@type":"BreadcrumbList","@id":"https:\/\/denborg.nl\/de\/einrichtungen\/#breadcrumb","itemListElement":[{"@type":"ListItem","position":1,"name":"Home","item":"https:\/\/denborg.nl\/de\/"},{"@type":"ListItem","position":2,"name":"Einrichtungen"}]},{"@type":"WebSite","@id":"https:\/\/denborg.nl\/#website","url":"https:\/\/denborg.nl\/","name":"Den Borg Recreatie","description":"","publisher":{"@id":"https:\/\/denborg.nl\/#organization"},"alternateName":"Den Borg Recreatie","potentialAction":[{"@type":"SearchAction","target":{"@type":"EntryPoint","urlTemplate":"https:\/\/denborg.nl\/?s={search_term_string}"},"query-input":{"@type":"PropertyValueSpecification","valueRequired":true,"valueName":"search_term_string"}}],"inLanguage":"de"},{"@type":"Organization","@id":"https:\/\/denborg.nl\/#organization","name":"Den Borg Recreatie","alternateName":"Den Borg Recreatie","url":"https:\/\/denborg.nl\/","logo":{"@type":"ImageObject","inLanguage":"de","@id":"https:\/\/denborg.nl\/#\/schema\/logo\/image\/","url":"https:\/\/denborg.nl\/wp-content\/uploads\/2024\/11\/logo-png.webp","contentUrl":"https:\/\/denborg.nl\/wp-content\/uploads\/2024\/11\/logo-png.webp","width":143,"height":181,"caption":"Den Borg Recreatie"},"image":{"@id":"https:\/\/denborg.nl\/#\/schema\/logo\/image\/"}}]}},"_links":{"self":[{"href":"https:\/\/denborg.nl\/de\/wp-json\/wp\/v2\/pages\/2894","targetHints":{"allow":["GET"]}}],"collection":[{"href":"https:\/\/denborg.nl\/de\/wp-json\/wp\/v2\/pages"}],"about":[{"href":"https:\/\/denborg.nl\/de\/wp-json\/wp\/v2\/types\/page"}],"author":[{"embeddable":true,"href":"https:\/\/denborg.nl\/de\/wp-json\/wp\/v2\/users\/1"}],"replies":[{"embeddable":true,"href":"https:\/\/denborg.nl\/de\/wp-json\/wp\/v2\/comments?post=2894"}],"version-history":[{"count":5,"href":"https:\/\/denborg.nl\/de\/wp-json\/wp\/v2\/pages\/2894\/revisions"}],"predecessor-version":[{"id":3042,"href":"https:\/\/denborg.nl\/de\/wp-json\/wp\/v2\/pages\/2894\/revisions\/3042"}],"wp:featuredmedia":[{"embeddable":true,"href":"https:\/\/denborg.nl\/de\/wp-json\/wp\/v2\/media\/2804"}],"wp:attachment":[{"href":"https:\/\/denborg.nl\/de\/wp-json\/wp\/v2\/media?parent=2894"}],"curies":[{"name":"wp","href":"https:\/\/api.w.org\/{rel}","templated":true}]}}