{"id":2892,"date":"2023-10-25T14:44:14","date_gmt":"2023-10-25T14:44:14","guid":{"rendered":"https:\/\/denborg.nl\/?page_id=2892"},"modified":"2025-05-21T12:49:16","modified_gmt":"2025-05-21T12:49:16","slug":"kontakt","status":"publish","type":"page","link":"https:\/\/denborg.nl\/de\/kontakt\/","title":{"rendered":"Kontakt"},"content":{"rendered":"<style type=\"text\/css\">\n    .header-heights {\n        height: 65vh;\n    }\n    .header-heights.home {\n        height: 80vh;\n    }\n    @media (max-width: 767px) {\n        .header-heights {\n            height: 30vh;\n        }\n        .header-heights.home {\n            height: 50vh;\n        }\n    }\n<\/style><section class=\"header-img\">\n        <div class=\"img-inner header-heights\" style=\"background-image: url(https:\/\/denborg.nl\/wp-content\/uploads\/2023\/10\/top_header-1600x900.webp);\"><div class=\"header_txt\">\n                <h3>Der Gelderse Achterhoek<\/h3>\n                <h2>eines der sch\u00f6nsten Naturgebiete der Niederlande<\/h2><\/div><div class=\"container zb-container\"><\/div><\/div><\/section>\n\n\n<h1 class=\"wp-block-heading\">Wir sind f\u00fcr Sie da!<\/h1>\n\n\n\n<p>Sie haben Fragen, w\u00fcnschen weitere Informationen oder m\u00f6chten gleich reservieren? Nehmen Sie gerne Kontakt mit uns auf. Wir helfen Ihnen gerne dabei, Ihren Aufenthalt bei Den Borg Recreatie zu vervollst\u00e4ndigen.<\/p>\n\n\n\n<div class=\"wp-block-columns is-layout-flex wp-container-core-columns-is-layout-9d6595d7 wp-block-columns-is-layout-flex\">\n<div class=\"wp-block-column is-layout-flow wp-block-column-is-layout-flow\" style=\"flex-basis:33.33%\"><div class=\"tz-naw\"><h3>Den Borg Recreatie<\/h3>Oldenkotseweg 8<br>7157 BV Rekken<br> <a href=\"tel:0545 - 431 400\">0545 &#8211; 431 400<\/a><br> <a href=\"mailto:info@denborg.nl\">info@denborg.nl<\/a><\/div><\/div>\n\n\n\n<div class=\"wp-block-column is-layout-flow wp-block-column-is-layout-flow\" style=\"flex-basis:66.66%\"><div class=\"tz-googlemaps\"><iframe width=\"600\" height=\"450\" frameborder=\"0\" style=\"border:0\" src=\"https:\/\/www.google.com\/maps?q=Oldenkotseweg+8%2C+7157+BV+Rekken%2C+&#038;output=embed\" allowfullscreen loading=\"lazy\" referrerpolicy=\"no-referrer-when-downgrade\"><\/iframe><\/div><\/div>\n<\/div>\n\n\n<style type='text\/css'>\n        #tz-spacer-69e09380d0aa3 {\n            \n        }\n    <\/style><div id='tz-spacer-69e09380d0aa3' class='tz-spacer'><\/div>\n\n<style type='text\/css'>\n        #tz-spacer-69e09380d0cc2 {\n            \n        }\n    <\/style><div id='tz-spacer-69e09380d0cc2' class='tz-spacer'><\/div>","protected":false},"excerpt":{"rendered":"<p>Wir sind f\u00fcr Sie da! Sie haben Fragen, w\u00fcnschen weitere Informationen oder m\u00f6chten gleich reservieren? Nehmen Sie gerne Kontakt mit uns auf. Wir helfen Ihnen gerne dabei, Ihren Aufenthalt bei Den Borg Recreatie zu vervollst\u00e4ndigen.<\/p>\n","protected":false},"author":1,"featured_media":2828,"parent":0,"menu_order":0,"comment_status":"closed","ping_status":"closed","template":"","meta":{"_acf_changed":false,"footnotes":""},"class_list":["post-2892","page","type-page","status-publish","has-post-thumbnail","hentry"],"acf":[],"yoast_head":"<!-- This site is optimized with the Yoast SEO plugin v25.7 - https:\/\/yoast.com\/wordpress\/plugins\/seo\/ -->\n<title>Kontakt | Den Borg Recreatie<\/title>\n<meta name=\"description\" content=\"Wir sind f\u00fcr Sie da! Sie m\u00f6chten weitere Informationen oder eine Reservierung vornehmen? Nehmen Sie gerne Kontakt mit uns auf. Wir w\u00fcrden uns freuen, Sie bei Den Borg Recreation begr\u00fc\u00dfen zu d\u00fcrfen.\" \/>\n<meta name=\"robots\" content=\"index, follow, max-snippet:-1, max-image-preview:large, max-video-preview:-1\" \/>\n<link rel=\"canonical\" href=\"https:\/\/denborg.nl\/de\/kontakt\/\" \/>\n<meta property=\"og:locale\" content=\"de_DE\" \/>\n<meta property=\"og:type\" content=\"article\" \/>\n<meta property=\"og:title\" content=\"Kontakt | Den Borg Recreatie\" \/>\n<meta property=\"og:description\" content=\"Wir sind f\u00fcr Sie da! Sie m\u00f6chten weitere Informationen oder eine Reservierung vornehmen? Nehmen Sie gerne Kontakt mit uns auf. Wir w\u00fcrden uns freuen, Sie bei Den Borg Recreation begr\u00fc\u00dfen zu d\u00fcrfen.\" \/>\n<meta property=\"og:url\" content=\"https:\/\/denborg.nl\/de\/kontakt\/\" \/>\n<meta property=\"og:site_name\" content=\"Den Borg Recreatie\" \/>\n<meta property=\"article:modified_time\" content=\"2025-05-21T12:49:16+00:00\" \/>\n<meta property=\"og:image\" content=\"https:\/\/denborg.nl\/wp-content\/uploads\/2025\/03\/201501221937522.avif\" \/>\n\t<meta property=\"og:image:width\" content=\"667\" \/>\n\t<meta property=\"og:image:height\" content=\"445\" \/>\n\t<meta property=\"og:image:type\" content=\"image\/jpeg\" \/>\n<meta name=\"twitter:card\" content=\"summary_large_image\" \/>\n<meta name=\"twitter:label1\" content=\"Gesch\u00e4tzte Lesezeit\" \/>\n\t<meta name=\"twitter:data1\" content=\"1\u00a0Minute\" \/>\n<script type=\"application\/ld+json\" class=\"yoast-schema-graph\">{\"@context\":\"https:\/\/schema.org\",\"@graph\":[{\"@type\":\"WebPage\",\"@id\":\"https:\/\/denborg.nl\/de\/kontakt\/\",\"url\":\"https:\/\/denborg.nl\/de\/kontakt\/\",\"name\":\"Kontakt | Den Borg Recreatie\",\"isPartOf\":{\"@id\":\"https:\/\/denborg.nl\/#website\"},\"primaryImageOfPage\":{\"@id\":\"https:\/\/denborg.nl\/de\/kontakt\/#primaryimage\"},\"image\":{\"@id\":\"https:\/\/denborg.nl\/de\/kontakt\/#primaryimage\"},\"thumbnailUrl\":\"https:\/\/denborg.nl\/wp-content\/uploads\/2025\/03\/201501221937522.avif\",\"datePublished\":\"2023-10-25T14:44:14+00:00\",\"dateModified\":\"2025-05-21T12:49:16+00:00\",\"description\":\"Wir sind f\u00fcr Sie da! Sie m\u00f6chten weitere Informationen oder eine Reservierung vornehmen? Nehmen Sie gerne Kontakt mit uns auf. Wir w\u00fcrden uns freuen, Sie bei Den Borg Recreation begr\u00fc\u00dfen zu d\u00fcrfen.\",\"breadcrumb\":{\"@id\":\"https:\/\/denborg.nl\/de\/kontakt\/#breadcrumb\"},\"inLanguage\":\"de\",\"potentialAction\":[{\"@type\":\"ReadAction\",\"target\":[\"https:\/\/denborg.nl\/de\/kontakt\/\"]}]},{\"@type\":\"ImageObject\",\"inLanguage\":\"de\",\"@id\":\"https:\/\/denborg.nl\/de\/kontakt\/#primaryimage\",\"url\":\"https:\/\/denborg.nl\/wp-content\/uploads\/2025\/03\/201501221937522.avif\",\"contentUrl\":\"https:\/\/denborg.nl\/wp-content\/uploads\/2025\/03\/201501221937522.avif\",\"width\":667,\"height\":445},{\"@type\":\"BreadcrumbList\",\"@id\":\"https:\/\/denborg.nl\/de\/kontakt\/#breadcrumb\",\"itemListElement\":[{\"@type\":\"ListItem\",\"position\":1,\"name\":\"Home\",\"item\":\"https:\/\/denborg.nl\/de\/\"},{\"@type\":\"ListItem\",\"position\":2,\"name\":\"Kontakt\"}]},{\"@type\":\"WebSite\",\"@id\":\"https:\/\/denborg.nl\/#website\",\"url\":\"https:\/\/denborg.nl\/\",\"name\":\"Den Borg Recreatie\",\"description\":\"\",\"publisher\":{\"@id\":\"https:\/\/denborg.nl\/#organization\"},\"alternateName\":\"Den Borg Recreatie\",\"potentialAction\":[{\"@type\":\"SearchAction\",\"target\":{\"@type\":\"EntryPoint\",\"urlTemplate\":\"https:\/\/denborg.nl\/?s={search_term_string}\"},\"query-input\":{\"@type\":\"PropertyValueSpecification\",\"valueRequired\":true,\"valueName\":\"search_term_string\"}}],\"inLanguage\":\"de\"},{\"@type\":\"Organization\",\"@id\":\"https:\/\/denborg.nl\/#organization\",\"name\":\"Den Borg Recreatie\",\"alternateName\":\"Den Borg Recreatie\",\"url\":\"https:\/\/denborg.nl\/\",\"logo\":{\"@type\":\"ImageObject\",\"inLanguage\":\"de\",\"@id\":\"https:\/\/denborg.nl\/#\/schema\/logo\/image\/\",\"url\":\"https:\/\/denborg.nl\/wp-content\/uploads\/2024\/11\/logo-png.webp\",\"contentUrl\":\"https:\/\/denborg.nl\/wp-content\/uploads\/2024\/11\/logo-png.webp\",\"width\":143,\"height\":181,\"caption\":\"Den Borg Recreatie\"},\"image\":{\"@id\":\"https:\/\/denborg.nl\/#\/schema\/logo\/image\/\"}}]}<\/script>\n<!-- \/ Yoast SEO plugin. -->","yoast_head_json":{"title":"Kontakt | Den Borg Recreatie","description":"Wir sind f\u00fcr Sie da! Sie m\u00f6chten weitere Informationen oder eine Reservierung vornehmen? Nehmen Sie gerne Kontakt mit uns auf. Wir w\u00fcrden uns freuen, Sie bei Den Borg Recreation begr\u00fc\u00dfen zu d\u00fcrfen.","robots":{"index":"index","follow":"follow","max-snippet":"max-snippet:-1","max-image-preview":"max-image-preview:large","max-video-preview":"max-video-preview:-1"},"canonical":"https:\/\/denborg.nl\/de\/kontakt\/","og_locale":"de_DE","og_type":"article","og_title":"Kontakt | Den Borg Recreatie","og_description":"Wir sind f\u00fcr Sie da! Sie m\u00f6chten weitere Informationen oder eine Reservierung vornehmen? Nehmen Sie gerne Kontakt mit uns auf. Wir w\u00fcrden uns freuen, Sie bei Den Borg Recreation begr\u00fc\u00dfen zu d\u00fcrfen.","og_url":"https:\/\/denborg.nl\/de\/kontakt\/","og_site_name":"Den Borg Recreatie","article_modified_time":"2025-05-21T12:49:16+00:00","og_image":[{"width":667,"height":445,"url":"https:\/\/denborg.nl\/wp-content\/uploads\/2025\/03\/201501221937522.avif","type":"image\/jpeg"}],"twitter_card":"summary_large_image","twitter_misc":{"Gesch\u00e4tzte Lesezeit":"1\u00a0Minute"},"schema":{"@context":"https:\/\/schema.org","@graph":[{"@type":"WebPage","@id":"https:\/\/denborg.nl\/de\/kontakt\/","url":"https:\/\/denborg.nl\/de\/kontakt\/","name":"Kontakt | Den Borg Recreatie","isPartOf":{"@id":"https:\/\/denborg.nl\/#website"},"primaryImageOfPage":{"@id":"https:\/\/denborg.nl\/de\/kontakt\/#primaryimage"},"image":{"@id":"https:\/\/denborg.nl\/de\/kontakt\/#primaryimage"},"thumbnailUrl":"https:\/\/denborg.nl\/wp-content\/uploads\/2025\/03\/201501221937522.avif","datePublished":"2023-10-25T14:44:14+00:00","dateModified":"2025-05-21T12:49:16+00:00","description":"Wir sind f\u00fcr Sie da! Sie m\u00f6chten weitere Informationen oder eine Reservierung vornehmen? Nehmen Sie gerne Kontakt mit uns auf. Wir w\u00fcrden uns freuen, Sie bei Den Borg Recreation begr\u00fc\u00dfen zu d\u00fcrfen.","breadcrumb":{"@id":"https:\/\/denborg.nl\/de\/kontakt\/#breadcrumb"},"inLanguage":"de","potentialAction":[{"@type":"ReadAction","target":["https:\/\/denborg.nl\/de\/kontakt\/"]}]},{"@type":"ImageObject","inLanguage":"de","@id":"https:\/\/denborg.nl\/de\/kontakt\/#primaryimage","url":"https:\/\/denborg.nl\/wp-content\/uploads\/2025\/03\/201501221937522.avif","contentUrl":"https:\/\/denborg.nl\/wp-content\/uploads\/2025\/03\/201501221937522.avif","width":667,"height":445},{"@type":"BreadcrumbList","@id":"https:\/\/denborg.nl\/de\/kontakt\/#breadcrumb","itemListElement":[{"@type":"ListItem","position":1,"name":"Home","item":"https:\/\/denborg.nl\/de\/"},{"@type":"ListItem","position":2,"name":"Kontakt"}]},{"@type":"WebSite","@id":"https:\/\/denborg.nl\/#website","url":"https:\/\/denborg.nl\/","name":"Den Borg Recreatie","description":"","publisher":{"@id":"https:\/\/denborg.nl\/#organization"},"alternateName":"Den Borg Recreatie","potentialAction":[{"@type":"SearchAction","target":{"@type":"EntryPoint","urlTemplate":"https:\/\/denborg.nl\/?s={search_term_string}"},"query-input":{"@type":"PropertyValueSpecification","valueRequired":true,"valueName":"search_term_string"}}],"inLanguage":"de"},{"@type":"Organization","@id":"https:\/\/denborg.nl\/#organization","name":"Den Borg Recreatie","alternateName":"Den Borg Recreatie","url":"https:\/\/denborg.nl\/","logo":{"@type":"ImageObject","inLanguage":"de","@id":"https:\/\/denborg.nl\/#\/schema\/logo\/image\/","url":"https:\/\/denborg.nl\/wp-content\/uploads\/2024\/11\/logo-png.webp","contentUrl":"https:\/\/denborg.nl\/wp-content\/uploads\/2024\/11\/logo-png.webp","width":143,"height":181,"caption":"Den Borg Recreatie"},"image":{"@id":"https:\/\/denborg.nl\/#\/schema\/logo\/image\/"}}]}},"_links":{"self":[{"href":"https:\/\/denborg.nl\/de\/wp-json\/wp\/v2\/pages\/2892","targetHints":{"allow":["GET"]}}],"collection":[{"href":"https:\/\/denborg.nl\/de\/wp-json\/wp\/v2\/pages"}],"about":[{"href":"https:\/\/denborg.nl\/de\/wp-json\/wp\/v2\/types\/page"}],"author":[{"embeddable":true,"href":"https:\/\/denborg.nl\/de\/wp-json\/wp\/v2\/users\/1"}],"replies":[{"embeddable":true,"href":"https:\/\/denborg.nl\/de\/wp-json\/wp\/v2\/comments?post=2892"}],"version-history":[{"count":1,"href":"https:\/\/denborg.nl\/de\/wp-json\/wp\/v2\/pages\/2892\/revisions"}],"predecessor-version":[{"id":2893,"href":"https:\/\/denborg.nl\/de\/wp-json\/wp\/v2\/pages\/2892\/revisions\/2893"}],"wp:featuredmedia":[{"embeddable":true,"href":"https:\/\/denborg.nl\/de\/wp-json\/wp\/v2\/media\/2828"}],"wp:attachment":[{"href":"https:\/\/denborg.nl\/de\/wp-json\/wp\/v2\/media?parent=2892"}],"curies":[{"name":"wp","href":"https:\/\/api.w.org\/{rel}","templated":true}]}}