{"id":2890,"date":"2024-10-18T12:41:59","date_gmt":"2024-10-18T12:41:59","guid":{"rendered":"https:\/\/denborg.nl\/?page_id=2890"},"modified":"2025-07-08T06:58:50","modified_gmt":"2025-07-08T06:58:50","slug":"camping","status":"publish","type":"page","link":"https:\/\/denborg.nl\/de\/camping\/","title":{"rendered":"Camping"},"content":{"rendered":"<style type=\"text\/css\">\n    .header-heights {\n        height: 65vh;\n    }\n    .header-heights.home {\n        height: 80vh;\n    }\n    @media (max-width: 767px) {\n        .header-heights {\n            height: 30vh;\n        }\n        .header-heights.home {\n            height: 50vh;\n        }\n    }\n<\/style><section class=\"header-img\">\n        <div class=\"img-inner header-heights\" style=\"background-image: url(https:\/\/denborg.nl\/wp-content\/uploads\/2025\/07\/DenBorg_20-1600x1065.webp);\"><div class=\"container zb-container\"><\/div><\/div><\/section>\n\n\n<h1 class=\"wp-block-heading\">Camping in der Region Achterhoek in Gelderland<\/h1>\n\n\n\n<p>Unser Campingplatz bietet ger\u00e4umige, gr\u00fcne Campingpl\u00e4tze, umgeben von B\u00e4umen und Str\u00e4uchern f\u00fcr zus\u00e4tzliche Privatsph\u00e4re. Egal ob Sie mit Zelt, Wohnwagen oder Wohnmobil kommen, es gibt immer einen passenden Platz. F\u00fcr Naturliebhaber verf\u00fcgen wir \u00fcber Touristenpl\u00e4tze, Jahres- und Saisonpl\u00e4tze sowie spezielle Waldgebiete. Dar\u00fcber hinaus gibt es Komfortpl\u00e4tze mit zus\u00e4tzlichen Einrichtungen, wie beispielsweise einer privaten Toilette und Waschgelegenheit.<\/p>\n\n\n\n<p>Genie\u00dfen Sie unsere Einrichtungen, wie beispielsweise ein gro\u00dfes beheiztes Schwimmbecken mit einer 37 Meter langen Rutsche und einem separaten Kinderbecken. In der Hochsaison gibt es ein abwechslungsreiches Aktivprogramm f\u00fcr Jung und Alt.<\/p>\n\n\n\n<p>Entdecken Sie den Charme unseres Campingplatzes f\u00fcr sich und finden Sie den perfekten Stellplatz!<\/p>\n\n\n<div class=\"overzicht-full-width normaal klein\"><div class=\"container\"><div class=\"overview-txt\"><\/div><div class=\"overzicht-archive row tz-blocks\"><a href=\"https:\/\/denborg.nl\/de\/unterkunte\/regulaere-campingplaetze\/\" class=\"col-blocks-3 tz-arrangementen-item\"><img decoding=\"async\" src=\"https:\/\/denborg.nl\/wp-content\/uploads\/2025\/07\/DenBorg_1-750x499.webp\" alt=\"\" class=\"attachment-medium size-medium not-transparent wp-post-image\"><div class=\"overview-text\"><h3>Regul\u00e4re Stellpl\u00e4tze<\/h3><span class=\"btn read-more\">Mehr lesen<\/span><\/div><\/a><a href=\"https:\/\/denborg.nl\/de\/unterkunte\/komfortplaetze\/\" class=\"col-blocks-3 tz-arrangementen-item\"><img decoding=\"async\" src=\"https:\/\/denborg.nl\/wp-content\/uploads\/2025\/03\/borgcaravan4.avif\" alt=\"\" class=\"attachment-medium size-medium not-transparent wp-post-image\"><div class=\"overview-text\"><h3>Komfortpl\u00e4tze<\/h3><span class=\"btn read-more\">Mehr lesen<\/span><\/div><\/a><a href=\"https:\/\/denborg.nl\/de\/unterkunte\/luxus-campingplaetze\/\" class=\"col-blocks-3 tz-arrangementen-item\"><img decoding=\"async\" src=\"https:\/\/denborg.nl\/wp-content\/uploads\/2025\/07\/luxe-plaats1-750x500.webp\" alt=\"\" class=\"attachment-medium size-medium not-transparent wp-post-image\"><div class=\"overview-text\"><h3>Luxus-Campingpl\u00e4tze<\/h3><span class=\"btn read-more\">Mehr lesen<\/span><\/div><\/a><\/div><\/div><\/div>\n\n<style type='text\/css'>\n        #tz-spacer-69e07b929220d {\n            \n        }\n    <\/style><div id='tz-spacer-69e07b929220d' class='tz-spacer'><\/div>\n\n<div style=\"margin-top: -30px\" class=\"tz-omenom-container image-left color-kleur2\"><div class=\"container\"><div class=\"col6 omenom-image\"><img loading=\"lazy\" decoding=\"async\" width=\"500\" height=\"750\" src=\"https:\/\/denborg.nl\/wp-content\/uploads\/2025\/03\/Den-Borg-Recreatie_Camping_Groepsaccommodatie_8-1-500x750.avif\" class=\"attachment-medium size-medium not-transparent\" alt=\"\" srcset=\"https:\/\/denborg.nl\/wp-content\/uploads\/2025\/03\/Den-Borg-Recreatie_Camping_Groepsaccommodatie_8-1-500x750.avif 500w, https:\/\/denborg.nl\/wp-content\/uploads\/2025\/03\/Den-Borg-Recreatie_Camping_Groepsaccommodatie_8-1-1067x1600.avif 1067w, https:\/\/denborg.nl\/wp-content\/uploads\/2025\/03\/Den-Borg-Recreatie_Camping_Groepsaccommodatie_8-1-768x1152.avif 768w, https:\/\/denborg.nl\/wp-content\/uploads\/2025\/03\/Den-Borg-Recreatie_Camping_Groepsaccommodatie_8-1-1024x1536.avif 1024w, https:\/\/denborg.nl\/wp-content\/uploads\/2025\/03\/Den-Borg-Recreatie_Camping_Groepsaccommodatie_8-1-1366x2048.avif 1366w, https:\/\/denborg.nl\/wp-content\/uploads\/2025\/03\/Den-Borg-Recreatie_Camping_Groepsaccommodatie_8-1.avif 1667w\" sizes=\"auto, (max-width: 500px) 100vw, 500px\" data-has-transparency=\"false\" data-dominant-color=\"7a807b\" style=\"--dominant-color: #7a807b;\" \/><\/div><div class=\"col4 omenom-content\"><h3>Einrichtungen auf dem Campingplatz<\/h3><div class=\"omenom-editor\"><ul>\n<li>gute sanit\u00e4re Einrichtungen<\/li>\n<li>gem\u00fctliche Kantine mit \u00fcberdachter Terrasse<\/li>\n<li>Lagerladen mit t\u00e4glich frisch gebackenen Br\u00f6tchen<\/li>\n<li>Snackbar<\/li>\n<li>Waschsalon<\/li>\n<li>Gel\u00e4ndebeleuchtung<\/li>\n<li>Sportplatz<\/li>\n<li>Spielplatz<\/li>\n<li>Jugendclub<\/li>\n<li>Streichelzoo<\/li>\n<li>Verleih von Fahrr\u00e4dern und Kanus<\/li>\n<li>Indoor-Spielanlage<\/li>\n<li>Freizeitteam w\u00e4hrend der Schulferien<\/li>\n<li>kostenloses WLAN auf dem gesamten Campingplatz<\/li>\n<li>H\u00fcpfburg<\/li>\n<\/ul>\n<\/div><\/div><\/div><\/div>\n\n<div style=\"margin-top: -30px\" class=\"tz-omenom-container image-right color-kleur3\"><div class=\"container\"><div class=\"col6 omenom-image\"><img loading=\"lazy\" decoding=\"async\" width=\"750\" height=\"499\" src=\"https:\/\/denborg.nl\/wp-content\/uploads\/2025\/03\/Den-Borg-Recreatie_Camping_Groepsaccommodatie_5-2-750x499.avif\" class=\"attachment-medium size-medium not-transparent\" alt=\"\" srcset=\"https:\/\/denborg.nl\/wp-content\/uploads\/2025\/03\/Den-Borg-Recreatie_Camping_Groepsaccommodatie_5-2-750x499.avif 750w, https:\/\/denborg.nl\/wp-content\/uploads\/2025\/03\/Den-Borg-Recreatie_Camping_Groepsaccommodatie_5-2-1600x1065.avif 1600w, https:\/\/denborg.nl\/wp-content\/uploads\/2025\/03\/Den-Borg-Recreatie_Camping_Groepsaccommodatie_5-2-768x511.avif 768w, https:\/\/denborg.nl\/wp-content\/uploads\/2025\/03\/Den-Borg-Recreatie_Camping_Groepsaccommodatie_5-2-1536x1022.avif 1536w, https:\/\/denborg.nl\/wp-content\/uploads\/2025\/03\/Den-Borg-Recreatie_Camping_Groepsaccommodatie_5-2-2048x1363.avif 2048w\" sizes=\"auto, (max-width: 750px) 100vw, 750px\" data-has-transparency=\"false\" data-dominant-color=\"8f8b7e\" style=\"--dominant-color: #8f8b7e;\" \/><\/div><div class=\"col4 omenom-content\"><h3>Aktivit\u00e4ten auf dem Campingplatz<\/h3><div class=\"omenom-editor\"><ul>\n<li>Bowling<\/li>\n<li>Planwagenfahrten<\/li>\n<li>Bingo<\/li>\n<li>Kanufahren auf der Berkel<\/li>\n<li>Disko<\/li>\n<li>Darts<\/li>\n<li>Tanzabende<\/li>\n<li>Kartenabende<\/li>\n<li>Wiedergabeshow<\/li>\n<li>Schmuggeltropfen<\/li>\n<li>Indianerlager<\/li>\n<li>Karibische Nacht<\/li>\n<li>Wasservolleyball<\/li>\n<li>Geisterjagd<\/li>\n<li>Laternenumzug<\/li>\n<\/ul>\n<\/div><\/div><\/div><\/div>\n\n<style type=\"text\/css\">\n    .omgeving-height {\n        height: 80vh;\n    }\n    @media (max-width: 767px) {\n        .omgeving-height {\n            height: 50vh;\n        }\n    }\n<\/style><section class=\"omgeving omgeving-full-width\">\n        <div class=\"omgeving-inner omgeving-height\" style=\"background-image: url(https:\/\/denborg.nl\/wp-content\/uploads\/2023\/10\/eindfoto-1600x900.webp);\"><div class=\"omgeving-text\">\n                <div class=\"text\"><h3>Entdecken Sie die Achterhoek in Gelderland<\/h3>\n<p>Unser Campingplatz liegt in einer wundersch\u00f6nen Region mit abwechslungsreicher Natur und charmanten D\u00f6rfern. Erkunden Sie kurvenreiche Radwege, wandern Sie durch ausgedehnte W\u00e4lder oder genie\u00dfen Sie die Ruhe am Wasser. Es gibt immer etwas Sch\u00f6nes zu entdecken.<\/p>\n<\/div><a href=\"https:\/\/denborg.nl\/de\/umgebung\/\" class=\"btn\">Umgebung<\/a><\/div><\/div><\/section>","protected":false},"excerpt":{"rendered":"<p>Camping in der Region Achterhoek in Gelderland Unser Campingplatz bietet ger\u00e4umige, gr\u00fcne Campingpl\u00e4tze, umgeben von B\u00e4umen und Str\u00e4uchern f\u00fcr zus\u00e4tzliche Privatsph\u00e4re. Egal ob Sie mit Zelt, Wohnwagen oder Wohnmobil kommen, es gibt immer einen passenden Platz. F\u00fcr Naturliebhaber verf\u00fcgen wir \u00fcber Touristenpl\u00e4tze, Jahres- und Saisonpl\u00e4tze sowie spezielle Waldgebiete. Dar\u00fcber hinaus gibt es Komfortpl\u00e4tze mit zus\u00e4tzlichen [&hellip;]<\/p>\n","protected":false},"author":1,"featured_media":2799,"parent":0,"menu_order":0,"comment_status":"closed","ping_status":"closed","template":"","meta":{"_acf_changed":false,"footnotes":""},"class_list":["post-2890","page","type-page","status-publish","has-post-thumbnail","hentry"],"acf":[],"yoast_head":"<!-- This site is optimized with the Yoast SEO plugin v25.7 - https:\/\/yoast.com\/wordpress\/plugins\/seo\/ -->\n<title>Camping | Den Borg Recreatie<\/title>\n<meta name=\"description\" content=\"Genie\u00dfen Sie einen erholsamen Campingurlaub auf unserem gro\u00dfz\u00fcgigen, gr\u00fcnen Campingplatz. W\u00e4hlen Sie zwischen Touristenfeldern, Saisonpl\u00e4tzen oder Waldpl\u00e4tzen. Mit beheiztem Schwimmbad und Aktivit\u00e4ten f\u00fcr Jung und Alt!\" \/>\n<meta name=\"robots\" content=\"index, follow, max-snippet:-1, max-image-preview:large, max-video-preview:-1\" \/>\n<link rel=\"canonical\" href=\"https:\/\/denborg.nl\/de\/camping\/\" \/>\n<meta property=\"og:locale\" content=\"de_DE\" \/>\n<meta property=\"og:type\" content=\"article\" \/>\n<meta property=\"og:title\" content=\"Camping | Den Borg Recreatie\" \/>\n<meta property=\"og:description\" content=\"Genie\u00dfen Sie einen erholsamen Campingurlaub auf unserem gro\u00dfz\u00fcgigen, gr\u00fcnen Campingplatz. W\u00e4hlen Sie zwischen Touristenfeldern, Saisonpl\u00e4tzen oder Waldpl\u00e4tzen. Mit beheiztem Schwimmbad und Aktivit\u00e4ten f\u00fcr Jung und Alt!\" \/>\n<meta property=\"og:url\" content=\"https:\/\/denborg.nl\/de\/camping\/\" \/>\n<meta property=\"og:site_name\" content=\"Den Borg Recreatie\" \/>\n<meta property=\"article:modified_time\" content=\"2025-07-08T06:58:50+00:00\" \/>\n<meta property=\"og:image\" content=\"https:\/\/denborg.nl\/wp-content\/uploads\/2025\/03\/Den-Borg-Recreatie_Camping_Groepsaccommodatie_3.avif\" \/>\n\t<meta property=\"og:image:width\" content=\"2500\" \/>\n\t<meta property=\"og:image:height\" content=\"1667\" \/>\n\t<meta property=\"og:image:type\" content=\"image\/jpeg\" \/>\n<meta name=\"twitter:card\" content=\"summary_large_image\" \/>\n<meta name=\"twitter:label1\" content=\"Gesch\u00e4tzte Lesezeit\" \/>\n\t<meta name=\"twitter:data1\" content=\"1\u00a0Minute\" \/>\n<script type=\"application\/ld+json\" class=\"yoast-schema-graph\">{\"@context\":\"https:\/\/schema.org\",\"@graph\":[{\"@type\":\"WebPage\",\"@id\":\"https:\/\/denborg.nl\/de\/camping\/\",\"url\":\"https:\/\/denborg.nl\/de\/camping\/\",\"name\":\"Camping | Den Borg Recreatie\",\"isPartOf\":{\"@id\":\"https:\/\/denborg.nl\/#website\"},\"primaryImageOfPage\":{\"@id\":\"https:\/\/denborg.nl\/de\/camping\/#primaryimage\"},\"image\":{\"@id\":\"https:\/\/denborg.nl\/de\/camping\/#primaryimage\"},\"thumbnailUrl\":\"https:\/\/denborg.nl\/wp-content\/uploads\/2025\/03\/Den-Borg-Recreatie_Camping_Groepsaccommodatie_3.avif\",\"datePublished\":\"2024-10-18T12:41:59+00:00\",\"dateModified\":\"2025-07-08T06:58:50+00:00\",\"description\":\"Genie\u00dfen Sie einen erholsamen Campingurlaub auf unserem gro\u00dfz\u00fcgigen, gr\u00fcnen Campingplatz. W\u00e4hlen Sie zwischen Touristenfeldern, Saisonpl\u00e4tzen oder Waldpl\u00e4tzen. Mit beheiztem Schwimmbad und Aktivit\u00e4ten f\u00fcr Jung und Alt!\",\"breadcrumb\":{\"@id\":\"https:\/\/denborg.nl\/de\/camping\/#breadcrumb\"},\"inLanguage\":\"de\",\"potentialAction\":[{\"@type\":\"ReadAction\",\"target\":[\"https:\/\/denborg.nl\/de\/camping\/\"]}]},{\"@type\":\"ImageObject\",\"inLanguage\":\"de\",\"@id\":\"https:\/\/denborg.nl\/de\/camping\/#primaryimage\",\"url\":\"https:\/\/denborg.nl\/wp-content\/uploads\/2025\/03\/Den-Borg-Recreatie_Camping_Groepsaccommodatie_3.avif\",\"contentUrl\":\"https:\/\/denborg.nl\/wp-content\/uploads\/2025\/03\/Den-Borg-Recreatie_Camping_Groepsaccommodatie_3.avif\",\"width\":2500,\"height\":1667},{\"@type\":\"BreadcrumbList\",\"@id\":\"https:\/\/denborg.nl\/de\/camping\/#breadcrumb\",\"itemListElement\":[{\"@type\":\"ListItem\",\"position\":1,\"name\":\"Home\",\"item\":\"https:\/\/denborg.nl\/de\/\"},{\"@type\":\"ListItem\",\"position\":2,\"name\":\"Camping\"}]},{\"@type\":\"WebSite\",\"@id\":\"https:\/\/denborg.nl\/#website\",\"url\":\"https:\/\/denborg.nl\/\",\"name\":\"Den Borg Recreatie\",\"description\":\"\",\"publisher\":{\"@id\":\"https:\/\/denborg.nl\/#organization\"},\"alternateName\":\"Den Borg Recreatie\",\"potentialAction\":[{\"@type\":\"SearchAction\",\"target\":{\"@type\":\"EntryPoint\",\"urlTemplate\":\"https:\/\/denborg.nl\/?s={search_term_string}\"},\"query-input\":{\"@type\":\"PropertyValueSpecification\",\"valueRequired\":true,\"valueName\":\"search_term_string\"}}],\"inLanguage\":\"de\"},{\"@type\":\"Organization\",\"@id\":\"https:\/\/denborg.nl\/#organization\",\"name\":\"Den Borg Recreatie\",\"alternateName\":\"Den Borg Recreatie\",\"url\":\"https:\/\/denborg.nl\/\",\"logo\":{\"@type\":\"ImageObject\",\"inLanguage\":\"de\",\"@id\":\"https:\/\/denborg.nl\/#\/schema\/logo\/image\/\",\"url\":\"https:\/\/denborg.nl\/wp-content\/uploads\/2024\/11\/logo-png.webp\",\"contentUrl\":\"https:\/\/denborg.nl\/wp-content\/uploads\/2024\/11\/logo-png.webp\",\"width\":143,\"height\":181,\"caption\":\"Den Borg Recreatie\"},\"image\":{\"@id\":\"https:\/\/denborg.nl\/#\/schema\/logo\/image\/\"}}]}<\/script>\n<!-- \/ Yoast SEO plugin. -->","yoast_head_json":{"title":"Camping | Den Borg Recreatie","description":"Genie\u00dfen Sie einen erholsamen Campingurlaub auf unserem gro\u00dfz\u00fcgigen, gr\u00fcnen Campingplatz. W\u00e4hlen Sie zwischen Touristenfeldern, Saisonpl\u00e4tzen oder Waldpl\u00e4tzen. Mit beheiztem Schwimmbad und Aktivit\u00e4ten f\u00fcr Jung und Alt!","robots":{"index":"index","follow":"follow","max-snippet":"max-snippet:-1","max-image-preview":"max-image-preview:large","max-video-preview":"max-video-preview:-1"},"canonical":"https:\/\/denborg.nl\/de\/camping\/","og_locale":"de_DE","og_type":"article","og_title":"Camping | Den Borg Recreatie","og_description":"Genie\u00dfen Sie einen erholsamen Campingurlaub auf unserem gro\u00dfz\u00fcgigen, gr\u00fcnen Campingplatz. W\u00e4hlen Sie zwischen Touristenfeldern, Saisonpl\u00e4tzen oder Waldpl\u00e4tzen. Mit beheiztem Schwimmbad und Aktivit\u00e4ten f\u00fcr Jung und Alt!","og_url":"https:\/\/denborg.nl\/de\/camping\/","og_site_name":"Den Borg Recreatie","article_modified_time":"2025-07-08T06:58:50+00:00","og_image":[{"width":2500,"height":1667,"url":"https:\/\/denborg.nl\/wp-content\/uploads\/2025\/03\/Den-Borg-Recreatie_Camping_Groepsaccommodatie_3.avif","type":"image\/jpeg"}],"twitter_card":"summary_large_image","twitter_misc":{"Gesch\u00e4tzte Lesezeit":"1\u00a0Minute"},"schema":{"@context":"https:\/\/schema.org","@graph":[{"@type":"WebPage","@id":"https:\/\/denborg.nl\/de\/camping\/","url":"https:\/\/denborg.nl\/de\/camping\/","name":"Camping | Den Borg Recreatie","isPartOf":{"@id":"https:\/\/denborg.nl\/#website"},"primaryImageOfPage":{"@id":"https:\/\/denborg.nl\/de\/camping\/#primaryimage"},"image":{"@id":"https:\/\/denborg.nl\/de\/camping\/#primaryimage"},"thumbnailUrl":"https:\/\/denborg.nl\/wp-content\/uploads\/2025\/03\/Den-Borg-Recreatie_Camping_Groepsaccommodatie_3.avif","datePublished":"2024-10-18T12:41:59+00:00","dateModified":"2025-07-08T06:58:50+00:00","description":"Genie\u00dfen Sie einen erholsamen Campingurlaub auf unserem gro\u00dfz\u00fcgigen, gr\u00fcnen Campingplatz. W\u00e4hlen Sie zwischen Touristenfeldern, Saisonpl\u00e4tzen oder Waldpl\u00e4tzen. Mit beheiztem Schwimmbad und Aktivit\u00e4ten f\u00fcr Jung und Alt!","breadcrumb":{"@id":"https:\/\/denborg.nl\/de\/camping\/#breadcrumb"},"inLanguage":"de","potentialAction":[{"@type":"ReadAction","target":["https:\/\/denborg.nl\/de\/camping\/"]}]},{"@type":"ImageObject","inLanguage":"de","@id":"https:\/\/denborg.nl\/de\/camping\/#primaryimage","url":"https:\/\/denborg.nl\/wp-content\/uploads\/2025\/03\/Den-Borg-Recreatie_Camping_Groepsaccommodatie_3.avif","contentUrl":"https:\/\/denborg.nl\/wp-content\/uploads\/2025\/03\/Den-Borg-Recreatie_Camping_Groepsaccommodatie_3.avif","width":2500,"height":1667},{"@type":"BreadcrumbList","@id":"https:\/\/denborg.nl\/de\/camping\/#breadcrumb","itemListElement":[{"@type":"ListItem","position":1,"name":"Home","item":"https:\/\/denborg.nl\/de\/"},{"@type":"ListItem","position":2,"name":"Camping"}]},{"@type":"WebSite","@id":"https:\/\/denborg.nl\/#website","url":"https:\/\/denborg.nl\/","name":"Den Borg Recreatie","description":"","publisher":{"@id":"https:\/\/denborg.nl\/#organization"},"alternateName":"Den Borg Recreatie","potentialAction":[{"@type":"SearchAction","target":{"@type":"EntryPoint","urlTemplate":"https:\/\/denborg.nl\/?s={search_term_string}"},"query-input":{"@type":"PropertyValueSpecification","valueRequired":true,"valueName":"search_term_string"}}],"inLanguage":"de"},{"@type":"Organization","@id":"https:\/\/denborg.nl\/#organization","name":"Den Borg Recreatie","alternateName":"Den Borg Recreatie","url":"https:\/\/denborg.nl\/","logo":{"@type":"ImageObject","inLanguage":"de","@id":"https:\/\/denborg.nl\/#\/schema\/logo\/image\/","url":"https:\/\/denborg.nl\/wp-content\/uploads\/2024\/11\/logo-png.webp","contentUrl":"https:\/\/denborg.nl\/wp-content\/uploads\/2024\/11\/logo-png.webp","width":143,"height":181,"caption":"Den Borg Recreatie"},"image":{"@id":"https:\/\/denborg.nl\/#\/schema\/logo\/image\/"}}]}},"_links":{"self":[{"href":"https:\/\/denborg.nl\/de\/wp-json\/wp\/v2\/pages\/2890","targetHints":{"allow":["GET"]}}],"collection":[{"href":"https:\/\/denborg.nl\/de\/wp-json\/wp\/v2\/pages"}],"about":[{"href":"https:\/\/denborg.nl\/de\/wp-json\/wp\/v2\/types\/page"}],"author":[{"embeddable":true,"href":"https:\/\/denborg.nl\/de\/wp-json\/wp\/v2\/users\/1"}],"replies":[{"embeddable":true,"href":"https:\/\/denborg.nl\/de\/wp-json\/wp\/v2\/comments?post=2890"}],"version-history":[{"count":3,"href":"https:\/\/denborg.nl\/de\/wp-json\/wp\/v2\/pages\/2890\/revisions"}],"predecessor-version":[{"id":3029,"href":"https:\/\/denborg.nl\/de\/wp-json\/wp\/v2\/pages\/2890\/revisions\/3029"}],"wp:featuredmedia":[{"embeddable":true,"href":"https:\/\/denborg.nl\/de\/wp-json\/wp\/v2\/media\/2799"}],"wp:attachment":[{"href":"https:\/\/denborg.nl\/de\/wp-json\/wp\/v2\/media?parent=2890"}],"curies":[{"name":"wp","href":"https:\/\/api.w.org\/{rel}","templated":true}]}}