{"id":2888,"date":"2025-03-14T10:32:02","date_gmt":"2025-03-14T10:32:02","guid":{"rendered":"https:\/\/denborg.nl\/?page_id=2888"},"modified":"2025-05-21T12:30:17","modified_gmt":"2025-05-21T12:30:17","slug":"broschuere","status":"publish","type":"page","link":"https:\/\/denborg.nl\/de\/broschuere\/","title":{"rendered":"Brosch\u00fcre"},"content":{"rendered":"<style type=\"text\/css\">\n    .header-heights {\n        height: 65vh;\n    }\n    .header-heights.home {\n        height: 80vh;\n    }\n    @media (max-width: 767px) {\n        .header-heights {\n            height: 30vh;\n        }\n        .header-heights.home {\n            height: 50vh;\n        }\n    }\n<\/style><section class=\"header-img\">\n        <div class=\"img-inner header-heights\" style=\"background-image: url(https:\/\/denborg.nl\/wp-content\/uploads\/2025\/07\/DenBorg_20-1600x1065.webp);\"><div class=\"container zb-container\"><\/div><\/div><\/section>\n\n\n<h1 class=\"wp-block-heading\">Brosch\u00fcre Camping den Borg<\/h1>\n\n\n\n<h2 class=\"wp-block-heading\">Laden Sie unsere Brosch\u00fcre herunter<\/h2>\n\n\n\n<div class=\"wp-block-buttons is-layout-flex wp-block-buttons-is-layout-flex\">\n<div class=\"wp-block-button\"><a class=\"wp-block-button__link wp-element-button\" href=\"https:\/\/denborg.nl\/wp-content\/uploads\/2025\/03\/Brochure.pdf\" target=\"_blank\" rel=\"noreferrer noopener\">Brosch\u00fcre herunterladen<\/a><\/div>\n<\/div>\n\n\n<style type='text\/css'>\n        #tz-spacer-69e07bc3db0fa {\n            \n        }\n    <\/style><div id='tz-spacer-69e07bc3db0fa' class='tz-spacer'><\/div>\n\n<section class=\"gallery-section top-gallery\"><h3>Bekijk alle foto&#039;s<\/h3><div class=\"gallery gallery-columns-4 gallery-size-medium\"><figure class=\"gallery-item acco1\"><div class=\"gallery-icon\"><a href=\"https:\/\/denborg.nl\/wp-content\/uploads\/2025\/03\/Den-Borg-Recreatie_Camping_Groepsaccommodatie-1.avif\" data-fancybox=\"gallery\"><img src=\"https:\/\/denborg.nl\/wp-content\/uploads\/2025\/03\/Den-Borg-Recreatie_Camping_Groepsaccommodatie-1-1600x1065.avif\" class=\"attachment-large size-large\" alt=\"\" decoding=\"async\" fetchpriority=\"high\"><\/a><\/div><\/figure><figure class=\"gallery-item acco2\"><div class=\"gallery-icon\"><a href=\"https:\/\/denborg.nl\/wp-content\/uploads\/2025\/03\/Den-Borg-Recreatie_Camping_Groepsaccommodatie_6-1.avif\" data-fancybox=\"gallery\"><img src=\"https:\/\/denborg.nl\/wp-content\/uploads\/2025\/03\/Den-Borg-Recreatie_Camping_Groepsaccommodatie_6-1-500x750.avif\" class=\"attachment-medium size-medium\" alt=\"\" decoding=\"async\" fetchpriority=\"high\"><\/a><\/div><\/figure><figure class=\"gallery-item acco3\"><div class=\"gallery-icon\"><a href=\"https:\/\/denborg.nl\/wp-content\/uploads\/2025\/03\/Den-Borg-Recreatie_Camping_Groepsaccommodatie_7-1.avif\" data-fancybox=\"gallery\"><img src=\"https:\/\/denborg.nl\/wp-content\/uploads\/2025\/03\/Den-Borg-Recreatie_Camping_Groepsaccommodatie_7-1-750x500.avif\" class=\"attachment-medium size-medium\" alt=\"\" decoding=\"async\" fetchpriority=\"high\"><\/a><\/div><\/figure><figure class=\"gallery-item acco4\"><div class=\"gallery-icon\"><a href=\"https:\/\/denborg.nl\/wp-content\/uploads\/2025\/03\/Den-Borg-Recreatie_Camping_Groepsaccommodatie_13.avif\" data-fancybox=\"gallery\"><img src=\"https:\/\/denborg.nl\/wp-content\/uploads\/2025\/03\/Den-Borg-Recreatie_Camping_Groepsaccommodatie_13-750x500.avif\" class=\"attachment-medium size-medium\" alt=\"\" decoding=\"async\" fetchpriority=\"high\"><\/a><\/div><\/figure><figure class=\"gallery-item\"><div class=\"gallery-icon\"><a href=\"https:\/\/denborg.nl\/wp-content\/uploads\/2025\/03\/Den-Borg-Recreatie_Camping_Groepsaccommodatie_3-1.avif\" data-fancybox=\"gallery\"><img src=\"https:\/\/denborg.nl\/wp-content\/uploads\/2025\/03\/Den-Borg-Recreatie_Camping_Groepsaccommodatie_3-1-750x500.avif\" class=\"attachment-medium size-medium\" alt=\"\" decoding=\"async\" fetchpriority=\"high\"><\/a><\/div><\/figure><figure class=\"gallery-item\"><div class=\"gallery-icon\"><a href=\"https:\/\/denborg.nl\/wp-content\/uploads\/2025\/03\/Den-Borg-Recreatie_Camping_Groepsaccommodatie_8-1.avif\" data-fancybox=\"gallery\"><img src=\"https:\/\/denborg.nl\/wp-content\/uploads\/2025\/03\/Den-Borg-Recreatie_Camping_Groepsaccommodatie_8-1-500x750.avif\" class=\"attachment-medium size-medium\" alt=\"\" decoding=\"async\" fetchpriority=\"high\"><\/a><\/div><\/figure><\/div><\/section>\n\n\n<style type='text\/css'>\n        #tz-spacer-69e07bc3e1402 {\n            \n        }\n    <\/style><div id='tz-spacer-69e07bc3e1402' class='tz-spacer'><\/div>","protected":false},"excerpt":{"rendered":"<p>Brosch\u00fcre Camping den Borg Laden Sie unsere Brosch\u00fcre herunter<\/p>\n","protected":false},"author":1,"featured_media":2797,"parent":0,"menu_order":0,"comment_status":"closed","ping_status":"closed","template":"","meta":{"_acf_changed":false,"footnotes":""},"class_list":["post-2888","page","type-page","status-publish","has-post-thumbnail","hentry"],"acf":[],"yoast_head":"<!-- This site is optimized with the Yoast SEO plugin v25.7 - https:\/\/yoast.com\/wordpress\/plugins\/seo\/ -->\n<title>Brosch\u00fcre | Den Borg Recreatie<\/title>\n<meta name=\"robots\" content=\"index, follow, max-snippet:-1, max-image-preview:large, max-video-preview:-1\" \/>\n<link rel=\"canonical\" href=\"https:\/\/denborg.nl\/de\/broschuere\/\" \/>\n<meta property=\"og:locale\" content=\"de_DE\" \/>\n<meta property=\"og:type\" content=\"article\" \/>\n<meta property=\"og:title\" content=\"Brosch\u00fcre | Den Borg Recreatie\" \/>\n<meta property=\"og:description\" content=\"Brosch\u00fcre Camping den Borg Laden Sie unsere Brosch\u00fcre herunter\" \/>\n<meta property=\"og:url\" content=\"https:\/\/denborg.nl\/de\/broschuere\/\" \/>\n<meta property=\"og:site_name\" content=\"Den Borg Recreatie\" \/>\n<meta property=\"article:modified_time\" content=\"2025-05-21T12:30:17+00:00\" \/>\n<meta property=\"og:image\" content=\"https:\/\/denborg.nl\/wp-content\/uploads\/2025\/03\/Den-Borg-Recreatie_Camping_Groepsaccommodatie.avif\" \/>\n\t<meta property=\"og:image:width\" content=\"2500\" \/>\n\t<meta property=\"og:image:height\" content=\"1664\" \/>\n\t<meta property=\"og:image:type\" content=\"image\/jpeg\" \/>\n<meta name=\"twitter:card\" content=\"summary_large_image\" \/>\n<meta name=\"twitter:label1\" content=\"Gesch\u00e4tzte Lesezeit\" \/>\n\t<meta name=\"twitter:data1\" content=\"1\u00a0Minute\" \/>\n<script type=\"application\/ld+json\" class=\"yoast-schema-graph\">{\"@context\":\"https:\/\/schema.org\",\"@graph\":[{\"@type\":\"WebPage\",\"@id\":\"https:\/\/denborg.nl\/de\/broschuere\/\",\"url\":\"https:\/\/denborg.nl\/de\/broschuere\/\",\"name\":\"Brosch\u00fcre | Den Borg Recreatie\",\"isPartOf\":{\"@id\":\"https:\/\/denborg.nl\/#website\"},\"primaryImageOfPage\":{\"@id\":\"https:\/\/denborg.nl\/de\/broschuere\/#primaryimage\"},\"image\":{\"@id\":\"https:\/\/denborg.nl\/de\/broschuere\/#primaryimage\"},\"thumbnailUrl\":\"https:\/\/denborg.nl\/wp-content\/uploads\/2025\/03\/Den-Borg-Recreatie_Camping_Groepsaccommodatie.avif\",\"datePublished\":\"2025-03-14T10:32:02+00:00\",\"dateModified\":\"2025-05-21T12:30:17+00:00\",\"breadcrumb\":{\"@id\":\"https:\/\/denborg.nl\/de\/broschuere\/#breadcrumb\"},\"inLanguage\":\"de\",\"potentialAction\":[{\"@type\":\"ReadAction\",\"target\":[\"https:\/\/denborg.nl\/de\/broschuere\/\"]}]},{\"@type\":\"ImageObject\",\"inLanguage\":\"de\",\"@id\":\"https:\/\/denborg.nl\/de\/broschuere\/#primaryimage\",\"url\":\"https:\/\/denborg.nl\/wp-content\/uploads\/2025\/03\/Den-Borg-Recreatie_Camping_Groepsaccommodatie.avif\",\"contentUrl\":\"https:\/\/denborg.nl\/wp-content\/uploads\/2025\/03\/Den-Borg-Recreatie_Camping_Groepsaccommodatie.avif\",\"width\":2500,\"height\":1664},{\"@type\":\"BreadcrumbList\",\"@id\":\"https:\/\/denborg.nl\/de\/broschuere\/#breadcrumb\",\"itemListElement\":[{\"@type\":\"ListItem\",\"position\":1,\"name\":\"Home\",\"item\":\"https:\/\/denborg.nl\/de\/\"},{\"@type\":\"ListItem\",\"position\":2,\"name\":\"Brosch\u00fcre\"}]},{\"@type\":\"WebSite\",\"@id\":\"https:\/\/denborg.nl\/#website\",\"url\":\"https:\/\/denborg.nl\/\",\"name\":\"Den Borg Recreatie\",\"description\":\"\",\"publisher\":{\"@id\":\"https:\/\/denborg.nl\/#organization\"},\"alternateName\":\"Den Borg Recreatie\",\"potentialAction\":[{\"@type\":\"SearchAction\",\"target\":{\"@type\":\"EntryPoint\",\"urlTemplate\":\"https:\/\/denborg.nl\/?s={search_term_string}\"},\"query-input\":{\"@type\":\"PropertyValueSpecification\",\"valueRequired\":true,\"valueName\":\"search_term_string\"}}],\"inLanguage\":\"de\"},{\"@type\":\"Organization\",\"@id\":\"https:\/\/denborg.nl\/#organization\",\"name\":\"Den Borg Recreatie\",\"alternateName\":\"Den Borg Recreatie\",\"url\":\"https:\/\/denborg.nl\/\",\"logo\":{\"@type\":\"ImageObject\",\"inLanguage\":\"de\",\"@id\":\"https:\/\/denborg.nl\/#\/schema\/logo\/image\/\",\"url\":\"https:\/\/denborg.nl\/wp-content\/uploads\/2024\/11\/logo-png.webp\",\"contentUrl\":\"https:\/\/denborg.nl\/wp-content\/uploads\/2024\/11\/logo-png.webp\",\"width\":143,\"height\":181,\"caption\":\"Den Borg Recreatie\"},\"image\":{\"@id\":\"https:\/\/denborg.nl\/#\/schema\/logo\/image\/\"}}]}<\/script>\n<!-- \/ Yoast SEO plugin. -->","yoast_head_json":{"title":"Brosch\u00fcre | Den Borg Recreatie","robots":{"index":"index","follow":"follow","max-snippet":"max-snippet:-1","max-image-preview":"max-image-preview:large","max-video-preview":"max-video-preview:-1"},"canonical":"https:\/\/denborg.nl\/de\/broschuere\/","og_locale":"de_DE","og_type":"article","og_title":"Brosch\u00fcre | Den Borg Recreatie","og_description":"Brosch\u00fcre Camping den Borg Laden Sie unsere Brosch\u00fcre herunter","og_url":"https:\/\/denborg.nl\/de\/broschuere\/","og_site_name":"Den Borg Recreatie","article_modified_time":"2025-05-21T12:30:17+00:00","og_image":[{"width":2500,"height":1664,"url":"https:\/\/denborg.nl\/wp-content\/uploads\/2025\/03\/Den-Borg-Recreatie_Camping_Groepsaccommodatie.avif","type":"image\/jpeg"}],"twitter_card":"summary_large_image","twitter_misc":{"Gesch\u00e4tzte Lesezeit":"1\u00a0Minute"},"schema":{"@context":"https:\/\/schema.org","@graph":[{"@type":"WebPage","@id":"https:\/\/denborg.nl\/de\/broschuere\/","url":"https:\/\/denborg.nl\/de\/broschuere\/","name":"Brosch\u00fcre | Den Borg Recreatie","isPartOf":{"@id":"https:\/\/denborg.nl\/#website"},"primaryImageOfPage":{"@id":"https:\/\/denborg.nl\/de\/broschuere\/#primaryimage"},"image":{"@id":"https:\/\/denborg.nl\/de\/broschuere\/#primaryimage"},"thumbnailUrl":"https:\/\/denborg.nl\/wp-content\/uploads\/2025\/03\/Den-Borg-Recreatie_Camping_Groepsaccommodatie.avif","datePublished":"2025-03-14T10:32:02+00:00","dateModified":"2025-05-21T12:30:17+00:00","breadcrumb":{"@id":"https:\/\/denborg.nl\/de\/broschuere\/#breadcrumb"},"inLanguage":"de","potentialAction":[{"@type":"ReadAction","target":["https:\/\/denborg.nl\/de\/broschuere\/"]}]},{"@type":"ImageObject","inLanguage":"de","@id":"https:\/\/denborg.nl\/de\/broschuere\/#primaryimage","url":"https:\/\/denborg.nl\/wp-content\/uploads\/2025\/03\/Den-Borg-Recreatie_Camping_Groepsaccommodatie.avif","contentUrl":"https:\/\/denborg.nl\/wp-content\/uploads\/2025\/03\/Den-Borg-Recreatie_Camping_Groepsaccommodatie.avif","width":2500,"height":1664},{"@type":"BreadcrumbList","@id":"https:\/\/denborg.nl\/de\/broschuere\/#breadcrumb","itemListElement":[{"@type":"ListItem","position":1,"name":"Home","item":"https:\/\/denborg.nl\/de\/"},{"@type":"ListItem","position":2,"name":"Brosch\u00fcre"}]},{"@type":"WebSite","@id":"https:\/\/denborg.nl\/#website","url":"https:\/\/denborg.nl\/","name":"Den Borg Recreatie","description":"","publisher":{"@id":"https:\/\/denborg.nl\/#organization"},"alternateName":"Den Borg Recreatie","potentialAction":[{"@type":"SearchAction","target":{"@type":"EntryPoint","urlTemplate":"https:\/\/denborg.nl\/?s={search_term_string}"},"query-input":{"@type":"PropertyValueSpecification","valueRequired":true,"valueName":"search_term_string"}}],"inLanguage":"de"},{"@type":"Organization","@id":"https:\/\/denborg.nl\/#organization","name":"Den Borg Recreatie","alternateName":"Den Borg Recreatie","url":"https:\/\/denborg.nl\/","logo":{"@type":"ImageObject","inLanguage":"de","@id":"https:\/\/denborg.nl\/#\/schema\/logo\/image\/","url":"https:\/\/denborg.nl\/wp-content\/uploads\/2024\/11\/logo-png.webp","contentUrl":"https:\/\/denborg.nl\/wp-content\/uploads\/2024\/11\/logo-png.webp","width":143,"height":181,"caption":"Den Borg Recreatie"},"image":{"@id":"https:\/\/denborg.nl\/#\/schema\/logo\/image\/"}}]}},"_links":{"self":[{"href":"https:\/\/denborg.nl\/de\/wp-json\/wp\/v2\/pages\/2888","targetHints":{"allow":["GET"]}}],"collection":[{"href":"https:\/\/denborg.nl\/de\/wp-json\/wp\/v2\/pages"}],"about":[{"href":"https:\/\/denborg.nl\/de\/wp-json\/wp\/v2\/types\/page"}],"author":[{"embeddable":true,"href":"https:\/\/denborg.nl\/de\/wp-json\/wp\/v2\/users\/1"}],"replies":[{"embeddable":true,"href":"https:\/\/denborg.nl\/de\/wp-json\/wp\/v2\/comments?post=2888"}],"version-history":[{"count":1,"href":"https:\/\/denborg.nl\/de\/wp-json\/wp\/v2\/pages\/2888\/revisions"}],"predecessor-version":[{"id":2889,"href":"https:\/\/denborg.nl\/de\/wp-json\/wp\/v2\/pages\/2888\/revisions\/2889"}],"wp:featuredmedia":[{"embeddable":true,"href":"https:\/\/denborg.nl\/de\/wp-json\/wp\/v2\/media\/2797"}],"wp:attachment":[{"href":"https:\/\/denborg.nl\/de\/wp-json\/wp\/v2\/media?parent=2888"}],"curies":[{"name":"wp","href":"https:\/\/api.w.org\/{rel}","templated":true}]}}