{"id":2874,"date":"2025-03-14T08:56:18","date_gmt":"2025-03-14T08:56:18","guid":{"rendered":"https:\/\/denborg.nl\/?page_id=2874"},"modified":"2025-05-26T12:28:29","modified_gmt":"2025-05-26T12:28:29","slug":"angebot","status":"publish","type":"page","link":"https:\/\/denborg.nl\/de\/angebot\/","title":{"rendered":"Angebot"},"content":{"rendered":"<style type=\"text\/css\">\n    .header-heights {\n        height: 65vh;\n    }\n    .header-heights.home {\n        height: 80vh;\n    }\n    @media (max-width: 767px) {\n        .header-heights {\n            height: 30vh;\n        }\n        .header-heights.home {\n            height: 50vh;\n        }\n    }\n<\/style><section class=\"header-img\">\n        <div class=\"img-inner header-heights\" style=\"background-image: url(https:\/\/denborg.nl\/wp-content\/uploads\/2025\/07\/DenBorg_20-1600x1065.webp);\"><div class=\"container zb-container\"><\/div><\/div><\/section>\n\n\n<h1 class=\"wp-block-heading\">Camping Card Achterhoek<\/h1>\n\n\n\n<p>Dies wurde exklusiv von und f\u00fcr die angeschlossenen Campingpl\u00e4tze auf der Website <a href=\"https:\/\/campingplatzachterhoek.de\/home\" target=\"_blank\" rel=\"noreferrer noopener\">Camping in der Achterhoek<\/a> entwickelt. Gegen Vorlage dieser Karte zahlt der Karteninhaber\/Camper in der Vor- und Nachsaison einen erm\u00e4\u00dfigten Tarif.<\/p>\n\n\n\n<h2 class=\"wp-block-heading\">Mit der Camping Card Achterhoek haben Sie Anspruch auf:<\/h2>\n\n\n\n<ul class=\"wp-block-list\">\n<li>einen Campingplatz f\u00fcr eine Nacht<\/li>\n\n\n\n<li>Aufenthalt von zwei Erwachsenen<\/li>\n\n\n\n<li>Unterbringung von Auto+Wohnwagen+Vorzelt oder Auto+Faltanh\u00e4nger oder Auto+Zelt oder Wohnmobil mit Vorzelt<\/li>\n\n\n\n<li>Strom (6A bei Stromverbrauch bis 5 KWh inklusive)<\/li>\n\n\n\n<li>Warme Duschen (auf Campingpl\u00e4tzen mit Duschmarken, 1 Duschmarke pro Person und Tag)<\/li>\n\n\n\n<li>maximal 1 Hund (sofern Hunde auf dem Campingplatz erlaubt sind)<\/li>\n<\/ul>\n\n\n\n<p>Campingkartenpreis:  \u20ac 20,00 <br>Mit der Karte erhalten Sie au\u00dferdem Erm\u00e4\u00dfigungen f\u00fcr zahlreiche Tagesattraktionen im Achterhoek.<\/p>\n\n\n<style type='text\/css'>\n        #tz-spacer-69e07b6e54c1e {\n            \n        }\n    <\/style><div id='tz-spacer-69e07b6e54c1e' class='tz-spacer'><\/div>\n\n<style type=\"text\/css\">\n    .omgeving-height {\n        height: 80vh;\n    }\n    @media (max-width: 767px) {\n        .omgeving-height {\n            height: 50vh;\n        }\n    }\n<\/style><section class=\"omgeving omgeving-full-width\">\n        <div class=\"omgeving-inner omgeving-height\" style=\"background-image: url(https:\/\/denborg.nl\/wp-content\/uploads\/2023\/10\/eindfoto-1600x900.webp);\"><div class=\"omgeving-text\">\n                <div class=\"text\"><h3>Entdecken Sie die Achterhoek in Gelderland<\/h3>\n<p>Unser Campingplatz liegt in einer wundersch\u00f6nen Region mit abwechslungsreicher Natur und charmanten D\u00f6rfern. Erkunden Sie kurvenreiche Radwege, wandern Sie durch ausgedehnte W\u00e4lder oder genie\u00dfen Sie die Ruhe am Wasser. Es gibt immer etwas Sch\u00f6nes zu entdecken.<\/p>\n<\/div><a href=\"https:\/\/denborg.nl\/de\/umgebung\/\" class=\"btn\">Umgebung<\/a><\/div><\/div><\/section>","protected":false},"excerpt":{"rendered":"<p>Camping Card Achterhoek Dies wurde exklusiv von und f\u00fcr die angeschlossenen Campingpl\u00e4tze auf der Website Camping in der Achterhoek entwickelt. Gegen Vorlage dieser Karte zahlt der Karteninhaber\/Camper in der Vor- und Nachsaison einen erm\u00e4\u00dfigten Tarif. Mit der Camping Card Achterhoek haben Sie Anspruch auf: Campingkartenpreis: \u20ac 20,00 Mit der Karte erhalten Sie au\u00dferdem Erm\u00e4\u00dfigungen f\u00fcr [&hellip;]<\/p>\n","protected":false},"author":1,"featured_media":2846,"parent":0,"menu_order":0,"comment_status":"closed","ping_status":"closed","template":"","meta":{"_acf_changed":false,"footnotes":""},"class_list":["post-2874","page","type-page","status-publish","has-post-thumbnail","hentry"],"acf":[],"yoast_head":"<!-- This site is optimized with the Yoast SEO plugin v25.7 - https:\/\/yoast.com\/wordpress\/plugins\/seo\/ -->\n<title>Angebot | Den Borg Recreatie<\/title>\n<meta name=\"robots\" content=\"index, follow, max-snippet:-1, max-image-preview:large, max-video-preview:-1\" \/>\n<link rel=\"canonical\" href=\"https:\/\/denborg.nl\/de\/angebot\/\" \/>\n<meta property=\"og:locale\" content=\"de_DE\" \/>\n<meta property=\"og:type\" content=\"article\" \/>\n<meta property=\"og:title\" content=\"Angebot | Den Borg Recreatie\" \/>\n<meta property=\"og:description\" content=\"Camping Card Achterhoek Dies wurde exklusiv von und f\u00fcr die angeschlossenen Campingpl\u00e4tze auf der Website Camping in der Achterhoek entwickelt. Gegen Vorlage dieser Karte zahlt der Karteninhaber\/Camper in der Vor- und Nachsaison einen erm\u00e4\u00dfigten Tarif. Mit der Camping Card Achterhoek haben Sie Anspruch auf: Campingkartenpreis: \u20ac 20,00 Mit der Karte erhalten Sie au\u00dferdem Erm\u00e4\u00dfigungen f\u00fcr [&hellip;]\" \/>\n<meta property=\"og:url\" content=\"https:\/\/denborg.nl\/de\/angebot\/\" \/>\n<meta property=\"og:site_name\" content=\"Den Borg Recreatie\" \/>\n<meta property=\"article:modified_time\" content=\"2025-05-26T12:28:29+00:00\" \/>\n<meta property=\"og:image\" content=\"https:\/\/denborg.nl\/wp-content\/uploads\/2025\/03\/201010051520261.avif\" \/>\n\t<meta property=\"og:image:width\" content=\"667\" \/>\n\t<meta property=\"og:image:height\" content=\"500\" \/>\n\t<meta property=\"og:image:type\" content=\"image\/jpeg\" \/>\n<meta name=\"twitter:card\" content=\"summary_large_image\" \/>\n<meta name=\"twitter:label1\" content=\"Gesch\u00e4tzte Lesezeit\" \/>\n\t<meta name=\"twitter:data1\" content=\"1\u00a0Minute\" \/>\n<script type=\"application\/ld+json\" class=\"yoast-schema-graph\">{\"@context\":\"https:\/\/schema.org\",\"@graph\":[{\"@type\":\"WebPage\",\"@id\":\"https:\/\/denborg.nl\/de\/angebot\/\",\"url\":\"https:\/\/denborg.nl\/de\/angebot\/\",\"name\":\"Angebot | Den Borg Recreatie\",\"isPartOf\":{\"@id\":\"https:\/\/denborg.nl\/#website\"},\"primaryImageOfPage\":{\"@id\":\"https:\/\/denborg.nl\/de\/angebot\/#primaryimage\"},\"image\":{\"@id\":\"https:\/\/denborg.nl\/de\/angebot\/#primaryimage\"},\"thumbnailUrl\":\"https:\/\/denborg.nl\/wp-content\/uploads\/2025\/03\/201010051520261.avif\",\"datePublished\":\"2025-03-14T08:56:18+00:00\",\"dateModified\":\"2025-05-26T12:28:29+00:00\",\"breadcrumb\":{\"@id\":\"https:\/\/denborg.nl\/de\/angebot\/#breadcrumb\"},\"inLanguage\":\"de\",\"potentialAction\":[{\"@type\":\"ReadAction\",\"target\":[\"https:\/\/denborg.nl\/de\/angebot\/\"]}]},{\"@type\":\"ImageObject\",\"inLanguage\":\"de\",\"@id\":\"https:\/\/denborg.nl\/de\/angebot\/#primaryimage\",\"url\":\"https:\/\/denborg.nl\/wp-content\/uploads\/2025\/03\/201010051520261.avif\",\"contentUrl\":\"https:\/\/denborg.nl\/wp-content\/uploads\/2025\/03\/201010051520261.avif\",\"width\":667,\"height\":500},{\"@type\":\"BreadcrumbList\",\"@id\":\"https:\/\/denborg.nl\/de\/angebot\/#breadcrumb\",\"itemListElement\":[{\"@type\":\"ListItem\",\"position\":1,\"name\":\"Home\",\"item\":\"https:\/\/denborg.nl\/de\/\"},{\"@type\":\"ListItem\",\"position\":2,\"name\":\"Angebot\"}]},{\"@type\":\"WebSite\",\"@id\":\"https:\/\/denborg.nl\/#website\",\"url\":\"https:\/\/denborg.nl\/\",\"name\":\"Den Borg Recreatie\",\"description\":\"\",\"publisher\":{\"@id\":\"https:\/\/denborg.nl\/#organization\"},\"alternateName\":\"Den Borg Recreatie\",\"potentialAction\":[{\"@type\":\"SearchAction\",\"target\":{\"@type\":\"EntryPoint\",\"urlTemplate\":\"https:\/\/denborg.nl\/?s={search_term_string}\"},\"query-input\":{\"@type\":\"PropertyValueSpecification\",\"valueRequired\":true,\"valueName\":\"search_term_string\"}}],\"inLanguage\":\"de\"},{\"@type\":\"Organization\",\"@id\":\"https:\/\/denborg.nl\/#organization\",\"name\":\"Den Borg Recreatie\",\"alternateName\":\"Den Borg Recreatie\",\"url\":\"https:\/\/denborg.nl\/\",\"logo\":{\"@type\":\"ImageObject\",\"inLanguage\":\"de\",\"@id\":\"https:\/\/denborg.nl\/#\/schema\/logo\/image\/\",\"url\":\"https:\/\/denborg.nl\/wp-content\/uploads\/2024\/11\/logo-png.webp\",\"contentUrl\":\"https:\/\/denborg.nl\/wp-content\/uploads\/2024\/11\/logo-png.webp\",\"width\":143,\"height\":181,\"caption\":\"Den Borg Recreatie\"},\"image\":{\"@id\":\"https:\/\/denborg.nl\/#\/schema\/logo\/image\/\"}}]}<\/script>\n<!-- \/ Yoast SEO plugin. -->","yoast_head_json":{"title":"Angebot | Den Borg Recreatie","robots":{"index":"index","follow":"follow","max-snippet":"max-snippet:-1","max-image-preview":"max-image-preview:large","max-video-preview":"max-video-preview:-1"},"canonical":"https:\/\/denborg.nl\/de\/angebot\/","og_locale":"de_DE","og_type":"article","og_title":"Angebot | Den Borg Recreatie","og_description":"Camping Card Achterhoek Dies wurde exklusiv von und f\u00fcr die angeschlossenen Campingpl\u00e4tze auf der Website Camping in der Achterhoek entwickelt. Gegen Vorlage dieser Karte zahlt der Karteninhaber\/Camper in der Vor- und Nachsaison einen erm\u00e4\u00dfigten Tarif. Mit der Camping Card Achterhoek haben Sie Anspruch auf: Campingkartenpreis: \u20ac 20,00 Mit der Karte erhalten Sie au\u00dferdem Erm\u00e4\u00dfigungen f\u00fcr [&hellip;]","og_url":"https:\/\/denborg.nl\/de\/angebot\/","og_site_name":"Den Borg Recreatie","article_modified_time":"2025-05-26T12:28:29+00:00","og_image":[{"width":667,"height":500,"url":"https:\/\/denborg.nl\/wp-content\/uploads\/2025\/03\/201010051520261.avif","type":"image\/jpeg"}],"twitter_card":"summary_large_image","twitter_misc":{"Gesch\u00e4tzte Lesezeit":"1\u00a0Minute"},"schema":{"@context":"https:\/\/schema.org","@graph":[{"@type":"WebPage","@id":"https:\/\/denborg.nl\/de\/angebot\/","url":"https:\/\/denborg.nl\/de\/angebot\/","name":"Angebot | Den Borg Recreatie","isPartOf":{"@id":"https:\/\/denborg.nl\/#website"},"primaryImageOfPage":{"@id":"https:\/\/denborg.nl\/de\/angebot\/#primaryimage"},"image":{"@id":"https:\/\/denborg.nl\/de\/angebot\/#primaryimage"},"thumbnailUrl":"https:\/\/denborg.nl\/wp-content\/uploads\/2025\/03\/201010051520261.avif","datePublished":"2025-03-14T08:56:18+00:00","dateModified":"2025-05-26T12:28:29+00:00","breadcrumb":{"@id":"https:\/\/denborg.nl\/de\/angebot\/#breadcrumb"},"inLanguage":"de","potentialAction":[{"@type":"ReadAction","target":["https:\/\/denborg.nl\/de\/angebot\/"]}]},{"@type":"ImageObject","inLanguage":"de","@id":"https:\/\/denborg.nl\/de\/angebot\/#primaryimage","url":"https:\/\/denborg.nl\/wp-content\/uploads\/2025\/03\/201010051520261.avif","contentUrl":"https:\/\/denborg.nl\/wp-content\/uploads\/2025\/03\/201010051520261.avif","width":667,"height":500},{"@type":"BreadcrumbList","@id":"https:\/\/denborg.nl\/de\/angebot\/#breadcrumb","itemListElement":[{"@type":"ListItem","position":1,"name":"Home","item":"https:\/\/denborg.nl\/de\/"},{"@type":"ListItem","position":2,"name":"Angebot"}]},{"@type":"WebSite","@id":"https:\/\/denborg.nl\/#website","url":"https:\/\/denborg.nl\/","name":"Den Borg Recreatie","description":"","publisher":{"@id":"https:\/\/denborg.nl\/#organization"},"alternateName":"Den Borg Recreatie","potentialAction":[{"@type":"SearchAction","target":{"@type":"EntryPoint","urlTemplate":"https:\/\/denborg.nl\/?s={search_term_string}"},"query-input":{"@type":"PropertyValueSpecification","valueRequired":true,"valueName":"search_term_string"}}],"inLanguage":"de"},{"@type":"Organization","@id":"https:\/\/denborg.nl\/#organization","name":"Den Borg Recreatie","alternateName":"Den Borg Recreatie","url":"https:\/\/denborg.nl\/","logo":{"@type":"ImageObject","inLanguage":"de","@id":"https:\/\/denborg.nl\/#\/schema\/logo\/image\/","url":"https:\/\/denborg.nl\/wp-content\/uploads\/2024\/11\/logo-png.webp","contentUrl":"https:\/\/denborg.nl\/wp-content\/uploads\/2024\/11\/logo-png.webp","width":143,"height":181,"caption":"Den Borg Recreatie"},"image":{"@id":"https:\/\/denborg.nl\/#\/schema\/logo\/image\/"}}]}},"_links":{"self":[{"href":"https:\/\/denborg.nl\/de\/wp-json\/wp\/v2\/pages\/2874","targetHints":{"allow":["GET"]}}],"collection":[{"href":"https:\/\/denborg.nl\/de\/wp-json\/wp\/v2\/pages"}],"about":[{"href":"https:\/\/denborg.nl\/de\/wp-json\/wp\/v2\/types\/page"}],"author":[{"embeddable":true,"href":"https:\/\/denborg.nl\/de\/wp-json\/wp\/v2\/users\/1"}],"replies":[{"embeddable":true,"href":"https:\/\/denborg.nl\/de\/wp-json\/wp\/v2\/comments?post=2874"}],"version-history":[{"count":2,"href":"https:\/\/denborg.nl\/de\/wp-json\/wp\/v2\/pages\/2874\/revisions"}],"predecessor-version":[{"id":2953,"href":"https:\/\/denborg.nl\/de\/wp-json\/wp\/v2\/pages\/2874\/revisions\/2953"}],"wp:featuredmedia":[{"embeddable":true,"href":"https:\/\/denborg.nl\/de\/wp-json\/wp\/v2\/media\/2846"}],"wp:attachment":[{"href":"https:\/\/denborg.nl\/de\/wp-json\/wp\/v2\/media?parent=2874"}],"curies":[{"name":"wp","href":"https:\/\/api.w.org\/{rel}","templated":true}]}}