{"id":2863,"date":"2023-10-25T13:41:56","date_gmt":"2023-10-25T13:41:56","guid":{"rendered":"https:\/\/denborg.nl\/?page_id=2863"},"modified":"2025-07-08T07:09:29","modified_gmt":"2025-07-08T07:09:29","slug":"home","status":"publish","type":"page","link":"https:\/\/denborg.nl\/de\/","title":{"rendered":"Home"},"content":{"rendered":"<style type=\"text\/css\">\n    .header-heights {\n        height: 65vh;\n    }\n    .header-heights.home {\n        height: 80vh;\n    }\n    @media (max-width: 767px) {\n        .header-heights {\n            height: 30vh;\n        }\n        .header-heights.home {\n            height: 50vh;\n        }\n    }\n<\/style><section class=\"header-img\">\n        <div class=\"img-inner header-heights\" style=\"background-image: url(https:\/\/denborg.nl\/wp-content\/uploads\/2023\/10\/top_header-1600x900.webp);\"><div class=\"header_txt\">\n                <h3>Der Gelderse Achterhoek<\/h3>\n                <h2>eines der sch\u00f6nsten Naturgebiete der Niederlande<\/h2><\/div><div class=\"container zb-container\"><\/div><\/div><\/section>\n\n\n<div class=\"wp-block-columns is-layout-flex wp-container-core-columns-is-layout-9d6595d7 wp-block-columns-is-layout-flex\">\n<div class=\"wp-block-column is-layout-flow wp-block-column-is-layout-flow\" style=\"flex-basis:66.66%\">\n<h1 class=\"wp-block-heading\">Der Gelderse Achterhoek<\/h1>\n\n\n\n<p>Camping Den Borg ist ein Campingplatz f\u00fcr Jung und Alt und liegt etwas au\u00dferhalb von Rekken im Gelderse Achterhoek, nur 1 Kilometer von der deutschen Grenze entfernt, zwischen Winterwijk und Enschede. Der Campingplatz ist 8 Hektar gro\u00df und in mehrere separate, gesch\u00fctzte Campingfelder mit einer sch\u00f6nen Rasenfl\u00e4che unterteilt, die jeweils von einem bewaldeten Wall umgeben sind.<\/p>\n\n\n\n<p>Es gibt getrennte Bereiche f\u00fcr Touristen- und Dauercamper. Im Wald haben wir sch\u00f6ne, ger\u00e4umige Pl\u00e4tze ausschlie\u00dflich f\u00fcr Touristencamping. G\u00e4ste, die sich beim Camping etwas mehr Luxus w\u00fcnschen, k\u00f6nnen unsere Komfortpl\u00e4tze mit eigener Toilette und Waschgelegenheit nutzen. Es sind gute sanit\u00e4re Anlagen vorhanden.<\/p>\n<\/div>\n\n\n\n<div class=\"wp-block-column is-layout-flow wp-block-column-is-layout-flow\" style=\"flex-basis:33.33%\"><div class=\"shield-img\"><img decoding=\"async\" src=\"https:\/\/denborg.nl\/wp-content\/uploads\/2025\/03\/Den-Borg-Recreatie_Camping_Groepsaccommodatie_3-1-750x500.avif\" alt=\"\"><\/div><\/div>\n<\/div>\n\n\n<div class=\"overzicht-full-width bgblue klein\"><div class=\"container\"><div class=\"overview-txt\"><h3>Unsere Stellpl\u00e4tze<\/h3><p>Unser Campingplatz bietet ger\u00e4umige und gr\u00fcne Stellpl\u00e4tze, die sowohl f\u00fcr Touristencamper als auch f\u00fcr G\u00e4ste mit einem Saison- oder Jahresplatz geeignet sind.<\/p>\n<\/div><div class=\"overzicht-archive row tz-blocks\"><a href=\"https:\/\/denborg.nl\/de\/unterkunte\/jahresplaetze\/\" class=\"col-blocks-3 tz-arrangementen-item\"><img decoding=\"async\" src=\"https:\/\/denborg.nl\/wp-content\/uploads\/2025\/07\/DenBorg_3-750x499.webp\" alt=\"\" class=\"attachment-medium size-medium not-transparent wp-post-image\"><div class=\"overview-text\"><h3>Jahrespl\u00e4tze<\/h3><span class=\"btn read-more\">Mehr lesen<\/span><\/div><\/a><a href=\"https:\/\/denborg.nl\/de\/unterkunte\/saisonplatz\/\" class=\"col-blocks-3 tz-arrangementen-item\"><img decoding=\"async\" src=\"https:\/\/denborg.nl\/wp-content\/uploads\/2025\/07\/DenBorg_20-750x499.webp\" alt=\"\" class=\"attachment-medium size-medium not-transparent wp-post-image\"><div class=\"overview-text\"><h3>Saisonpl\u00e4tze<\/h3><span class=\"btn read-more\">Mehr lesen<\/span><\/div><\/a><a href=\"https:\/\/denborg.nl\/de\/camping\/\" class=\"col-blocks-3 tz-arrangementen-item\"><img decoding=\"async\" src=\"https:\/\/denborg.nl\/wp-content\/uploads\/2025\/07\/DenBorg_1-1-750x499.webp\" alt=\"\" class=\"attachment-medium size-medium not-transparent wp-post-image\"><div class=\"overview-text\"><h3>Touristisches Camping<\/h3><span class=\"btn read-more\">Mehr lesen<\/span><\/div><\/a><\/div><\/div><\/div>\n\n\n<div class=\"wp-block-columns vierblokkencolumn is-layout-flex wp-container-core-columns-is-layout-9d6595d7 wp-block-columns-is-layout-flex\">\n<div class=\"wp-block-column is-layout-flow wp-block-column-is-layout-flow\"><div class=\"overzicht-vierkant vierkant klein\"><div class=\"container\"><div class=\"overzicht-archive row tz-blocks\"><a href=\"https:\/\/denborg.nl\/de\/einrichtungen\/\" class=\"col-blocks-2 tz-arrangementen-item\"><img decoding=\"async\" src=\"https:\/\/denborg.nl\/wp-content\/uploads\/2025\/03\/Den-Borg-Recreatie_Camping_Groepsaccommodatie_8-1-500x750.avif\" alt=\"\" class=\"attachment-medium size-medium not-transparent wp-post-image\"><div class=\"overview-text\"><h3>Schwimmbad<\/h3><span class=\"btn read-more\">Mehr lesen<\/span><\/div><\/a><a href=\"https:\/\/denborg.nl\/de\/einrichtungen\/\" class=\"col-blocks-2 tz-arrangementen-item\"><img decoding=\"async\" src=\"https:\/\/denborg.nl\/wp-content\/uploads\/2025\/07\/IMG_9242-1-506x750.webp\" alt=\"\" class=\"attachment-medium size-medium not-transparent wp-post-image\"><div class=\"overview-text\"><h3>Animation<\/h3><span class=\"btn read-more\">Mehr lesen<\/span><\/div><\/a><a href=\"https:\/\/denborg.nl\/de\/einrichtungen\/\" class=\"col-blocks-2 tz-arrangementen-item\"><img decoding=\"async\" src=\"https:\/\/denborg.nl\/wp-content\/uploads\/2025\/03\/Den-Borg-Recreatie_Camping_Groepsaccommodatie_3-1-750x500.avif\" alt=\"\" class=\"attachment-medium size-medium not-transparent wp-post-image\"><div class=\"overview-text\"><h3>Gastfreundschaft<\/h3><span class=\"btn read-more\">Mehr lesen<\/span><\/div><\/a><a href=\"https:\/\/denborg.nl\/de\/einrichtungen\/\" class=\"col-blocks-2 tz-arrangementen-item\"><img decoding=\"async\" src=\"https:\/\/denborg.nl\/wp-content\/uploads\/2025\/03\/Den-Borg-Recreatie_Camping_Groepsaccommodatie_6-2-500x750.avif\" alt=\"\" class=\"attachment-medium size-medium not-transparent wp-post-image\"><div class=\"overview-text\"><h3>Spielplatz<\/h3><span class=\"btn read-more\">Mehr lesen<\/span><\/div><\/a><\/div><\/div><\/div><\/div>\n\n\n\n<div class=\"wp-block-column is-layout-flow wp-block-column-is-layout-flow\">\n<h2 class=\"wp-block-heading\">Einrichtungen<\/h2>\n\n\n\n<ul class=\"wp-block-list\">\n<li>gute sanit\u00e4re Einrichtungen<\/li>\n\n\n\n<li>gem\u00fctliche Kantine mit \u00fcberdachter Terrasse<\/li>\n\n\n\n<li>Lagerladen mit t\u00e4glich frisch gebackenen Br\u00f6tchen<\/li>\n\n\n\n<li>Snackbar<\/li>\n\n\n\n<li>Waschsalon<\/li>\n\n\n\n<li>Gel\u00e4ndebeleuchtung<\/li>\n\n\n\n<li>Sportplatz<\/li>\n\n\n\n<li>Spielplatz<\/li>\n\n\n\n<li>Jugendclub<\/li>\n\n\n\n<li>Streichelzoo<\/li>\n\n\n\n<li>Verleih von Fahrr\u00e4dern und Kanus<\/li>\n\n\n\n<li>Indoor-Spielanlage<\/li>\n\n\n\n<li>Freizeitteam w\u00e4hrend der Schulferien<\/li>\n\n\n\n<li>kostenloses WLAN auf dem gesamten Campingplatz<\/li>\n\n\n\n<li>H\u00fcpfburg<\/li>\n<\/ul>\n<\/div>\n<\/div>\n\n\n\n<div class=\"wp-block-columns customholli is-layout-flex wp-container-core-columns-is-layout-9d6595d7 wp-block-columns-is-layout-flex\">\n<div class=\"wp-block-column customholi is-layout-flow wp-block-column-is-layout-flow\"><\/div>\n<\/div>\n\n\n<style type=\"text\/css\">\n    .omgeving-height {\n        height: 80vh;\n    }\n    @media (max-width: 767px) {\n        .omgeving-height {\n            height: 50vh;\n        }\n    }\n<\/style><section class=\"omgeving omgeving-full-width\">\n        <div class=\"omgeving-inner omgeving-height\" style=\"background-image: url(https:\/\/denborg.nl\/wp-content\/uploads\/2023\/10\/eindfoto-1600x900.webp);\"><div class=\"omgeving-text\">\n                <div class=\"text\"><h3>Entdecken Sie die Achterhoek in Gelderland<\/h3>\n<p>Unser Campingplatz liegt in einer wundersch\u00f6nen Region mit abwechslungsreicher Natur und charmanten D\u00f6rfern. Erkunden Sie kurvenreiche Radwege, wandern Sie durch ausgedehnte W\u00e4lder oder genie\u00dfen Sie die Ruhe am Wasser. Es gibt immer etwas Sch\u00f6nes zu entdecken.<\/p>\n<\/div><a href=\"https:\/\/denborg.nl\/de\/umgebung\/\" class=\"btn\">Umgebung<\/a><\/div><\/div><\/section>","protected":false},"excerpt":{"rendered":"<p>Der Gelderse Achterhoek Camping Den Borg ist ein Campingplatz f\u00fcr Jung und Alt und liegt etwas au\u00dferhalb von Rekken im Gelderse Achterhoek, nur 1 Kilometer von der deutschen Grenze entfernt, zwischen Winterwijk und Enschede. Der Campingplatz ist 8 Hektar gro\u00df und in mehrere separate, gesch\u00fctzte Campingfelder mit einer sch\u00f6nen Rasenfl\u00e4che unterteilt, die jeweils von einem [&hellip;]<\/p>\n","protected":false},"author":1,"featured_media":2803,"parent":0,"menu_order":0,"comment_status":"closed","ping_status":"closed","template":"","meta":{"_acf_changed":false,"footnotes":""},"class_list":["post-2863","page","type-page","status-publish","has-post-thumbnail","hentry"],"acf":[],"yoast_head":"<!-- This site is optimized with the Yoast SEO plugin v25.7 - https:\/\/yoast.com\/wordpress\/plugins\/seo\/ -->\n<title>Den Borg Recreatie<\/title>\n<meta name=\"description\" content=\"Camping den Borg im Gelderse Achterhoek | \u2705 Campingladen \u2705 Snackbar \u2705 Schwimmbad \u2705 Unterhaltung \u2705 Streichelzoo \u2705 Gute Einrichtungen\" \/>\n<meta name=\"robots\" content=\"index, follow, max-snippet:-1, max-image-preview:large, max-video-preview:-1\" \/>\n<link rel=\"canonical\" href=\"https:\/\/denborg.nl\/de\/\" \/>\n<meta property=\"og:locale\" content=\"de_DE\" \/>\n<meta property=\"og:type\" content=\"article\" \/>\n<meta property=\"og:title\" content=\"Den Borg Recreatie\" \/>\n<meta property=\"og:description\" content=\"Camping den Borg im Gelderse Achterhoek | \u2705 Campingladen \u2705 Snackbar \u2705 Schwimmbad \u2705 Unterhaltung \u2705 Streichelzoo \u2705 Gute Einrichtungen\" \/>\n<meta property=\"og:url\" content=\"https:\/\/denborg.nl\/de\/\" \/>\n<meta property=\"og:site_name\" content=\"Den Borg Recreatie\" \/>\n<meta property=\"article:modified_time\" content=\"2025-07-08T07:09:29+00:00\" \/>\n<meta property=\"og:image\" content=\"https:\/\/denborg.nl\/wp-content\/uploads\/2025\/03\/Den-Borg-Recreatie_Camping_Groepsaccommodatie_7.avif\" \/>\n\t<meta property=\"og:image:width\" content=\"2500\" \/>\n\t<meta property=\"og:image:height\" content=\"1667\" \/>\n\t<meta property=\"og:image:type\" content=\"image\/jpeg\" \/>\n<meta name=\"twitter:card\" content=\"summary_large_image\" \/>\n<meta name=\"twitter:label1\" content=\"Gesch\u00e4tzte Lesezeit\" \/>\n\t<meta name=\"twitter:data1\" content=\"1\u00a0Minute\" \/>\n<script type=\"application\/ld+json\" class=\"yoast-schema-graph\">{\"@context\":\"https:\/\/schema.org\",\"@graph\":[{\"@type\":\"WebPage\",\"@id\":\"https:\/\/denborg.nl\/de\/\",\"url\":\"https:\/\/denborg.nl\/de\/\",\"name\":\"Den Borg Recreatie\",\"isPartOf\":{\"@id\":\"https:\/\/denborg.nl\/#website\"},\"primaryImageOfPage\":{\"@id\":\"https:\/\/denborg.nl\/de\/#primaryimage\"},\"image\":{\"@id\":\"https:\/\/denborg.nl\/de\/#primaryimage\"},\"thumbnailUrl\":\"https:\/\/denborg.nl\/wp-content\/uploads\/2025\/03\/Den-Borg-Recreatie_Camping_Groepsaccommodatie_7.avif\",\"datePublished\":\"2023-10-25T13:41:56+00:00\",\"dateModified\":\"2025-07-08T07:09:29+00:00\",\"description\":\"Camping den Borg im Gelderse Achterhoek | \u2705 Campingladen \u2705 Snackbar \u2705 Schwimmbad \u2705 Unterhaltung \u2705 Streichelzoo \u2705 Gute Einrichtungen\",\"breadcrumb\":{\"@id\":\"https:\/\/denborg.nl\/de\/#breadcrumb\"},\"inLanguage\":\"de\",\"potentialAction\":[{\"@type\":\"ReadAction\",\"target\":[\"https:\/\/denborg.nl\/de\/\"]}]},{\"@type\":\"ImageObject\",\"inLanguage\":\"de\",\"@id\":\"https:\/\/denborg.nl\/de\/#primaryimage\",\"url\":\"https:\/\/denborg.nl\/wp-content\/uploads\/2025\/03\/Den-Borg-Recreatie_Camping_Groepsaccommodatie_7.avif\",\"contentUrl\":\"https:\/\/denborg.nl\/wp-content\/uploads\/2025\/03\/Den-Borg-Recreatie_Camping_Groepsaccommodatie_7.avif\",\"width\":2500,\"height\":1667},{\"@type\":\"BreadcrumbList\",\"@id\":\"https:\/\/denborg.nl\/de\/#breadcrumb\",\"itemListElement\":[{\"@type\":\"ListItem\",\"position\":1,\"name\":\"Home\",\"item\":\"https:\/\/denborg.nl\/de\/\"},{\"@type\":\"ListItem\",\"position\":2,\"name\":\"Home\"}]},{\"@type\":\"WebSite\",\"@id\":\"https:\/\/denborg.nl\/#website\",\"url\":\"https:\/\/denborg.nl\/\",\"name\":\"Den Borg Recreatie\",\"description\":\"\",\"publisher\":{\"@id\":\"https:\/\/denborg.nl\/#organization\"},\"alternateName\":\"Den Borg Recreatie\",\"potentialAction\":[{\"@type\":\"SearchAction\",\"target\":{\"@type\":\"EntryPoint\",\"urlTemplate\":\"https:\/\/denborg.nl\/?s={search_term_string}\"},\"query-input\":{\"@type\":\"PropertyValueSpecification\",\"valueRequired\":true,\"valueName\":\"search_term_string\"}}],\"inLanguage\":\"de\"},{\"@type\":\"Organization\",\"@id\":\"https:\/\/denborg.nl\/#organization\",\"name\":\"Den Borg Recreatie\",\"alternateName\":\"Den Borg Recreatie\",\"url\":\"https:\/\/denborg.nl\/\",\"logo\":{\"@type\":\"ImageObject\",\"inLanguage\":\"de\",\"@id\":\"https:\/\/denborg.nl\/#\/schema\/logo\/image\/\",\"url\":\"https:\/\/denborg.nl\/wp-content\/uploads\/2024\/11\/logo-png.webp\",\"contentUrl\":\"https:\/\/denborg.nl\/wp-content\/uploads\/2024\/11\/logo-png.webp\",\"width\":143,\"height\":181,\"caption\":\"Den Borg Recreatie\"},\"image\":{\"@id\":\"https:\/\/denborg.nl\/#\/schema\/logo\/image\/\"}}]}<\/script>\n<!-- \/ Yoast SEO plugin. -->","yoast_head_json":{"title":"Den Borg Recreatie","description":"Camping den Borg im Gelderse Achterhoek | \u2705 Campingladen \u2705 Snackbar \u2705 Schwimmbad \u2705 Unterhaltung \u2705 Streichelzoo \u2705 Gute Einrichtungen","robots":{"index":"index","follow":"follow","max-snippet":"max-snippet:-1","max-image-preview":"max-image-preview:large","max-video-preview":"max-video-preview:-1"},"canonical":"https:\/\/denborg.nl\/de\/","og_locale":"de_DE","og_type":"article","og_title":"Den Borg Recreatie","og_description":"Camping den Borg im Gelderse Achterhoek | \u2705 Campingladen \u2705 Snackbar \u2705 Schwimmbad \u2705 Unterhaltung \u2705 Streichelzoo \u2705 Gute Einrichtungen","og_url":"https:\/\/denborg.nl\/de\/","og_site_name":"Den Borg Recreatie","article_modified_time":"2025-07-08T07:09:29+00:00","og_image":[{"width":2500,"height":1667,"url":"https:\/\/denborg.nl\/wp-content\/uploads\/2025\/03\/Den-Borg-Recreatie_Camping_Groepsaccommodatie_7.avif","type":"image\/jpeg"}],"twitter_card":"summary_large_image","twitter_misc":{"Gesch\u00e4tzte Lesezeit":"1\u00a0Minute"},"schema":{"@context":"https:\/\/schema.org","@graph":[{"@type":"WebPage","@id":"https:\/\/denborg.nl\/de\/","url":"https:\/\/denborg.nl\/de\/","name":"Den Borg Recreatie","isPartOf":{"@id":"https:\/\/denborg.nl\/#website"},"primaryImageOfPage":{"@id":"https:\/\/denborg.nl\/de\/#primaryimage"},"image":{"@id":"https:\/\/denborg.nl\/de\/#primaryimage"},"thumbnailUrl":"https:\/\/denborg.nl\/wp-content\/uploads\/2025\/03\/Den-Borg-Recreatie_Camping_Groepsaccommodatie_7.avif","datePublished":"2023-10-25T13:41:56+00:00","dateModified":"2025-07-08T07:09:29+00:00","description":"Camping den Borg im Gelderse Achterhoek | \u2705 Campingladen \u2705 Snackbar \u2705 Schwimmbad \u2705 Unterhaltung \u2705 Streichelzoo \u2705 Gute Einrichtungen","breadcrumb":{"@id":"https:\/\/denborg.nl\/de\/#breadcrumb"},"inLanguage":"de","potentialAction":[{"@type":"ReadAction","target":["https:\/\/denborg.nl\/de\/"]}]},{"@type":"ImageObject","inLanguage":"de","@id":"https:\/\/denborg.nl\/de\/#primaryimage","url":"https:\/\/denborg.nl\/wp-content\/uploads\/2025\/03\/Den-Borg-Recreatie_Camping_Groepsaccommodatie_7.avif","contentUrl":"https:\/\/denborg.nl\/wp-content\/uploads\/2025\/03\/Den-Borg-Recreatie_Camping_Groepsaccommodatie_7.avif","width":2500,"height":1667},{"@type":"BreadcrumbList","@id":"https:\/\/denborg.nl\/de\/#breadcrumb","itemListElement":[{"@type":"ListItem","position":1,"name":"Home","item":"https:\/\/denborg.nl\/de\/"},{"@type":"ListItem","position":2,"name":"Home"}]},{"@type":"WebSite","@id":"https:\/\/denborg.nl\/#website","url":"https:\/\/denborg.nl\/","name":"Den Borg Recreatie","description":"","publisher":{"@id":"https:\/\/denborg.nl\/#organization"},"alternateName":"Den Borg Recreatie","potentialAction":[{"@type":"SearchAction","target":{"@type":"EntryPoint","urlTemplate":"https:\/\/denborg.nl\/?s={search_term_string}"},"query-input":{"@type":"PropertyValueSpecification","valueRequired":true,"valueName":"search_term_string"}}],"inLanguage":"de"},{"@type":"Organization","@id":"https:\/\/denborg.nl\/#organization","name":"Den Borg Recreatie","alternateName":"Den Borg Recreatie","url":"https:\/\/denborg.nl\/","logo":{"@type":"ImageObject","inLanguage":"de","@id":"https:\/\/denborg.nl\/#\/schema\/logo\/image\/","url":"https:\/\/denborg.nl\/wp-content\/uploads\/2024\/11\/logo-png.webp","contentUrl":"https:\/\/denborg.nl\/wp-content\/uploads\/2024\/11\/logo-png.webp","width":143,"height":181,"caption":"Den Borg Recreatie"},"image":{"@id":"https:\/\/denborg.nl\/#\/schema\/logo\/image\/"}}]}},"_links":{"self":[{"href":"https:\/\/denborg.nl\/de\/wp-json\/wp\/v2\/pages\/2863","targetHints":{"allow":["GET"]}}],"collection":[{"href":"https:\/\/denborg.nl\/de\/wp-json\/wp\/v2\/pages"}],"about":[{"href":"https:\/\/denborg.nl\/de\/wp-json\/wp\/v2\/types\/page"}],"author":[{"embeddable":true,"href":"https:\/\/denborg.nl\/de\/wp-json\/wp\/v2\/users\/1"}],"replies":[{"embeddable":true,"href":"https:\/\/denborg.nl\/de\/wp-json\/wp\/v2\/comments?post=2863"}],"version-history":[{"count":4,"href":"https:\/\/denborg.nl\/de\/wp-json\/wp\/v2\/pages\/2863\/revisions"}],"predecessor-version":[{"id":3036,"href":"https:\/\/denborg.nl\/de\/wp-json\/wp\/v2\/pages\/2863\/revisions\/3036"}],"wp:featuredmedia":[{"embeddable":true,"href":"https:\/\/denborg.nl\/de\/wp-json\/wp\/v2\/media\/2803"}],"wp:attachment":[{"href":"https:\/\/denborg.nl\/de\/wp-json\/wp\/v2\/media?parent=2863"}],"curies":[{"name":"wp","href":"https:\/\/api.w.org\/{rel}","templated":true}]}}